{"id":6763,"date":"2020-08-18T11:02:54","date_gmt":"2020-08-18T09:02:54","guid":{"rendered":"https:\/\/manestrini.it\/prodotti\/unkategorisiert\/condimento-pepe-nero\/"},"modified":"2024-01-22T00:00:41","modified_gmt":"2024-01-21T23:00:41","slug":"schwarzes-pfeffer-dressing","status":"publish","type":"product","link":"https:\/\/manestrini.it\/de\/schwarzes-pfeffer-dressing\/","title":{"rendered":"Schwarzes Pfeffer-Dressing"},"content":{"rendered":"","protected":false},"excerpt":{"rendered":"<h2>(<strong>auf Basis von Nativem Oliven\u00f6l Extra<\/strong>)<\/h2>\n<h3>0,250 lt<\/h3>\n<p><i><span style=\"font-weight: 400;\">100% italienisches Natives Oliven\u00f6l Extra, angereichert durch die Verwendung nat\u00fcrlicher Aromen, f\u00fcr ein Schwarzes Pfeffer-Dressing, das sich hervorragend als Dressing f\u00fcr Salate, Fleisch, Caprese-Gerichte, Gem\u00fcsesuppen und Risottos eignet.<\/span><\/i><\/p>\n","protected":false},"featured_media":3071,"template":"","meta":{"_acf_changed":false},"product_brand":[],"product_cat":[1534,203],"product_tag":[],"class_list":{"0":"post-6763","1":"product","2":"type-product","3":"status-publish","4":"has-post-thumbnail","6":"product_cat-aktionen","7":"product_cat-gewuerze","9":"first","10":"instock","11":"shipping-taxable","12":"purchasable","13":"product-type-simple"},"acf":[],"yoast_head":"<!-- This site is optimized with the Yoast SEO plugin v26.4 - https:\/\/yoast.com\/wordpress\/plugins\/seo\/ -->\n<title>Schwarzes Pfeffer-Dressing - Frantoio Manestrini<\/title>\n<meta name=\"robots\" content=\"index, follow, max-snippet:-1, max-image-preview:large, max-video-preview:-1\" \/>\n<link rel=\"canonical\" href=\"https:\/\/manestrini.it\/olio-al-pepe-nero\/\" \/>\n<meta property=\"og:locale\" content=\"de_DE\" \/>\n<meta property=\"og:type\" content=\"article\" \/>\n<meta property=\"og:title\" content=\"Schwarzes Pfeffer-Dressing - Frantoio Manestrini\" \/>\n<meta property=\"og:description\" content=\"(auf Basis von Nativem Oliven\u00f6l Extra) 0,250 lt 100% italienisches Natives Oliven\u00f6l Extra, angereichert durch die Verwendung nat\u00fcrlicher Aromen, f\u00fcr ein Schwarzes Pfeffer-Dressing, das sich hervorragend als Dressing f\u00fcr Salate, Fleisch, Caprese-Gerichte, Gem\u00fcsesuppen und Risottos eignet.\" \/>\n<meta property=\"og:url\" content=\"https:\/\/manestrini.it\/olio-al-pepe-nero\/\" \/>\n<meta property=\"og:site_name\" content=\"Frantoio Manestrini\" \/>\n<meta property=\"article:modified_time\" content=\"2024-01-21T23:00:41+00:00\" \/>\n<meta property=\"og:image\" content=\"https:\/\/manestrini.it\/wp-content\/uploads\/2020\/08\/FrantoioManestrini-Prodotti-CondimentiAromatizzatiaBasediOlioExtraVergineOliva-Pepenero-lattina-025lt-1.png\" \/>\n\t<meta property=\"og:image:width\" content=\"950\" \/>\n\t<meta property=\"og:image:height\" content=\"950\" \/>\n\t<meta property=\"og:image:type\" content=\"image\/png\" \/>\n<meta name=\"twitter:card\" content=\"summary_large_image\" \/>\n<script type=\"application\/ld+json\" class=\"yoast-schema-graph\">{\"@context\":\"https:\/\/schema.org\",\"@graph\":[{\"@type\":\"WebPage\",\"@id\":\"https:\/\/manestrini.it\/olio-al-pepe-nero\/\",\"url\":\"https:\/\/manestrini.it\/olio-al-pepe-nero\/\",\"name\":\"Schwarzes Pfeffer-Dressing - Frantoio Manestrini\",\"isPartOf\":{\"@id\":\"https:\/\/manestrini.it\/#website\"},\"primaryImageOfPage\":{\"@id\":\"https:\/\/manestrini.it\/olio-al-pepe-nero\/#primaryimage\"},\"image\":{\"@id\":\"https:\/\/manestrini.it\/olio-al-pepe-nero\/#primaryimage\"},\"thumbnailUrl\":\"https:\/\/manestrini.it\/wp-content\/uploads\/2020\/08\/FrantoioManestrini-Prodotti-CondimentiAromatizzatiaBasediOlioExtraVergineOliva-Pepenero-lattina-025lt-1.png\",\"datePublished\":\"2020-08-18T09:02:54+00:00\",\"dateModified\":\"2024-01-21T23:00:41+00:00\",\"breadcrumb\":{\"@id\":\"https:\/\/manestrini.it\/olio-al-pepe-nero\/#breadcrumb\"},\"inLanguage\":\"de\",\"potentialAction\":[{\"@type\":\"ReadAction\",\"target\":[\"https:\/\/manestrini.it\/olio-al-pepe-nero\/\"]}]},{\"@type\":\"ImageObject\",\"inLanguage\":\"de\",\"@id\":\"https:\/\/manestrini.it\/olio-al-pepe-nero\/#primaryimage\",\"url\":\"https:\/\/manestrini.it\/wp-content\/uploads\/2020\/08\/FrantoioManestrini-Prodotti-CondimentiAromatizzatiaBasediOlioExtraVergineOliva-Pepenero-lattina-025lt-1.png\",\"contentUrl\":\"https:\/\/manestrini.it\/wp-content\/uploads\/2020\/08\/FrantoioManestrini-Prodotti-CondimentiAromatizzatiaBasediOlioExtraVergineOliva-Pepenero-lattina-025lt-1.png\",\"width\":950,\"height\":950},{\"@type\":\"BreadcrumbList\",\"@id\":\"https:\/\/manestrini.it\/olio-al-pepe-nero\/#breadcrumb\",\"itemListElement\":[{\"@type\":\"ListItem\",\"position\":1,\"name\":\"Home\",\"item\":\"https:\/\/manestrini.it\/\"},{\"@type\":\"ListItem\",\"position\":2,\"name\":\"Produkte\",\"item\":\"https:\/\/manestrini.it\/prodotti-tipici-lago-di-garda\/\"},{\"@type\":\"ListItem\",\"position\":3,\"name\":\"Schwarzes Pfeffer-Dressing\"}]},{\"@type\":\"WebSite\",\"@id\":\"https:\/\/manestrini.it\/#website\",\"url\":\"https:\/\/manestrini.it\/\",\"name\":\"Frantoio Manestrini\",\"description\":\"\",\"publisher\":{\"@id\":\"https:\/\/manestrini.it\/#organization\"},\"potentialAction\":[{\"@type\":\"SearchAction\",\"target\":{\"@type\":\"EntryPoint\",\"urlTemplate\":\"https:\/\/manestrini.it\/?s={search_term_string}\"},\"query-input\":{\"@type\":\"PropertyValueSpecification\",\"valueRequired\":true,\"valueName\":\"search_term_string\"}}],\"inLanguage\":\"de\"},{\"@type\":\"Organization\",\"@id\":\"https:\/\/manestrini.it\/#organization\",\"name\":\"Frantoio Manestrini\",\"url\":\"https:\/\/manestrini.it\/\",\"logo\":{\"@type\":\"ImageObject\",\"inLanguage\":\"de\",\"@id\":\"https:\/\/manestrini.it\/#\/schema\/logo\/image\/\",\"url\":\"https:\/\/manestrini.it\/wp-content\/uploads\/2020\/07\/cropped-frantoiomanestrini-logo-400px.png\",\"contentUrl\":\"https:\/\/manestrini.it\/wp-content\/uploads\/2020\/07\/cropped-frantoiomanestrini-logo-400px.png\",\"width\":401,\"height\":548,\"caption\":\"Frantoio Manestrini\"},\"image\":{\"@id\":\"https:\/\/manestrini.it\/#\/schema\/logo\/image\/\"}}]}<\/script>\n<!-- \/ Yoast SEO plugin. -->","yoast_head_json":{"title":"Schwarzes Pfeffer-Dressing - Frantoio Manestrini","robots":{"index":"index","follow":"follow","max-snippet":"max-snippet:-1","max-image-preview":"max-image-preview:large","max-video-preview":"max-video-preview:-1"},"canonical":"https:\/\/manestrini.it\/olio-al-pepe-nero\/","og_locale":"de_DE","og_type":"article","og_title":"Schwarzes Pfeffer-Dressing - Frantoio Manestrini","og_description":"(auf Basis von Nativem Oliven\u00f6l Extra) 0,250 lt 100% italienisches Natives Oliven\u00f6l Extra, angereichert durch die Verwendung nat\u00fcrlicher Aromen, f\u00fcr ein Schwarzes Pfeffer-Dressing, das sich hervorragend als Dressing f\u00fcr Salate, Fleisch, Caprese-Gerichte, Gem\u00fcsesuppen und Risottos eignet.","og_url":"https:\/\/manestrini.it\/olio-al-pepe-nero\/","og_site_name":"Frantoio Manestrini","article_modified_time":"2024-01-21T23:00:41+00:00","og_image":[{"width":950,"height":950,"url":"https:\/\/manestrini.it\/wp-content\/uploads\/2020\/08\/FrantoioManestrini-Prodotti-CondimentiAromatizzatiaBasediOlioExtraVergineOliva-Pepenero-lattina-025lt-1.png","type":"image\/png"}],"twitter_card":"summary_large_image","schema":{"@context":"https:\/\/schema.org","@graph":[{"@type":"WebPage","@id":"https:\/\/manestrini.it\/olio-al-pepe-nero\/","url":"https:\/\/manestrini.it\/olio-al-pepe-nero\/","name":"Schwarzes Pfeffer-Dressing - Frantoio Manestrini","isPartOf":{"@id":"https:\/\/manestrini.it\/#website"},"primaryImageOfPage":{"@id":"https:\/\/manestrini.it\/olio-al-pepe-nero\/#primaryimage"},"image":{"@id":"https:\/\/manestrini.it\/olio-al-pepe-nero\/#primaryimage"},"thumbnailUrl":"https:\/\/manestrini.it\/wp-content\/uploads\/2020\/08\/FrantoioManestrini-Prodotti-CondimentiAromatizzatiaBasediOlioExtraVergineOliva-Pepenero-lattina-025lt-1.png","datePublished":"2020-08-18T09:02:54+00:00","dateModified":"2024-01-21T23:00:41+00:00","breadcrumb":{"@id":"https:\/\/manestrini.it\/olio-al-pepe-nero\/#breadcrumb"},"inLanguage":"de","potentialAction":[{"@type":"ReadAction","target":["https:\/\/manestrini.it\/olio-al-pepe-nero\/"]}]},{"@type":"ImageObject","inLanguage":"de","@id":"https:\/\/manestrini.it\/olio-al-pepe-nero\/#primaryimage","url":"https:\/\/manestrini.it\/wp-content\/uploads\/2020\/08\/FrantoioManestrini-Prodotti-CondimentiAromatizzatiaBasediOlioExtraVergineOliva-Pepenero-lattina-025lt-1.png","contentUrl":"https:\/\/manestrini.it\/wp-content\/uploads\/2020\/08\/FrantoioManestrini-Prodotti-CondimentiAromatizzatiaBasediOlioExtraVergineOliva-Pepenero-lattina-025lt-1.png","width":950,"height":950},{"@type":"BreadcrumbList","@id":"https:\/\/manestrini.it\/olio-al-pepe-nero\/#breadcrumb","itemListElement":[{"@type":"ListItem","position":1,"name":"Home","item":"https:\/\/manestrini.it\/"},{"@type":"ListItem","position":2,"name":"Produkte","item":"https:\/\/manestrini.it\/prodotti-tipici-lago-di-garda\/"},{"@type":"ListItem","position":3,"name":"Schwarzes Pfeffer-Dressing"}]},{"@type":"WebSite","@id":"https:\/\/manestrini.it\/#website","url":"https:\/\/manestrini.it\/","name":"Frantoio Manestrini","description":"","publisher":{"@id":"https:\/\/manestrini.it\/#organization"},"potentialAction":[{"@type":"SearchAction","target":{"@type":"EntryPoint","urlTemplate":"https:\/\/manestrini.it\/?s={search_term_string}"},"query-input":{"@type":"PropertyValueSpecification","valueRequired":true,"valueName":"search_term_string"}}],"inLanguage":"de"},{"@type":"Organization","@id":"https:\/\/manestrini.it\/#organization","name":"Frantoio Manestrini","url":"https:\/\/manestrini.it\/","logo":{"@type":"ImageObject","inLanguage":"de","@id":"https:\/\/manestrini.it\/#\/schema\/logo\/image\/","url":"https:\/\/manestrini.it\/wp-content\/uploads\/2020\/07\/cropped-frantoiomanestrini-logo-400px.png","contentUrl":"https:\/\/manestrini.it\/wp-content\/uploads\/2020\/07\/cropped-frantoiomanestrini-logo-400px.png","width":401,"height":548,"caption":"Frantoio Manestrini"},"image":{"@id":"https:\/\/manestrini.it\/#\/schema\/logo\/image\/"}}]}},"_links":{"self":[{"href":"https:\/\/manestrini.it\/de\/wp-json\/wp\/v2\/product\/6763","targetHints":{"allow":["GET"]}}],"collection":[{"href":"https:\/\/manestrini.it\/de\/wp-json\/wp\/v2\/product"}],"about":[{"href":"https:\/\/manestrini.it\/de\/wp-json\/wp\/v2\/types\/product"}],"wp:featuredmedia":[{"embeddable":true,"href":"https:\/\/manestrini.it\/de\/wp-json\/wp\/v2\/media\/3071"}],"wp:attachment":[{"href":"https:\/\/manestrini.it\/de\/wp-json\/wp\/v2\/media?parent=6763"}],"wp:term":[{"taxonomy":"product_brand","embeddable":true,"href":"https:\/\/manestrini.it\/de\/wp-json\/wp\/v2\/product_brand?post=6763"},{"taxonomy":"product_cat","embeddable":true,"href":"https:\/\/manestrini.it\/de\/wp-json\/wp\/v2\/product_cat?post=6763"},{"taxonomy":"product_tag","embeddable":true,"href":"https:\/\/manestrini.it\/de\/wp-json\/wp\/v2\/product_tag?post=6763"}],"curies":[{"name":"wp","href":"https:\/\/api.w.org\/{rel}","templated":true}]}}