{"id":6745,"date":"2020-08-18T11:31:06","date_gmt":"2020-08-18T09:31:06","guid":{"rendered":"https:\/\/manestrini.it\/prodotti\/unkategorisiert\/condimento-balsamico-di-modena\/"},"modified":"2021-07-12T16:36:38","modified_gmt":"2021-07-12T15:36:38","slug":"balsamico-dressing-von-modena","status":"publish","type":"product","link":"https:\/\/manestrini.it\/de\/balsamico-dressing-von-modena\/","title":{"rendered":"Balsamico-Dressing von Modena."},"content":{"rendered":"","protected":false},"excerpt":{"rendered":"<h3>0,250 lt<\/h3>\n<p><span style=\"font-weight: 400;\">Junges Dressing, bereichert durch die Aromen des Holzes der F\u00e4sser, in denen es ruht. Es hat ein intensives fruchtiges Aroma und eine gute S\u00e4ure.<\/span><\/p>\n<p><i><span style=\"font-weight: 400;\">Ideal zum Anreichern von Carpaccio, Pinzimonio, frischen Salaten. Perfekt zum W\u00fcrzen von Schalentieren und rotem Fleisch nach kurzem Kochen.<\/span><\/i><\/p>\n","protected":false},"featured_media":3057,"template":"","meta":{"_acf_changed":false},"product_brand":[],"product_cat":[202],"product_tag":[],"class_list":{"0":"post-6745","1":"product","2":"type-product","3":"status-publish","4":"has-post-thumbnail","6":"product_cat-essig","8":"first","9":"instock","10":"shipping-taxable","11":"purchasable","12":"product-type-variable"},"acf":[],"yoast_head":"<!-- This site is optimized with the Yoast SEO plugin v26.4 - https:\/\/yoast.com\/wordpress\/plugins\/seo\/ -->\n<title>Balsamico-Dressing von Modena. - Frantoio Manestrini<\/title>\n<meta name=\"robots\" content=\"index, follow, max-snippet:-1, max-image-preview:large, max-video-preview:-1\" \/>\n<link rel=\"canonical\" href=\"https:\/\/manestrini.it\/condimento-balsamico-di-modena\/\" \/>\n<meta property=\"og:locale\" content=\"de_DE\" \/>\n<meta property=\"og:type\" content=\"article\" \/>\n<meta property=\"og:title\" content=\"Balsamico-Dressing von Modena. - Frantoio Manestrini\" \/>\n<meta property=\"og:description\" content=\"0,250 lt Junges Dressing, bereichert durch die Aromen des Holzes der F\u00e4sser, in denen es ruht. Es hat ein intensives fruchtiges Aroma und eine gute S\u00e4ure.  Ideal zum Anreichern von Carpaccio, Pinzimonio, frischen Salaten. Perfekt zum W\u00fcrzen von Schalentieren und rotem Fleisch nach kurzem Kochen.\" \/>\n<meta property=\"og:url\" content=\"https:\/\/manestrini.it\/condimento-balsamico-di-modena\/\" \/>\n<meta property=\"og:site_name\" content=\"Frantoio Manestrini\" \/>\n<meta property=\"article:modified_time\" content=\"2021-07-12T15:36:38+00:00\" \/>\n<meta property=\"og:image\" content=\"https:\/\/manestrini.it\/wp-content\/uploads\/2020\/08\/FrantoioManestrini-Prodotti-CondimentobalsamicodiModena-025lt-1.png\" \/>\n\t<meta property=\"og:image:width\" content=\"950\" \/>\n\t<meta property=\"og:image:height\" content=\"950\" \/>\n\t<meta property=\"og:image:type\" content=\"image\/png\" \/>\n<meta name=\"twitter:card\" content=\"summary_large_image\" \/>\n<script type=\"application\/ld+json\" class=\"yoast-schema-graph\">{\"@context\":\"https:\/\/schema.org\",\"@graph\":[{\"@type\":\"WebPage\",\"@id\":\"https:\/\/manestrini.it\/condimento-balsamico-di-modena\/\",\"url\":\"https:\/\/manestrini.it\/condimento-balsamico-di-modena\/\",\"name\":\"Balsamico-Dressing von Modena. - Frantoio Manestrini\",\"isPartOf\":{\"@id\":\"https:\/\/manestrini.it\/#website\"},\"primaryImageOfPage\":{\"@id\":\"https:\/\/manestrini.it\/condimento-balsamico-di-modena\/#primaryimage\"},\"image\":{\"@id\":\"https:\/\/manestrini.it\/condimento-balsamico-di-modena\/#primaryimage\"},\"thumbnailUrl\":\"https:\/\/manestrini.it\/wp-content\/uploads\/2020\/08\/FrantoioManestrini-Prodotti-CondimentobalsamicodiModena-025lt-1.png\",\"datePublished\":\"2020-08-18T09:31:06+00:00\",\"dateModified\":\"2021-07-12T15:36:38+00:00\",\"breadcrumb\":{\"@id\":\"https:\/\/manestrini.it\/condimento-balsamico-di-modena\/#breadcrumb\"},\"inLanguage\":\"de\",\"potentialAction\":[{\"@type\":\"ReadAction\",\"target\":[\"https:\/\/manestrini.it\/condimento-balsamico-di-modena\/\"]}]},{\"@type\":\"ImageObject\",\"inLanguage\":\"de\",\"@id\":\"https:\/\/manestrini.it\/condimento-balsamico-di-modena\/#primaryimage\",\"url\":\"https:\/\/manestrini.it\/wp-content\/uploads\/2020\/08\/FrantoioManestrini-Prodotti-CondimentobalsamicodiModena-025lt-1.png\",\"contentUrl\":\"https:\/\/manestrini.it\/wp-content\/uploads\/2020\/08\/FrantoioManestrini-Prodotti-CondimentobalsamicodiModena-025lt-1.png\",\"width\":950,\"height\":950},{\"@type\":\"BreadcrumbList\",\"@id\":\"https:\/\/manestrini.it\/condimento-balsamico-di-modena\/#breadcrumb\",\"itemListElement\":[{\"@type\":\"ListItem\",\"position\":1,\"name\":\"Home\",\"item\":\"https:\/\/manestrini.it\/\"},{\"@type\":\"ListItem\",\"position\":2,\"name\":\"Produkte\",\"item\":\"https:\/\/manestrini.it\/prodotti-tipici-lago-di-garda\/\"},{\"@type\":\"ListItem\",\"position\":3,\"name\":\"Balsamico-Dressing von Modena.\"}]},{\"@type\":\"WebSite\",\"@id\":\"https:\/\/manestrini.it\/#website\",\"url\":\"https:\/\/manestrini.it\/\",\"name\":\"Frantoio Manestrini\",\"description\":\"\",\"publisher\":{\"@id\":\"https:\/\/manestrini.it\/#organization\"},\"potentialAction\":[{\"@type\":\"SearchAction\",\"target\":{\"@type\":\"EntryPoint\",\"urlTemplate\":\"https:\/\/manestrini.it\/?s={search_term_string}\"},\"query-input\":{\"@type\":\"PropertyValueSpecification\",\"valueRequired\":true,\"valueName\":\"search_term_string\"}}],\"inLanguage\":\"de\"},{\"@type\":\"Organization\",\"@id\":\"https:\/\/manestrini.it\/#organization\",\"name\":\"Frantoio Manestrini\",\"url\":\"https:\/\/manestrini.it\/\",\"logo\":{\"@type\":\"ImageObject\",\"inLanguage\":\"de\",\"@id\":\"https:\/\/manestrini.it\/#\/schema\/logo\/image\/\",\"url\":\"https:\/\/manestrini.it\/wp-content\/uploads\/2020\/07\/cropped-frantoiomanestrini-logo-400px.png\",\"contentUrl\":\"https:\/\/manestrini.it\/wp-content\/uploads\/2020\/07\/cropped-frantoiomanestrini-logo-400px.png\",\"width\":401,\"height\":548,\"caption\":\"Frantoio Manestrini\"},\"image\":{\"@id\":\"https:\/\/manestrini.it\/#\/schema\/logo\/image\/\"}}]}<\/script>\n<!-- \/ Yoast SEO plugin. -->","yoast_head_json":{"title":"Balsamico-Dressing von Modena. - Frantoio Manestrini","robots":{"index":"index","follow":"follow","max-snippet":"max-snippet:-1","max-image-preview":"max-image-preview:large","max-video-preview":"max-video-preview:-1"},"canonical":"https:\/\/manestrini.it\/condimento-balsamico-di-modena\/","og_locale":"de_DE","og_type":"article","og_title":"Balsamico-Dressing von Modena. - Frantoio Manestrini","og_description":"0,250 lt Junges Dressing, bereichert durch die Aromen des Holzes der F\u00e4sser, in denen es ruht. Es hat ein intensives fruchtiges Aroma und eine gute S\u00e4ure.  Ideal zum Anreichern von Carpaccio, Pinzimonio, frischen Salaten. Perfekt zum W\u00fcrzen von Schalentieren und rotem Fleisch nach kurzem Kochen.","og_url":"https:\/\/manestrini.it\/condimento-balsamico-di-modena\/","og_site_name":"Frantoio Manestrini","article_modified_time":"2021-07-12T15:36:38+00:00","og_image":[{"width":950,"height":950,"url":"https:\/\/manestrini.it\/wp-content\/uploads\/2020\/08\/FrantoioManestrini-Prodotti-CondimentobalsamicodiModena-025lt-1.png","type":"image\/png"}],"twitter_card":"summary_large_image","schema":{"@context":"https:\/\/schema.org","@graph":[{"@type":"WebPage","@id":"https:\/\/manestrini.it\/condimento-balsamico-di-modena\/","url":"https:\/\/manestrini.it\/condimento-balsamico-di-modena\/","name":"Balsamico-Dressing von Modena. - Frantoio Manestrini","isPartOf":{"@id":"https:\/\/manestrini.it\/#website"},"primaryImageOfPage":{"@id":"https:\/\/manestrini.it\/condimento-balsamico-di-modena\/#primaryimage"},"image":{"@id":"https:\/\/manestrini.it\/condimento-balsamico-di-modena\/#primaryimage"},"thumbnailUrl":"https:\/\/manestrini.it\/wp-content\/uploads\/2020\/08\/FrantoioManestrini-Prodotti-CondimentobalsamicodiModena-025lt-1.png","datePublished":"2020-08-18T09:31:06+00:00","dateModified":"2021-07-12T15:36:38+00:00","breadcrumb":{"@id":"https:\/\/manestrini.it\/condimento-balsamico-di-modena\/#breadcrumb"},"inLanguage":"de","potentialAction":[{"@type":"ReadAction","target":["https:\/\/manestrini.it\/condimento-balsamico-di-modena\/"]}]},{"@type":"ImageObject","inLanguage":"de","@id":"https:\/\/manestrini.it\/condimento-balsamico-di-modena\/#primaryimage","url":"https:\/\/manestrini.it\/wp-content\/uploads\/2020\/08\/FrantoioManestrini-Prodotti-CondimentobalsamicodiModena-025lt-1.png","contentUrl":"https:\/\/manestrini.it\/wp-content\/uploads\/2020\/08\/FrantoioManestrini-Prodotti-CondimentobalsamicodiModena-025lt-1.png","width":950,"height":950},{"@type":"BreadcrumbList","@id":"https:\/\/manestrini.it\/condimento-balsamico-di-modena\/#breadcrumb","itemListElement":[{"@type":"ListItem","position":1,"name":"Home","item":"https:\/\/manestrini.it\/"},{"@type":"ListItem","position":2,"name":"Produkte","item":"https:\/\/manestrini.it\/prodotti-tipici-lago-di-garda\/"},{"@type":"ListItem","position":3,"name":"Balsamico-Dressing von Modena."}]},{"@type":"WebSite","@id":"https:\/\/manestrini.it\/#website","url":"https:\/\/manestrini.it\/","name":"Frantoio Manestrini","description":"","publisher":{"@id":"https:\/\/manestrini.it\/#organization"},"potentialAction":[{"@type":"SearchAction","target":{"@type":"EntryPoint","urlTemplate":"https:\/\/manestrini.it\/?s={search_term_string}"},"query-input":{"@type":"PropertyValueSpecification","valueRequired":true,"valueName":"search_term_string"}}],"inLanguage":"de"},{"@type":"Organization","@id":"https:\/\/manestrini.it\/#organization","name":"Frantoio Manestrini","url":"https:\/\/manestrini.it\/","logo":{"@type":"ImageObject","inLanguage":"de","@id":"https:\/\/manestrini.it\/#\/schema\/logo\/image\/","url":"https:\/\/manestrini.it\/wp-content\/uploads\/2020\/07\/cropped-frantoiomanestrini-logo-400px.png","contentUrl":"https:\/\/manestrini.it\/wp-content\/uploads\/2020\/07\/cropped-frantoiomanestrini-logo-400px.png","width":401,"height":548,"caption":"Frantoio Manestrini"},"image":{"@id":"https:\/\/manestrini.it\/#\/schema\/logo\/image\/"}}]}},"_links":{"self":[{"href":"https:\/\/manestrini.it\/de\/wp-json\/wp\/v2\/product\/6745","targetHints":{"allow":["GET"]}}],"collection":[{"href":"https:\/\/manestrini.it\/de\/wp-json\/wp\/v2\/product"}],"about":[{"href":"https:\/\/manestrini.it\/de\/wp-json\/wp\/v2\/types\/product"}],"wp:featuredmedia":[{"embeddable":true,"href":"https:\/\/manestrini.it\/de\/wp-json\/wp\/v2\/media\/3057"}],"wp:attachment":[{"href":"https:\/\/manestrini.it\/de\/wp-json\/wp\/v2\/media?parent=6745"}],"wp:term":[{"taxonomy":"product_brand","embeddable":true,"href":"https:\/\/manestrini.it\/de\/wp-json\/wp\/v2\/product_brand?post=6745"},{"taxonomy":"product_cat","embeddable":true,"href":"https:\/\/manestrini.it\/de\/wp-json\/wp\/v2\/product_cat?post=6745"},{"taxonomy":"product_tag","embeddable":true,"href":"https:\/\/manestrini.it\/de\/wp-json\/wp\/v2\/product_tag?post=6745"}],"curies":[{"name":"wp","href":"https:\/\/api.w.org\/{rel}","templated":true}]}}