{"id":6744,"date":"2020-08-18T11:35:19","date_gmt":"2020-08-18T09:35:19","guid":{"rendered":"https:\/\/manestrini.it\/prodotti\/unkategorisiert\/aceto-balsamico-di-modena-igp-bio\/"},"modified":"2021-07-12T16:35:09","modified_gmt":"2021-07-12T15:35:09","slug":"bio-balsamico-essig-von-modena-igp","status":"publish","type":"product","link":"https:\/\/manestrini.it\/de\/bio-balsamico-essig-von-modena-igp\/","title":{"rendered":"BIO Balsamico-Essig von Modena IGP."},"content":{"rendered":"","protected":false},"excerpt":{"rendered":"<h3>0,250 lt<\/h3>\n<p><span style=\"font-weight: 400;\">In der Nase sanft er s\u00e4uerlich mit deutlichen Frucht- und Holznoten. Am Gaumen ist er s\u00fc\u00df-sauer, harmonisch, mit der richtigen Balance zwischen der S\u00fc\u00dfe des Bio-Traubenmostes und der S\u00e4ure des Bio-Weinesessigs. Dieses Gef\u00fchl bleibt lange im Mund, das typisch f\u00fcr den besten gereiften Balsamico ist.<\/span><\/p>\n<p><i><span style=\"font-weight: 400;\">Ideal f\u00fcr Fleisch, Braten, gereiften K\u00e4se und Desserts. Ein hochwertiges Produkt, das sich durch das Fehlen von Farbstoffen, Verdickungsmitteln und Aromen auszeichnet.<\/span><\/i><\/p>\n","protected":false},"featured_media":3049,"template":"","meta":{"_acf_changed":false},"product_brand":[],"product_cat":[202],"product_tag":[],"class_list":{"0":"post-6744","1":"product","2":"type-product","3":"status-publish","4":"has-post-thumbnail","6":"product_cat-essig","8":"first","9":"instock","10":"shipping-taxable","11":"purchasable","12":"product-type-variable"},"acf":[],"yoast_head":"<!-- This site is optimized with the Yoast SEO plugin v26.4 - https:\/\/yoast.com\/wordpress\/plugins\/seo\/ -->\n<title>BIO Balsamico-Essig von Modena IGP. - Frantoio Manestrini<\/title>\n<meta name=\"robots\" content=\"index, follow, max-snippet:-1, max-image-preview:large, max-video-preview:-1\" \/>\n<link rel=\"canonical\" href=\"https:\/\/manestrini.it\/aceto-balsamico-di-modena-igp-bio\/\" \/>\n<meta property=\"og:locale\" content=\"de_DE\" \/>\n<meta property=\"og:type\" content=\"article\" \/>\n<meta property=\"og:title\" content=\"BIO Balsamico-Essig von Modena IGP. - Frantoio Manestrini\" \/>\n<meta property=\"og:description\" content=\"0,250 lt In der Nase sanft er s\u00e4uerlich mit deutlichen Frucht- und Holznoten. Am Gaumen ist er s\u00fc\u00df-sauer, harmonisch, mit der richtigen Balance zwischen der S\u00fc\u00dfe des Bio-Traubenmostes und der S\u00e4ure des Bio-Weinesessigs. Dieses Gef\u00fchl bleibt lange im Mund, das typisch f\u00fcr den besten gereiften Balsamico ist.  Ideal f\u00fcr Fleisch, Braten, gereiften K\u00e4se und Desserts. Ein hochwertiges Produkt, das sich durch das Fehlen von Farbstoffen, Verdickungsmitteln und Aromen auszeichnet.\" \/>\n<meta property=\"og:url\" content=\"https:\/\/manestrini.it\/aceto-balsamico-di-modena-igp-bio\/\" \/>\n<meta property=\"og:site_name\" content=\"Frantoio Manestrini\" \/>\n<meta property=\"article:modified_time\" content=\"2021-07-12T15:35:09+00:00\" \/>\n<meta property=\"og:image\" content=\"https:\/\/manestrini.it\/wp-content\/uploads\/2020\/08\/FrantoioManestrini-Prodotti-AcetoBalsamicodiModenaIGP-BIO-025lt-1.png\" \/>\n\t<meta property=\"og:image:width\" content=\"950\" \/>\n\t<meta property=\"og:image:height\" content=\"950\" \/>\n\t<meta property=\"og:image:type\" content=\"image\/png\" \/>\n<meta name=\"twitter:card\" content=\"summary_large_image\" \/>\n<script type=\"application\/ld+json\" class=\"yoast-schema-graph\">{\"@context\":\"https:\/\/schema.org\",\"@graph\":[{\"@type\":\"WebPage\",\"@id\":\"https:\/\/manestrini.it\/aceto-balsamico-di-modena-igp-bio\/\",\"url\":\"https:\/\/manestrini.it\/aceto-balsamico-di-modena-igp-bio\/\",\"name\":\"BIO Balsamico-Essig von Modena IGP. - Frantoio Manestrini\",\"isPartOf\":{\"@id\":\"https:\/\/manestrini.it\/#website\"},\"primaryImageOfPage\":{\"@id\":\"https:\/\/manestrini.it\/aceto-balsamico-di-modena-igp-bio\/#primaryimage\"},\"image\":{\"@id\":\"https:\/\/manestrini.it\/aceto-balsamico-di-modena-igp-bio\/#primaryimage\"},\"thumbnailUrl\":\"https:\/\/manestrini.it\/wp-content\/uploads\/2020\/08\/FrantoioManestrini-Prodotti-AcetoBalsamicodiModenaIGP-BIO-025lt-1.png\",\"datePublished\":\"2020-08-18T09:35:19+00:00\",\"dateModified\":\"2021-07-12T15:35:09+00:00\",\"breadcrumb\":{\"@id\":\"https:\/\/manestrini.it\/aceto-balsamico-di-modena-igp-bio\/#breadcrumb\"},\"inLanguage\":\"de\",\"potentialAction\":[{\"@type\":\"ReadAction\",\"target\":[\"https:\/\/manestrini.it\/aceto-balsamico-di-modena-igp-bio\/\"]}]},{\"@type\":\"ImageObject\",\"inLanguage\":\"de\",\"@id\":\"https:\/\/manestrini.it\/aceto-balsamico-di-modena-igp-bio\/#primaryimage\",\"url\":\"https:\/\/manestrini.it\/wp-content\/uploads\/2020\/08\/FrantoioManestrini-Prodotti-AcetoBalsamicodiModenaIGP-BIO-025lt-1.png\",\"contentUrl\":\"https:\/\/manestrini.it\/wp-content\/uploads\/2020\/08\/FrantoioManestrini-Prodotti-AcetoBalsamicodiModenaIGP-BIO-025lt-1.png\",\"width\":950,\"height\":950},{\"@type\":\"BreadcrumbList\",\"@id\":\"https:\/\/manestrini.it\/aceto-balsamico-di-modena-igp-bio\/#breadcrumb\",\"itemListElement\":[{\"@type\":\"ListItem\",\"position\":1,\"name\":\"Home\",\"item\":\"https:\/\/manestrini.it\/\"},{\"@type\":\"ListItem\",\"position\":2,\"name\":\"Produkte\",\"item\":\"https:\/\/manestrini.it\/prodotti-tipici-lago-di-garda\/\"},{\"@type\":\"ListItem\",\"position\":3,\"name\":\"BIO Balsamico-Essig von Modena IGP.\"}]},{\"@type\":\"WebSite\",\"@id\":\"https:\/\/manestrini.it\/#website\",\"url\":\"https:\/\/manestrini.it\/\",\"name\":\"Frantoio Manestrini\",\"description\":\"\",\"publisher\":{\"@id\":\"https:\/\/manestrini.it\/#organization\"},\"potentialAction\":[{\"@type\":\"SearchAction\",\"target\":{\"@type\":\"EntryPoint\",\"urlTemplate\":\"https:\/\/manestrini.it\/?s={search_term_string}\"},\"query-input\":{\"@type\":\"PropertyValueSpecification\",\"valueRequired\":true,\"valueName\":\"search_term_string\"}}],\"inLanguage\":\"de\"},{\"@type\":\"Organization\",\"@id\":\"https:\/\/manestrini.it\/#organization\",\"name\":\"Frantoio Manestrini\",\"url\":\"https:\/\/manestrini.it\/\",\"logo\":{\"@type\":\"ImageObject\",\"inLanguage\":\"de\",\"@id\":\"https:\/\/manestrini.it\/#\/schema\/logo\/image\/\",\"url\":\"https:\/\/manestrini.it\/wp-content\/uploads\/2020\/07\/cropped-frantoiomanestrini-logo-400px.png\",\"contentUrl\":\"https:\/\/manestrini.it\/wp-content\/uploads\/2020\/07\/cropped-frantoiomanestrini-logo-400px.png\",\"width\":401,\"height\":548,\"caption\":\"Frantoio Manestrini\"},\"image\":{\"@id\":\"https:\/\/manestrini.it\/#\/schema\/logo\/image\/\"}}]}<\/script>\n<!-- \/ Yoast SEO plugin. -->","yoast_head_json":{"title":"BIO Balsamico-Essig von Modena IGP. - Frantoio Manestrini","robots":{"index":"index","follow":"follow","max-snippet":"max-snippet:-1","max-image-preview":"max-image-preview:large","max-video-preview":"max-video-preview:-1"},"canonical":"https:\/\/manestrini.it\/aceto-balsamico-di-modena-igp-bio\/","og_locale":"de_DE","og_type":"article","og_title":"BIO Balsamico-Essig von Modena IGP. - Frantoio Manestrini","og_description":"0,250 lt In der Nase sanft er s\u00e4uerlich mit deutlichen Frucht- und Holznoten. Am Gaumen ist er s\u00fc\u00df-sauer, harmonisch, mit der richtigen Balance zwischen der S\u00fc\u00dfe des Bio-Traubenmostes und der S\u00e4ure des Bio-Weinesessigs. Dieses Gef\u00fchl bleibt lange im Mund, das typisch f\u00fcr den besten gereiften Balsamico ist.  Ideal f\u00fcr Fleisch, Braten, gereiften K\u00e4se und Desserts. Ein hochwertiges Produkt, das sich durch das Fehlen von Farbstoffen, Verdickungsmitteln und Aromen auszeichnet.","og_url":"https:\/\/manestrini.it\/aceto-balsamico-di-modena-igp-bio\/","og_site_name":"Frantoio Manestrini","article_modified_time":"2021-07-12T15:35:09+00:00","og_image":[{"width":950,"height":950,"url":"https:\/\/manestrini.it\/wp-content\/uploads\/2020\/08\/FrantoioManestrini-Prodotti-AcetoBalsamicodiModenaIGP-BIO-025lt-1.png","type":"image\/png"}],"twitter_card":"summary_large_image","schema":{"@context":"https:\/\/schema.org","@graph":[{"@type":"WebPage","@id":"https:\/\/manestrini.it\/aceto-balsamico-di-modena-igp-bio\/","url":"https:\/\/manestrini.it\/aceto-balsamico-di-modena-igp-bio\/","name":"BIO Balsamico-Essig von Modena IGP. - Frantoio Manestrini","isPartOf":{"@id":"https:\/\/manestrini.it\/#website"},"primaryImageOfPage":{"@id":"https:\/\/manestrini.it\/aceto-balsamico-di-modena-igp-bio\/#primaryimage"},"image":{"@id":"https:\/\/manestrini.it\/aceto-balsamico-di-modena-igp-bio\/#primaryimage"},"thumbnailUrl":"https:\/\/manestrini.it\/wp-content\/uploads\/2020\/08\/FrantoioManestrini-Prodotti-AcetoBalsamicodiModenaIGP-BIO-025lt-1.png","datePublished":"2020-08-18T09:35:19+00:00","dateModified":"2021-07-12T15:35:09+00:00","breadcrumb":{"@id":"https:\/\/manestrini.it\/aceto-balsamico-di-modena-igp-bio\/#breadcrumb"},"inLanguage":"de","potentialAction":[{"@type":"ReadAction","target":["https:\/\/manestrini.it\/aceto-balsamico-di-modena-igp-bio\/"]}]},{"@type":"ImageObject","inLanguage":"de","@id":"https:\/\/manestrini.it\/aceto-balsamico-di-modena-igp-bio\/#primaryimage","url":"https:\/\/manestrini.it\/wp-content\/uploads\/2020\/08\/FrantoioManestrini-Prodotti-AcetoBalsamicodiModenaIGP-BIO-025lt-1.png","contentUrl":"https:\/\/manestrini.it\/wp-content\/uploads\/2020\/08\/FrantoioManestrini-Prodotti-AcetoBalsamicodiModenaIGP-BIO-025lt-1.png","width":950,"height":950},{"@type":"BreadcrumbList","@id":"https:\/\/manestrini.it\/aceto-balsamico-di-modena-igp-bio\/#breadcrumb","itemListElement":[{"@type":"ListItem","position":1,"name":"Home","item":"https:\/\/manestrini.it\/"},{"@type":"ListItem","position":2,"name":"Produkte","item":"https:\/\/manestrini.it\/prodotti-tipici-lago-di-garda\/"},{"@type":"ListItem","position":3,"name":"BIO Balsamico-Essig von Modena IGP."}]},{"@type":"WebSite","@id":"https:\/\/manestrini.it\/#website","url":"https:\/\/manestrini.it\/","name":"Frantoio Manestrini","description":"","publisher":{"@id":"https:\/\/manestrini.it\/#organization"},"potentialAction":[{"@type":"SearchAction","target":{"@type":"EntryPoint","urlTemplate":"https:\/\/manestrini.it\/?s={search_term_string}"},"query-input":{"@type":"PropertyValueSpecification","valueRequired":true,"valueName":"search_term_string"}}],"inLanguage":"de"},{"@type":"Organization","@id":"https:\/\/manestrini.it\/#organization","name":"Frantoio Manestrini","url":"https:\/\/manestrini.it\/","logo":{"@type":"ImageObject","inLanguage":"de","@id":"https:\/\/manestrini.it\/#\/schema\/logo\/image\/","url":"https:\/\/manestrini.it\/wp-content\/uploads\/2020\/07\/cropped-frantoiomanestrini-logo-400px.png","contentUrl":"https:\/\/manestrini.it\/wp-content\/uploads\/2020\/07\/cropped-frantoiomanestrini-logo-400px.png","width":401,"height":548,"caption":"Frantoio Manestrini"},"image":{"@id":"https:\/\/manestrini.it\/#\/schema\/logo\/image\/"}}]}},"_links":{"self":[{"href":"https:\/\/manestrini.it\/de\/wp-json\/wp\/v2\/product\/6744","targetHints":{"allow":["GET"]}}],"collection":[{"href":"https:\/\/manestrini.it\/de\/wp-json\/wp\/v2\/product"}],"about":[{"href":"https:\/\/manestrini.it\/de\/wp-json\/wp\/v2\/types\/product"}],"wp:featuredmedia":[{"embeddable":true,"href":"https:\/\/manestrini.it\/de\/wp-json\/wp\/v2\/media\/3049"}],"wp:attachment":[{"href":"https:\/\/manestrini.it\/de\/wp-json\/wp\/v2\/media?parent=6744"}],"wp:term":[{"taxonomy":"product_brand","embeddable":true,"href":"https:\/\/manestrini.it\/de\/wp-json\/wp\/v2\/product_brand?post=6744"},{"taxonomy":"product_cat","embeddable":true,"href":"https:\/\/manestrini.it\/de\/wp-json\/wp\/v2\/product_cat?post=6744"},{"taxonomy":"product_tag","embeddable":true,"href":"https:\/\/manestrini.it\/de\/wp-json\/wp\/v2\/product_tag?post=6744"}],"curies":[{"name":"wp","href":"https:\/\/api.w.org\/{rel}","templated":true}]}}