{"id":6738,"date":"2020-08-18T11:57:31","date_gmt":"2020-08-18T09:57:31","guid":{"rendered":"https:\/\/manestrini.it\/prodotti\/unkategorisiert\/crema-di-aceto-balsamico-bio-gusto-mela\/"},"modified":"2024-06-15T00:00:22","modified_gmt":"2024-06-14T23:00:22","slug":"bio-balsamico-essig-creme-apfelgeschmack","status":"publish","type":"product","link":"https:\/\/manestrini.it\/de\/bio-balsamico-essig-creme-apfelgeschmack\/","title":{"rendered":"BIO Balsamico-Essig Creme Apfelgeschmack."},"content":{"rendered":"","protected":false},"excerpt":{"rendered":"<h3>50ml<\/h3>\n<p><span style=\"font-weight: 400;\">Es handelt sich um dichte und vollmundige Cremes mit einem f\u00fcr Balsamico typischen delikaten und s\u00fc\u00df-sauren Geschmack, die in verschiedenen Geschmacksrichtungen hergestellt werden, die den Geschmack der Speisen verst\u00e4rken und jedes Gericht k\u00f6stlich machen.<\/span><\/p>\n<p><span style=\"font-weight: 400;\">Die verf\u00fcgbaren Geschmacksrichtungen sind:<\/span><\/p>\n<ul>\n<li style=\"list-style-type: none;\">\n<ul>\n<li style=\"font-weight: 400;\" aria-level=\"1\"><i><span style=\"font-weight: 400;\">Klassisch: vielseitig einsetzbar f\u00fcr alle Gerichte wie Risotto, K\u00e4se, Nudeln, Fleisch, Fisch, S\u00fc\u00dfspeisen und Desserts;<\/span><\/i><\/li>\n<li style=\"font-weight: 400;\" aria-level=\"1\"><i><span style=\"font-weight: 400;\">Chili, Honig: hervorragend kombinierbar mit Nudelgerichten, Fleisch (gebraten und gegrillt) sowie frischem und gereiftem K\u00e4se;<\/span><\/i><\/li>\n<li style=\"font-weight: 400;\" aria-level=\"1\"><i><span style=\"font-weight: 400;\">Orange, Apfel, Feige, Erdbeere: ideal zu Fisch, Obstsalaten, Desserts und Eis.<\/span><\/i><\/li>\n<\/ul>\n<\/li>\n<\/ul>\n<p>&nbsp;<\/p>\n","protected":false},"featured_media":3043,"template":"","meta":{"_acf_changed":false},"product_brand":[],"product_cat":[202],"product_tag":[],"class_list":{"0":"post-6738","1":"product","2":"type-product","3":"status-publish","4":"has-post-thumbnail","6":"product_cat-essig","8":"first","9":"instock","10":"shipping-taxable","11":"purchasable","12":"product-type-simple"},"acf":[],"yoast_head":"<!-- This site is optimized with the Yoast SEO plugin v26.4 - https:\/\/yoast.com\/wordpress\/plugins\/seo\/ -->\n<title>BIO Balsamico-Essig Creme Apfelgeschmack. - Frantoio Manestrini<\/title>\n<meta name=\"robots\" content=\"index, follow, max-snippet:-1, max-image-preview:large, max-video-preview:-1\" \/>\n<link rel=\"canonical\" href=\"https:\/\/manestrini.it\/crema-a-base-di-aceto-balsamico-di-modena-igp-bio-gusto-mela\/\" \/>\n<meta property=\"og:locale\" content=\"de_DE\" \/>\n<meta property=\"og:type\" content=\"article\" \/>\n<meta property=\"og:title\" content=\"BIO Balsamico-Essig Creme Apfelgeschmack. - Frantoio Manestrini\" \/>\n<meta property=\"og:description\" content=\"50ml Es handelt sich um dichte und vollmundige Cremes mit einem f\u00fcr Balsamico typischen delikaten und s\u00fc\u00df-sauren Geschmack, die in verschiedenen Geschmacksrichtungen hergestellt werden, die den Geschmack der Speisen verst\u00e4rken und jedes Gericht k\u00f6stlich machen.  Die verf\u00fcgbaren Geschmacksrichtungen sind:      Klassisch: vielseitig einsetzbar f\u00fcr alle Gerichte wie Risotto, K\u00e4se, Nudeln, Fleisch, Fisch, S\u00fc\u00dfspeisen und Desserts;  Chili, Honig: hervorragend kombinierbar mit Nudelgerichten, Fleisch (gebraten und gegrillt) sowie frischem und gereiftem K\u00e4se;  Orange, Apfel, Feige, Erdbeere: ideal zu Fisch, Obstsalaten, Desserts und Eis.    &nbsp;\" \/>\n<meta property=\"og:url\" content=\"https:\/\/manestrini.it\/crema-a-base-di-aceto-balsamico-di-modena-igp-bio-gusto-mela\/\" \/>\n<meta property=\"og:site_name\" content=\"Frantoio Manestrini\" \/>\n<meta property=\"article:modified_time\" content=\"2024-06-14T23:00:22+00:00\" \/>\n<meta property=\"og:image\" content=\"https:\/\/manestrini.it\/wp-content\/uploads\/2020\/08\/FrantoioManestrini-Prodotti-Aceto-CremaAcetoBalsamicoBIOMela-50ml-1.png\" \/>\n\t<meta property=\"og:image:width\" content=\"950\" \/>\n\t<meta property=\"og:image:height\" content=\"950\" \/>\n\t<meta property=\"og:image:type\" content=\"image\/png\" \/>\n<meta name=\"twitter:card\" content=\"summary_large_image\" \/>\n<script type=\"application\/ld+json\" class=\"yoast-schema-graph\">{\"@context\":\"https:\/\/schema.org\",\"@graph\":[{\"@type\":\"WebPage\",\"@id\":\"https:\/\/manestrini.it\/crema-a-base-di-aceto-balsamico-di-modena-igp-bio-gusto-mela\/\",\"url\":\"https:\/\/manestrini.it\/crema-a-base-di-aceto-balsamico-di-modena-igp-bio-gusto-mela\/\",\"name\":\"BIO Balsamico-Essig Creme Apfelgeschmack. - Frantoio Manestrini\",\"isPartOf\":{\"@id\":\"https:\/\/manestrini.it\/#website\"},\"primaryImageOfPage\":{\"@id\":\"https:\/\/manestrini.it\/crema-a-base-di-aceto-balsamico-di-modena-igp-bio-gusto-mela\/#primaryimage\"},\"image\":{\"@id\":\"https:\/\/manestrini.it\/crema-a-base-di-aceto-balsamico-di-modena-igp-bio-gusto-mela\/#primaryimage\"},\"thumbnailUrl\":\"https:\/\/manestrini.it\/wp-content\/uploads\/2020\/08\/FrantoioManestrini-Prodotti-Aceto-CremaAcetoBalsamicoBIOMela-50ml-1.png\",\"datePublished\":\"2020-08-18T09:57:31+00:00\",\"dateModified\":\"2024-06-14T23:00:22+00:00\",\"breadcrumb\":{\"@id\":\"https:\/\/manestrini.it\/crema-a-base-di-aceto-balsamico-di-modena-igp-bio-gusto-mela\/#breadcrumb\"},\"inLanguage\":\"de\",\"potentialAction\":[{\"@type\":\"ReadAction\",\"target\":[\"https:\/\/manestrini.it\/crema-a-base-di-aceto-balsamico-di-modena-igp-bio-gusto-mela\/\"]}]},{\"@type\":\"ImageObject\",\"inLanguage\":\"de\",\"@id\":\"https:\/\/manestrini.it\/crema-a-base-di-aceto-balsamico-di-modena-igp-bio-gusto-mela\/#primaryimage\",\"url\":\"https:\/\/manestrini.it\/wp-content\/uploads\/2020\/08\/FrantoioManestrini-Prodotti-Aceto-CremaAcetoBalsamicoBIOMela-50ml-1.png\",\"contentUrl\":\"https:\/\/manestrini.it\/wp-content\/uploads\/2020\/08\/FrantoioManestrini-Prodotti-Aceto-CremaAcetoBalsamicoBIOMela-50ml-1.png\",\"width\":950,\"height\":950},{\"@type\":\"BreadcrumbList\",\"@id\":\"https:\/\/manestrini.it\/crema-a-base-di-aceto-balsamico-di-modena-igp-bio-gusto-mela\/#breadcrumb\",\"itemListElement\":[{\"@type\":\"ListItem\",\"position\":1,\"name\":\"Home\",\"item\":\"https:\/\/manestrini.it\/\"},{\"@type\":\"ListItem\",\"position\":2,\"name\":\"Produkte\",\"item\":\"https:\/\/manestrini.it\/prodotti-tipici-lago-di-garda\/\"},{\"@type\":\"ListItem\",\"position\":3,\"name\":\"BIO Balsamico-Essig Creme Apfelgeschmack.\"}]},{\"@type\":\"WebSite\",\"@id\":\"https:\/\/manestrini.it\/#website\",\"url\":\"https:\/\/manestrini.it\/\",\"name\":\"Frantoio Manestrini\",\"description\":\"\",\"publisher\":{\"@id\":\"https:\/\/manestrini.it\/#organization\"},\"potentialAction\":[{\"@type\":\"SearchAction\",\"target\":{\"@type\":\"EntryPoint\",\"urlTemplate\":\"https:\/\/manestrini.it\/?s={search_term_string}\"},\"query-input\":{\"@type\":\"PropertyValueSpecification\",\"valueRequired\":true,\"valueName\":\"search_term_string\"}}],\"inLanguage\":\"de\"},{\"@type\":\"Organization\",\"@id\":\"https:\/\/manestrini.it\/#organization\",\"name\":\"Frantoio Manestrini\",\"url\":\"https:\/\/manestrini.it\/\",\"logo\":{\"@type\":\"ImageObject\",\"inLanguage\":\"de\",\"@id\":\"https:\/\/manestrini.it\/#\/schema\/logo\/image\/\",\"url\":\"https:\/\/manestrini.it\/wp-content\/uploads\/2020\/07\/cropped-frantoiomanestrini-logo-400px.png\",\"contentUrl\":\"https:\/\/manestrini.it\/wp-content\/uploads\/2020\/07\/cropped-frantoiomanestrini-logo-400px.png\",\"width\":401,\"height\":548,\"caption\":\"Frantoio Manestrini\"},\"image\":{\"@id\":\"https:\/\/manestrini.it\/#\/schema\/logo\/image\/\"}}]}<\/script>\n<!-- \/ Yoast SEO plugin. -->","yoast_head_json":{"title":"BIO Balsamico-Essig Creme Apfelgeschmack. - Frantoio Manestrini","robots":{"index":"index","follow":"follow","max-snippet":"max-snippet:-1","max-image-preview":"max-image-preview:large","max-video-preview":"max-video-preview:-1"},"canonical":"https:\/\/manestrini.it\/crema-a-base-di-aceto-balsamico-di-modena-igp-bio-gusto-mela\/","og_locale":"de_DE","og_type":"article","og_title":"BIO Balsamico-Essig Creme Apfelgeschmack. - Frantoio Manestrini","og_description":"50ml Es handelt sich um dichte und vollmundige Cremes mit einem f\u00fcr Balsamico typischen delikaten und s\u00fc\u00df-sauren Geschmack, die in verschiedenen Geschmacksrichtungen hergestellt werden, die den Geschmack der Speisen verst\u00e4rken und jedes Gericht k\u00f6stlich machen.  Die verf\u00fcgbaren Geschmacksrichtungen sind:      Klassisch: vielseitig einsetzbar f\u00fcr alle Gerichte wie Risotto, K\u00e4se, Nudeln, Fleisch, Fisch, S\u00fc\u00dfspeisen und Desserts;  Chili, Honig: hervorragend kombinierbar mit Nudelgerichten, Fleisch (gebraten und gegrillt) sowie frischem und gereiftem K\u00e4se;  Orange, Apfel, Feige, Erdbeere: ideal zu Fisch, Obstsalaten, Desserts und Eis.    &nbsp;","og_url":"https:\/\/manestrini.it\/crema-a-base-di-aceto-balsamico-di-modena-igp-bio-gusto-mela\/","og_site_name":"Frantoio Manestrini","article_modified_time":"2024-06-14T23:00:22+00:00","og_image":[{"width":950,"height":950,"url":"https:\/\/manestrini.it\/wp-content\/uploads\/2020\/08\/FrantoioManestrini-Prodotti-Aceto-CremaAcetoBalsamicoBIOMela-50ml-1.png","type":"image\/png"}],"twitter_card":"summary_large_image","schema":{"@context":"https:\/\/schema.org","@graph":[{"@type":"WebPage","@id":"https:\/\/manestrini.it\/crema-a-base-di-aceto-balsamico-di-modena-igp-bio-gusto-mela\/","url":"https:\/\/manestrini.it\/crema-a-base-di-aceto-balsamico-di-modena-igp-bio-gusto-mela\/","name":"BIO Balsamico-Essig Creme Apfelgeschmack. - Frantoio Manestrini","isPartOf":{"@id":"https:\/\/manestrini.it\/#website"},"primaryImageOfPage":{"@id":"https:\/\/manestrini.it\/crema-a-base-di-aceto-balsamico-di-modena-igp-bio-gusto-mela\/#primaryimage"},"image":{"@id":"https:\/\/manestrini.it\/crema-a-base-di-aceto-balsamico-di-modena-igp-bio-gusto-mela\/#primaryimage"},"thumbnailUrl":"https:\/\/manestrini.it\/wp-content\/uploads\/2020\/08\/FrantoioManestrini-Prodotti-Aceto-CremaAcetoBalsamicoBIOMela-50ml-1.png","datePublished":"2020-08-18T09:57:31+00:00","dateModified":"2024-06-14T23:00:22+00:00","breadcrumb":{"@id":"https:\/\/manestrini.it\/crema-a-base-di-aceto-balsamico-di-modena-igp-bio-gusto-mela\/#breadcrumb"},"inLanguage":"de","potentialAction":[{"@type":"ReadAction","target":["https:\/\/manestrini.it\/crema-a-base-di-aceto-balsamico-di-modena-igp-bio-gusto-mela\/"]}]},{"@type":"ImageObject","inLanguage":"de","@id":"https:\/\/manestrini.it\/crema-a-base-di-aceto-balsamico-di-modena-igp-bio-gusto-mela\/#primaryimage","url":"https:\/\/manestrini.it\/wp-content\/uploads\/2020\/08\/FrantoioManestrini-Prodotti-Aceto-CremaAcetoBalsamicoBIOMela-50ml-1.png","contentUrl":"https:\/\/manestrini.it\/wp-content\/uploads\/2020\/08\/FrantoioManestrini-Prodotti-Aceto-CremaAcetoBalsamicoBIOMela-50ml-1.png","width":950,"height":950},{"@type":"BreadcrumbList","@id":"https:\/\/manestrini.it\/crema-a-base-di-aceto-balsamico-di-modena-igp-bio-gusto-mela\/#breadcrumb","itemListElement":[{"@type":"ListItem","position":1,"name":"Home","item":"https:\/\/manestrini.it\/"},{"@type":"ListItem","position":2,"name":"Produkte","item":"https:\/\/manestrini.it\/prodotti-tipici-lago-di-garda\/"},{"@type":"ListItem","position":3,"name":"BIO Balsamico-Essig Creme Apfelgeschmack."}]},{"@type":"WebSite","@id":"https:\/\/manestrini.it\/#website","url":"https:\/\/manestrini.it\/","name":"Frantoio Manestrini","description":"","publisher":{"@id":"https:\/\/manestrini.it\/#organization"},"potentialAction":[{"@type":"SearchAction","target":{"@type":"EntryPoint","urlTemplate":"https:\/\/manestrini.it\/?s={search_term_string}"},"query-input":{"@type":"PropertyValueSpecification","valueRequired":true,"valueName":"search_term_string"}}],"inLanguage":"de"},{"@type":"Organization","@id":"https:\/\/manestrini.it\/#organization","name":"Frantoio Manestrini","url":"https:\/\/manestrini.it\/","logo":{"@type":"ImageObject","inLanguage":"de","@id":"https:\/\/manestrini.it\/#\/schema\/logo\/image\/","url":"https:\/\/manestrini.it\/wp-content\/uploads\/2020\/07\/cropped-frantoiomanestrini-logo-400px.png","contentUrl":"https:\/\/manestrini.it\/wp-content\/uploads\/2020\/07\/cropped-frantoiomanestrini-logo-400px.png","width":401,"height":548,"caption":"Frantoio Manestrini"},"image":{"@id":"https:\/\/manestrini.it\/#\/schema\/logo\/image\/"}}]}},"_links":{"self":[{"href":"https:\/\/manestrini.it\/de\/wp-json\/wp\/v2\/product\/6738","targetHints":{"allow":["GET"]}}],"collection":[{"href":"https:\/\/manestrini.it\/de\/wp-json\/wp\/v2\/product"}],"about":[{"href":"https:\/\/manestrini.it\/de\/wp-json\/wp\/v2\/types\/product"}],"wp:featuredmedia":[{"embeddable":true,"href":"https:\/\/manestrini.it\/de\/wp-json\/wp\/v2\/media\/3043"}],"wp:attachment":[{"href":"https:\/\/manestrini.it\/de\/wp-json\/wp\/v2\/media?parent=6738"}],"wp:term":[{"taxonomy":"product_brand","embeddable":true,"href":"https:\/\/manestrini.it\/de\/wp-json\/wp\/v2\/product_brand?post=6738"},{"taxonomy":"product_cat","embeddable":true,"href":"https:\/\/manestrini.it\/de\/wp-json\/wp\/v2\/product_cat?post=6738"},{"taxonomy":"product_tag","embeddable":true,"href":"https:\/\/manestrini.it\/de\/wp-json\/wp\/v2\/product_tag?post=6738"}],"curies":[{"name":"wp","href":"https:\/\/api.w.org\/{rel}","templated":true}]}}