{"id":6727,"date":"2020-07-24T10:07:19","date_gmt":"2020-07-24T08:07:19","guid":{"rendered":"https:\/\/manestrini.it\/prodotti\/unkategorisiert\/groppello\/"},"modified":"2022-09-30T15:18:51","modified_gmt":"2022-09-30T14:18:51","slug":"groppello","status":"publish","type":"product","link":"https:\/\/manestrini.it\/de\/groppello\/","title":{"rendered":"Groppello"},"content":{"rendered":"","protected":false},"excerpt":{"rendered":"<h3>0,750lt<\/h3>\n<p><span style=\"font-weight: 400;\">Hauptrebe des Valt\u00e8nesi, gekennzeichnet durch kompakte Trauben. Der Wein hat Salzgehalt und Aromen, die an die feinen Weine der H\u00fcgel erinnern, am Gaumen ist er trocken und angenehm. Hervorragend zu gereiftem K\u00e4se, Wurstwaren, Fleisch am Spie\u00df, Schmorbraten und Eint\u00f6pfe. Servieren bei 14\/15\u00b0.<\/span><\/p>\n<p>12,5% Vol.<\/p>\n","protected":false},"featured_media":13953,"template":"","meta":{"_acf_changed":false},"product_brand":[],"product_cat":[209],"product_tag":[],"class_list":{"0":"post-6727","1":"product","2":"type-product","3":"status-publish","4":"has-post-thumbnail","6":"product_cat-wein","8":"first","9":"instock","10":"sale","11":"shipping-taxable","12":"purchasable","13":"product-type-variable"},"acf":[],"yoast_head":"<!-- This site is optimized with the Yoast SEO plugin v26.4 - https:\/\/yoast.com\/wordpress\/plugins\/seo\/ -->\n<title>Groppello - Frantoio Manestrini<\/title>\n<meta name=\"robots\" content=\"index, follow, max-snippet:-1, max-image-preview:large, max-video-preview:-1\" \/>\n<link rel=\"canonical\" href=\"https:\/\/manestrini.it\/?post_type=product&p=1837\" \/>\n<meta property=\"og:locale\" content=\"de_DE\" \/>\n<meta property=\"og:type\" content=\"article\" \/>\n<meta property=\"og:title\" content=\"Groppello - Frantoio Manestrini\" \/>\n<meta property=\"og:description\" content=\"0,750lt Hauptrebe des Valt\u00e8nesi, gekennzeichnet durch kompakte Trauben. Der Wein hat Salzgehalt und Aromen, die an die feinen Weine der H\u00fcgel erinnern, am Gaumen ist er trocken und angenehm. Hervorragend zu gereiftem K\u00e4se, Wurstwaren, Fleisch am Spie\u00df, Schmorbraten und Eint\u00f6pfe. Servieren bei 14\/15\u00b0.  12,5% Vol.\" \/>\n<meta property=\"og:url\" content=\"https:\/\/manestrini.it\/?post_type=product&amp;p=1837\" \/>\n<meta property=\"og:site_name\" content=\"Frantoio Manestrini\" \/>\n<meta property=\"article:modified_time\" content=\"2022-09-30T14:18:51+00:00\" \/>\n<meta property=\"og:image\" content=\"https:\/\/manestrini.it\/wp-content\/uploads\/2020\/07\/frantoio-manestrini-prodotti-groppello.png\" \/>\n\t<meta property=\"og:image:width\" content=\"950\" \/>\n\t<meta property=\"og:image:height\" content=\"950\" \/>\n\t<meta property=\"og:image:type\" content=\"image\/png\" \/>\n<meta name=\"twitter:card\" content=\"summary_large_image\" \/>\n<script type=\"application\/ld+json\" class=\"yoast-schema-graph\">{\"@context\":\"https:\/\/schema.org\",\"@graph\":[{\"@type\":\"WebPage\",\"@id\":\"https:\/\/manestrini.it\/?post_type=product&p=1837\",\"url\":\"https:\/\/manestrini.it\/?post_type=product&p=1837\",\"name\":\"Groppello - Frantoio Manestrini\",\"isPartOf\":{\"@id\":\"https:\/\/manestrini.it\/#website\"},\"primaryImageOfPage\":{\"@id\":\"https:\/\/manestrini.it\/?post_type=product&p=1837#primaryimage\"},\"image\":{\"@id\":\"https:\/\/manestrini.it\/?post_type=product&p=1837#primaryimage\"},\"thumbnailUrl\":\"https:\/\/manestrini.it\/wp-content\/uploads\/2020\/07\/frantoio-manestrini-prodotti-groppello.png\",\"datePublished\":\"2020-07-24T08:07:19+00:00\",\"dateModified\":\"2022-09-30T14:18:51+00:00\",\"breadcrumb\":{\"@id\":\"https:\/\/manestrini.it\/?post_type=product&p=1837#breadcrumb\"},\"inLanguage\":\"de\",\"potentialAction\":[{\"@type\":\"ReadAction\",\"target\":[\"https:\/\/manestrini.it\/?post_type=product&p=1837\"]}]},{\"@type\":\"ImageObject\",\"inLanguage\":\"de\",\"@id\":\"https:\/\/manestrini.it\/?post_type=product&p=1837#primaryimage\",\"url\":\"https:\/\/manestrini.it\/wp-content\/uploads\/2020\/07\/frantoio-manestrini-prodotti-groppello.png\",\"contentUrl\":\"https:\/\/manestrini.it\/wp-content\/uploads\/2020\/07\/frantoio-manestrini-prodotti-groppello.png\",\"width\":950,\"height\":950},{\"@type\":\"BreadcrumbList\",\"@id\":\"https:\/\/manestrini.it\/?post_type=product&p=1837#breadcrumb\",\"itemListElement\":[{\"@type\":\"ListItem\",\"position\":1,\"name\":\"Home\",\"item\":\"https:\/\/manestrini.it\/\"},{\"@type\":\"ListItem\",\"position\":2,\"name\":\"Produkte\",\"item\":\"https:\/\/manestrini.it\/prodotti-tipici-lago-di-garda\/\"},{\"@type\":\"ListItem\",\"position\":3,\"name\":\"Groppello\"}]},{\"@type\":\"WebSite\",\"@id\":\"https:\/\/manestrini.it\/#website\",\"url\":\"https:\/\/manestrini.it\/\",\"name\":\"Frantoio Manestrini\",\"description\":\"\",\"publisher\":{\"@id\":\"https:\/\/manestrini.it\/#organization\"},\"potentialAction\":[{\"@type\":\"SearchAction\",\"target\":{\"@type\":\"EntryPoint\",\"urlTemplate\":\"https:\/\/manestrini.it\/?s={search_term_string}\"},\"query-input\":{\"@type\":\"PropertyValueSpecification\",\"valueRequired\":true,\"valueName\":\"search_term_string\"}}],\"inLanguage\":\"de\"},{\"@type\":\"Organization\",\"@id\":\"https:\/\/manestrini.it\/#organization\",\"name\":\"Frantoio Manestrini\",\"url\":\"https:\/\/manestrini.it\/\",\"logo\":{\"@type\":\"ImageObject\",\"inLanguage\":\"de\",\"@id\":\"https:\/\/manestrini.it\/#\/schema\/logo\/image\/\",\"url\":\"https:\/\/manestrini.it\/wp-content\/uploads\/2020\/07\/cropped-frantoiomanestrini-logo-400px.png\",\"contentUrl\":\"https:\/\/manestrini.it\/wp-content\/uploads\/2020\/07\/cropped-frantoiomanestrini-logo-400px.png\",\"width\":401,\"height\":548,\"caption\":\"Frantoio Manestrini\"},\"image\":{\"@id\":\"https:\/\/manestrini.it\/#\/schema\/logo\/image\/\"}}]}<\/script>\n<!-- \/ Yoast SEO plugin. -->","yoast_head_json":{"title":"Groppello - Frantoio Manestrini","robots":{"index":"index","follow":"follow","max-snippet":"max-snippet:-1","max-image-preview":"max-image-preview:large","max-video-preview":"max-video-preview:-1"},"canonical":"https:\/\/manestrini.it\/?post_type=product&p=1837","og_locale":"de_DE","og_type":"article","og_title":"Groppello - Frantoio Manestrini","og_description":"0,750lt Hauptrebe des Valt\u00e8nesi, gekennzeichnet durch kompakte Trauben. Der Wein hat Salzgehalt und Aromen, die an die feinen Weine der H\u00fcgel erinnern, am Gaumen ist er trocken und angenehm. Hervorragend zu gereiftem K\u00e4se, Wurstwaren, Fleisch am Spie\u00df, Schmorbraten und Eint\u00f6pfe. Servieren bei 14\/15\u00b0.  12,5% Vol.","og_url":"https:\/\/manestrini.it\/?post_type=product&p=1837","og_site_name":"Frantoio Manestrini","article_modified_time":"2022-09-30T14:18:51+00:00","og_image":[{"width":950,"height":950,"url":"https:\/\/manestrini.it\/wp-content\/uploads\/2020\/07\/frantoio-manestrini-prodotti-groppello.png","type":"image\/png"}],"twitter_card":"summary_large_image","schema":{"@context":"https:\/\/schema.org","@graph":[{"@type":"WebPage","@id":"https:\/\/manestrini.it\/?post_type=product&p=1837","url":"https:\/\/manestrini.it\/?post_type=product&p=1837","name":"Groppello - Frantoio Manestrini","isPartOf":{"@id":"https:\/\/manestrini.it\/#website"},"primaryImageOfPage":{"@id":"https:\/\/manestrini.it\/?post_type=product&p=1837#primaryimage"},"image":{"@id":"https:\/\/manestrini.it\/?post_type=product&p=1837#primaryimage"},"thumbnailUrl":"https:\/\/manestrini.it\/wp-content\/uploads\/2020\/07\/frantoio-manestrini-prodotti-groppello.png","datePublished":"2020-07-24T08:07:19+00:00","dateModified":"2022-09-30T14:18:51+00:00","breadcrumb":{"@id":"https:\/\/manestrini.it\/?post_type=product&p=1837#breadcrumb"},"inLanguage":"de","potentialAction":[{"@type":"ReadAction","target":["https:\/\/manestrini.it\/?post_type=product&p=1837"]}]},{"@type":"ImageObject","inLanguage":"de","@id":"https:\/\/manestrini.it\/?post_type=product&p=1837#primaryimage","url":"https:\/\/manestrini.it\/wp-content\/uploads\/2020\/07\/frantoio-manestrini-prodotti-groppello.png","contentUrl":"https:\/\/manestrini.it\/wp-content\/uploads\/2020\/07\/frantoio-manestrini-prodotti-groppello.png","width":950,"height":950},{"@type":"BreadcrumbList","@id":"https:\/\/manestrini.it\/?post_type=product&p=1837#breadcrumb","itemListElement":[{"@type":"ListItem","position":1,"name":"Home","item":"https:\/\/manestrini.it\/"},{"@type":"ListItem","position":2,"name":"Produkte","item":"https:\/\/manestrini.it\/prodotti-tipici-lago-di-garda\/"},{"@type":"ListItem","position":3,"name":"Groppello"}]},{"@type":"WebSite","@id":"https:\/\/manestrini.it\/#website","url":"https:\/\/manestrini.it\/","name":"Frantoio Manestrini","description":"","publisher":{"@id":"https:\/\/manestrini.it\/#organization"},"potentialAction":[{"@type":"SearchAction","target":{"@type":"EntryPoint","urlTemplate":"https:\/\/manestrini.it\/?s={search_term_string}"},"query-input":{"@type":"PropertyValueSpecification","valueRequired":true,"valueName":"search_term_string"}}],"inLanguage":"de"},{"@type":"Organization","@id":"https:\/\/manestrini.it\/#organization","name":"Frantoio Manestrini","url":"https:\/\/manestrini.it\/","logo":{"@type":"ImageObject","inLanguage":"de","@id":"https:\/\/manestrini.it\/#\/schema\/logo\/image\/","url":"https:\/\/manestrini.it\/wp-content\/uploads\/2020\/07\/cropped-frantoiomanestrini-logo-400px.png","contentUrl":"https:\/\/manestrini.it\/wp-content\/uploads\/2020\/07\/cropped-frantoiomanestrini-logo-400px.png","width":401,"height":548,"caption":"Frantoio Manestrini"},"image":{"@id":"https:\/\/manestrini.it\/#\/schema\/logo\/image\/"}}]}},"_links":{"self":[{"href":"https:\/\/manestrini.it\/de\/wp-json\/wp\/v2\/product\/6727","targetHints":{"allow":["GET"]}}],"collection":[{"href":"https:\/\/manestrini.it\/de\/wp-json\/wp\/v2\/product"}],"about":[{"href":"https:\/\/manestrini.it\/de\/wp-json\/wp\/v2\/types\/product"}],"wp:featuredmedia":[{"embeddable":true,"href":"https:\/\/manestrini.it\/de\/wp-json\/wp\/v2\/media\/13953"}],"wp:attachment":[{"href":"https:\/\/manestrini.it\/de\/wp-json\/wp\/v2\/media?parent=6727"}],"wp:term":[{"taxonomy":"product_brand","embeddable":true,"href":"https:\/\/manestrini.it\/de\/wp-json\/wp\/v2\/product_brand?post=6727"},{"taxonomy":"product_cat","embeddable":true,"href":"https:\/\/manestrini.it\/de\/wp-json\/wp\/v2\/product_cat?post=6727"},{"taxonomy":"product_tag","embeddable":true,"href":"https:\/\/manestrini.it\/de\/wp-json\/wp\/v2\/product_tag?post=6727"}],"curies":[{"name":"wp","href":"https:\/\/api.w.org\/{rel}","templated":true}]}}