{"id":6714,"date":"2020-08-19T10:19:34","date_gmt":"2020-08-19T08:19:34","guid":{"rendered":"https:\/\/manestrini.it\/prodotti\/unkategorisiert\/crema-mani\/"},"modified":"2025-12-02T00:00:03","modified_gmt":"2025-12-01T23:00:03","slug":"handcreme","status":"publish","type":"product","link":"https:\/\/manestrini.it\/de\/handcreme\/","title":{"rendered":"Handcreme"},"content":{"rendered":"","protected":false},"excerpt":{"rendered":"<p><span style=\"font-weight: 400;\">Diese angenehme, fl\u00fcssige Creme zeichnet sich durch eine leichte Textur aus und zieht schnell ein. Sie gilt als idealer Schutz vor Umwelteinfl\u00fcssen (wie Wasser, K\u00e4lte, Reinigungsmitteln usw.) und n\u00e4hrt trockene H\u00e4nde und rissige Haut. Sie enth\u00e4lt erweichendes natives Oliven\u00f6l extra, sch\u00fctzende Sheabutter und Allantoin, bekannt f\u00fcr seine aufbauende Funktion.<\/span><\/p>\n<p><b>Verwendungshinweise<\/b><span style=\"font-weight: 400;\">: Creme auf die H\u00e4nde einmassieren und einziehen lassen. Kontakt mit Augen und Schleimh\u00e4uten vermeiden.<\/span><\/p>\n<p><span style=\"font-weight: 400;\">Flaschengr\u00f6\u00dfe: 125 ml<\/span><\/p>\n","protected":false},"featured_media":2965,"template":"","meta":{"_acf_changed":false},"product_brand":[],"product_cat":[204],"product_tag":[],"class_list":{"0":"post-6714","1":"product","2":"type-product","3":"status-publish","4":"has-post-thumbnail","6":"product_cat-kosmetika","8":"first","9":"instock","10":"shipping-taxable","11":"purchasable","12":"product-type-simple"},"acf":[],"yoast_head":"<!-- This site is optimized with the Yoast SEO plugin v26.4 - https:\/\/yoast.com\/wordpress\/plugins\/seo\/ -->\n<title>Handcreme - Frantoio Manestrini<\/title>\n<meta name=\"robots\" content=\"index, follow, max-snippet:-1, max-image-preview:large, max-video-preview:-1\" \/>\n<link rel=\"canonical\" href=\"https:\/\/manestrini.it\/de\/handcreme\/\" \/>\n<meta property=\"og:locale\" content=\"de_DE\" \/>\n<meta property=\"og:type\" content=\"article\" \/>\n<meta property=\"og:title\" content=\"Handcreme - Frantoio Manestrini\" \/>\n<meta property=\"og:description\" content=\"Diese angenehme, fl\u00fcssige Creme zeichnet sich durch eine leichte Textur aus und zieht schnell ein. Sie gilt als idealer Schutz vor Umwelteinfl\u00fcssen (wie Wasser, K\u00e4lte, Reinigungsmitteln usw.) und n\u00e4hrt trockene H\u00e4nde und rissige Haut. Sie enth\u00e4lt erweichendes natives Oliven\u00f6l extra, sch\u00fctzende Sheabutter und Allantoin, bekannt f\u00fcr seine aufbauende Funktion.  Verwendungshinweise: Creme auf die H\u00e4nde einmassieren und einziehen lassen. Kontakt mit Augen und Schleimh\u00e4uten vermeiden.  Flaschengr\u00f6\u00dfe: 125 ml\" \/>\n<meta property=\"og:url\" content=\"https:\/\/manestrini.it\/de\/handcreme\/\" \/>\n<meta property=\"og:site_name\" content=\"Frantoio Manestrini\" \/>\n<meta property=\"article:modified_time\" content=\"2025-12-01T23:00:03+00:00\" \/>\n<meta property=\"og:image\" content=\"https:\/\/manestrini.it\/wp-content\/uploads\/2020\/08\/frantoiomanestrini-prodotti-cosmetici-cremamani-1.png\" \/>\n\t<meta property=\"og:image:width\" content=\"950\" \/>\n\t<meta property=\"og:image:height\" content=\"950\" \/>\n\t<meta property=\"og:image:type\" content=\"image\/png\" \/>\n<meta name=\"twitter:card\" content=\"summary_large_image\" \/>\n<script type=\"application\/ld+json\" class=\"yoast-schema-graph\">{\"@context\":\"https:\/\/schema.org\",\"@graph\":[{\"@type\":\"WebPage\",\"@id\":\"https:\/\/manestrini.it\/de\/handcreme\/\",\"url\":\"https:\/\/manestrini.it\/de\/handcreme\/\",\"name\":\"Handcreme - Frantoio Manestrini\",\"isPartOf\":{\"@id\":\"https:\/\/manestrini.it\/#website\"},\"primaryImageOfPage\":{\"@id\":\"https:\/\/manestrini.it\/de\/handcreme\/#primaryimage\"},\"image\":{\"@id\":\"https:\/\/manestrini.it\/de\/handcreme\/#primaryimage\"},\"thumbnailUrl\":\"https:\/\/manestrini.it\/wp-content\/uploads\/2020\/08\/frantoiomanestrini-prodotti-cosmetici-cremamani-1.png\",\"datePublished\":\"2020-08-19T08:19:34+00:00\",\"dateModified\":\"2025-12-01T23:00:03+00:00\",\"breadcrumb\":{\"@id\":\"https:\/\/manestrini.it\/de\/handcreme\/#breadcrumb\"},\"inLanguage\":\"de\",\"potentialAction\":[{\"@type\":\"ReadAction\",\"target\":[\"https:\/\/manestrini.it\/de\/handcreme\/\"]}]},{\"@type\":\"ImageObject\",\"inLanguage\":\"de\",\"@id\":\"https:\/\/manestrini.it\/de\/handcreme\/#primaryimage\",\"url\":\"https:\/\/manestrini.it\/wp-content\/uploads\/2020\/08\/frantoiomanestrini-prodotti-cosmetici-cremamani-1.png\",\"contentUrl\":\"https:\/\/manestrini.it\/wp-content\/uploads\/2020\/08\/frantoiomanestrini-prodotti-cosmetici-cremamani-1.png\",\"width\":950,\"height\":950},{\"@type\":\"BreadcrumbList\",\"@id\":\"https:\/\/manestrini.it\/de\/handcreme\/#breadcrumb\",\"itemListElement\":[{\"@type\":\"ListItem\",\"position\":1,\"name\":\"Home\",\"item\":\"https:\/\/manestrini.it\/\"},{\"@type\":\"ListItem\",\"position\":2,\"name\":\"Produkte\",\"item\":\"https:\/\/manestrini.it\/prodotti-tipici-lago-di-garda\/\"},{\"@type\":\"ListItem\",\"position\":3,\"name\":\"Handcreme\"}]},{\"@type\":\"WebSite\",\"@id\":\"https:\/\/manestrini.it\/#website\",\"url\":\"https:\/\/manestrini.it\/\",\"name\":\"Frantoio Manestrini\",\"description\":\"\",\"publisher\":{\"@id\":\"https:\/\/manestrini.it\/#organization\"},\"potentialAction\":[{\"@type\":\"SearchAction\",\"target\":{\"@type\":\"EntryPoint\",\"urlTemplate\":\"https:\/\/manestrini.it\/?s={search_term_string}\"},\"query-input\":{\"@type\":\"PropertyValueSpecification\",\"valueRequired\":true,\"valueName\":\"search_term_string\"}}],\"inLanguage\":\"de\"},{\"@type\":\"Organization\",\"@id\":\"https:\/\/manestrini.it\/#organization\",\"name\":\"Frantoio Manestrini\",\"url\":\"https:\/\/manestrini.it\/\",\"logo\":{\"@type\":\"ImageObject\",\"inLanguage\":\"de\",\"@id\":\"https:\/\/manestrini.it\/#\/schema\/logo\/image\/\",\"url\":\"https:\/\/manestrini.it\/wp-content\/uploads\/2020\/07\/cropped-frantoiomanestrini-logo-400px.png\",\"contentUrl\":\"https:\/\/manestrini.it\/wp-content\/uploads\/2020\/07\/cropped-frantoiomanestrini-logo-400px.png\",\"width\":401,\"height\":548,\"caption\":\"Frantoio Manestrini\"},\"image\":{\"@id\":\"https:\/\/manestrini.it\/#\/schema\/logo\/image\/\"}}]}<\/script>\n<!-- \/ Yoast SEO plugin. -->","yoast_head_json":{"title":"Handcreme - Frantoio Manestrini","robots":{"index":"index","follow":"follow","max-snippet":"max-snippet:-1","max-image-preview":"max-image-preview:large","max-video-preview":"max-video-preview:-1"},"canonical":"https:\/\/manestrini.it\/de\/handcreme\/","og_locale":"de_DE","og_type":"article","og_title":"Handcreme - Frantoio Manestrini","og_description":"Diese angenehme, fl\u00fcssige Creme zeichnet sich durch eine leichte Textur aus und zieht schnell ein. Sie gilt als idealer Schutz vor Umwelteinfl\u00fcssen (wie Wasser, K\u00e4lte, Reinigungsmitteln usw.) und n\u00e4hrt trockene H\u00e4nde und rissige Haut. Sie enth\u00e4lt erweichendes natives Oliven\u00f6l extra, sch\u00fctzende Sheabutter und Allantoin, bekannt f\u00fcr seine aufbauende Funktion.  Verwendungshinweise: Creme auf die H\u00e4nde einmassieren und einziehen lassen. Kontakt mit Augen und Schleimh\u00e4uten vermeiden.  Flaschengr\u00f6\u00dfe: 125 ml","og_url":"https:\/\/manestrini.it\/de\/handcreme\/","og_site_name":"Frantoio Manestrini","article_modified_time":"2025-12-01T23:00:03+00:00","og_image":[{"width":950,"height":950,"url":"https:\/\/manestrini.it\/wp-content\/uploads\/2020\/08\/frantoiomanestrini-prodotti-cosmetici-cremamani-1.png","type":"image\/png"}],"twitter_card":"summary_large_image","schema":{"@context":"https:\/\/schema.org","@graph":[{"@type":"WebPage","@id":"https:\/\/manestrini.it\/de\/handcreme\/","url":"https:\/\/manestrini.it\/de\/handcreme\/","name":"Handcreme - Frantoio Manestrini","isPartOf":{"@id":"https:\/\/manestrini.it\/#website"},"primaryImageOfPage":{"@id":"https:\/\/manestrini.it\/de\/handcreme\/#primaryimage"},"image":{"@id":"https:\/\/manestrini.it\/de\/handcreme\/#primaryimage"},"thumbnailUrl":"https:\/\/manestrini.it\/wp-content\/uploads\/2020\/08\/frantoiomanestrini-prodotti-cosmetici-cremamani-1.png","datePublished":"2020-08-19T08:19:34+00:00","dateModified":"2025-12-01T23:00:03+00:00","breadcrumb":{"@id":"https:\/\/manestrini.it\/de\/handcreme\/#breadcrumb"},"inLanguage":"de","potentialAction":[{"@type":"ReadAction","target":["https:\/\/manestrini.it\/de\/handcreme\/"]}]},{"@type":"ImageObject","inLanguage":"de","@id":"https:\/\/manestrini.it\/de\/handcreme\/#primaryimage","url":"https:\/\/manestrini.it\/wp-content\/uploads\/2020\/08\/frantoiomanestrini-prodotti-cosmetici-cremamani-1.png","contentUrl":"https:\/\/manestrini.it\/wp-content\/uploads\/2020\/08\/frantoiomanestrini-prodotti-cosmetici-cremamani-1.png","width":950,"height":950},{"@type":"BreadcrumbList","@id":"https:\/\/manestrini.it\/de\/handcreme\/#breadcrumb","itemListElement":[{"@type":"ListItem","position":1,"name":"Home","item":"https:\/\/manestrini.it\/"},{"@type":"ListItem","position":2,"name":"Produkte","item":"https:\/\/manestrini.it\/prodotti-tipici-lago-di-garda\/"},{"@type":"ListItem","position":3,"name":"Handcreme"}]},{"@type":"WebSite","@id":"https:\/\/manestrini.it\/#website","url":"https:\/\/manestrini.it\/","name":"Frantoio Manestrini","description":"","publisher":{"@id":"https:\/\/manestrini.it\/#organization"},"potentialAction":[{"@type":"SearchAction","target":{"@type":"EntryPoint","urlTemplate":"https:\/\/manestrini.it\/?s={search_term_string}"},"query-input":{"@type":"PropertyValueSpecification","valueRequired":true,"valueName":"search_term_string"}}],"inLanguage":"de"},{"@type":"Organization","@id":"https:\/\/manestrini.it\/#organization","name":"Frantoio Manestrini","url":"https:\/\/manestrini.it\/","logo":{"@type":"ImageObject","inLanguage":"de","@id":"https:\/\/manestrini.it\/#\/schema\/logo\/image\/","url":"https:\/\/manestrini.it\/wp-content\/uploads\/2020\/07\/cropped-frantoiomanestrini-logo-400px.png","contentUrl":"https:\/\/manestrini.it\/wp-content\/uploads\/2020\/07\/cropped-frantoiomanestrini-logo-400px.png","width":401,"height":548,"caption":"Frantoio Manestrini"},"image":{"@id":"https:\/\/manestrini.it\/#\/schema\/logo\/image\/"}}]}},"_links":{"self":[{"href":"https:\/\/manestrini.it\/de\/wp-json\/wp\/v2\/product\/6714","targetHints":{"allow":["GET"]}}],"collection":[{"href":"https:\/\/manestrini.it\/de\/wp-json\/wp\/v2\/product"}],"about":[{"href":"https:\/\/manestrini.it\/de\/wp-json\/wp\/v2\/types\/product"}],"wp:featuredmedia":[{"embeddable":true,"href":"https:\/\/manestrini.it\/de\/wp-json\/wp\/v2\/media\/2965"}],"wp:attachment":[{"href":"https:\/\/manestrini.it\/de\/wp-json\/wp\/v2\/media?parent=6714"}],"wp:term":[{"taxonomy":"product_brand","embeddable":true,"href":"https:\/\/manestrini.it\/de\/wp-json\/wp\/v2\/product_brand?post=6714"},{"taxonomy":"product_cat","embeddable":true,"href":"https:\/\/manestrini.it\/de\/wp-json\/wp\/v2\/product_cat?post=6714"},{"taxonomy":"product_tag","embeddable":true,"href":"https:\/\/manestrini.it\/de\/wp-json\/wp\/v2\/product_tag?post=6714"}],"curies":[{"name":"wp","href":"https:\/\/api.w.org\/{rel}","templated":true}]}}