{"id":6161,"date":"2020-08-17T14:52:25","date_gmt":"2021-08-26T10:10:30","guid":{"rendered":"https:\/\/manestrini.it\/?post_type=product&#038;p=6161"},"modified":"2021-11-29T00:00:47","modified_gmt":"2021-11-28T23:00:47","slug":"leccino-reinsortiges-natives-olivenoel-extra","status":"publish","type":"product","link":"https:\/\/manestrini.it\/de\/leccino-reinsortiges-natives-olivenoel-extra\/","title":{"rendered":"Leccino Reinsortiges Natives Oliven\u00f6l Extra"},"content":{"rendered":"<p><b>Ernte- und Mahlzeit: <\/b><span style=\"font-weight: 400;\">von Mitte Oktober bis Mitte November.<\/span><\/p>\n<p><b>Zeit von der Ernte bis zum Mahlen:<\/b><span style=\"font-weight: 400;\"> nicht mehr als 24 Stunden.<\/span><\/p>\n<p><b>Fr\u00e4smethode:<\/b><span style=\"font-weight: 400;\"> kontinuierlicher Zyklus. Kaltextraktion.<\/span><\/p>\n<p><b>Farbe:<\/b><span style=\"font-weight: 400;\"> sehr hellgr\u00fcn mit goldenen Reflexen<\/span><\/p>\n<p><b>S\u00e4ure:<\/b><span style=\"font-weight: 400;\"> Das rechtzeitige Sammeln und Pressen der Oliven erm\u00f6glicht es, ein \u00d6l mit sehr geringem S\u00e4uregehalt (0,2% &#8211; 0,3%) zu erhalten.<\/span><\/p>\n","protected":false},"excerpt":{"rendered":"<p><b>Olivensorte:<\/b><span style=\"font-weight: 400;\"> 100% Leccino-Sorte.<\/span><\/p>\n<p><b>Bouquet:<\/b><span style=\"font-weight: 400;\"> zart und elegant mit einem Hauch von frisch gepfl\u00fcckten Oliven. Leicht olivfruchtig.<\/span><\/p>\n<p><b>Geschmack:<\/b><span style=\"font-weight: 400;\"> voll und harmonisch, reich an s\u00fc\u00dfen Noten und einer leichten Intensit\u00e4t von bitter und w\u00fcrzig in der richtigen Balance.<\/span><\/p>\n<p><b>Paarungen:<\/b><span style=\"font-weight: 400;\"> gekochter Fisch, wei\u00dfes Fleisch, Gem\u00fcse mit s\u00fc\u00dflichem und frischem K\u00e4se. F\u00fcr seine Delikatesse verst\u00e4rkt es den Geschmack komplexer und w\u00fcrziger Gerichte.<\/span><\/p>\n","protected":false},"featured_media":2871,"template":"","meta":{"_acf_changed":false},"product_brand":[],"product_cat":[221],"product_tag":[],"class_list":{"0":"post-6161","1":"product","2":"type-product","3":"status-publish","4":"has-post-thumbnail","6":"product_cat-ol","8":"first","9":"instock","10":"shipping-taxable","11":"purchasable","12":"product-type-variable"},"acf":[],"yoast_head":"<!-- This site is optimized with the Yoast SEO plugin v26.4 - https:\/\/yoast.com\/wordpress\/plugins\/seo\/ -->\n<title>Leccino Reinsortiges Natives Oliven\u00f6l Extra - Frantoio Manestrini<\/title>\n<meta name=\"robots\" content=\"index, follow, max-snippet:-1, max-image-preview:large, max-video-preview:-1\" \/>\n<link rel=\"canonical\" href=\"https:\/\/manestrini.it\/de\/leccino-reinsortiges-natives-olivenoel-extra\/\" \/>\n<meta property=\"og:locale\" content=\"de_DE\" \/>\n<meta property=\"og:type\" content=\"article\" \/>\n<meta property=\"og:title\" content=\"Leccino Reinsortiges Natives Oliven\u00f6l Extra - Frantoio Manestrini\" \/>\n<meta property=\"og:description\" content=\"Olivensorte: 100% Leccino-Sorte.  Bouquet: zart und elegant mit einem Hauch von frisch gepfl\u00fcckten Oliven. Leicht olivfruchtig.  Geschmack: voll und harmonisch, reich an s\u00fc\u00dfen Noten und einer leichten Intensit\u00e4t von bitter und w\u00fcrzig in der richtigen Balance.  Paarungen: gekochter Fisch, wei\u00dfes Fleisch, Gem\u00fcse mit s\u00fc\u00dflichem und frischem K\u00e4se. F\u00fcr seine Delikatesse verst\u00e4rkt es den Geschmack komplexer und w\u00fcrziger Gerichte.\" \/>\n<meta property=\"og:url\" content=\"https:\/\/manestrini.it\/de\/leccino-reinsortiges-natives-olivenoel-extra\/\" \/>\n<meta property=\"og:site_name\" content=\"Frantoio Manestrini\" \/>\n<meta property=\"article:modified_time\" content=\"2021-11-28T23:00:47+00:00\" \/>\n<meta property=\"og:image\" content=\"https:\/\/manestrini.it\/wp-content\/uploads\/2020\/08\/FrantoioManestrini-Prodotti-OlioEVOItalianoMonovarietaleLeccino-05lt.png\" \/>\n\t<meta property=\"og:image:width\" content=\"950\" \/>\n\t<meta property=\"og:image:height\" content=\"950\" \/>\n\t<meta property=\"og:image:type\" content=\"image\/png\" \/>\n<meta name=\"twitter:card\" content=\"summary_large_image\" \/>\n<script type=\"application\/ld+json\" class=\"yoast-schema-graph\">{\"@context\":\"https:\/\/schema.org\",\"@graph\":[{\"@type\":\"WebPage\",\"@id\":\"https:\/\/manestrini.it\/de\/leccino-reinsortiges-natives-olivenoel-extra\/\",\"url\":\"https:\/\/manestrini.it\/de\/leccino-reinsortiges-natives-olivenoel-extra\/\",\"name\":\"Leccino Reinsortiges Natives Oliven\u00f6l Extra - Frantoio Manestrini\",\"isPartOf\":{\"@id\":\"https:\/\/manestrini.it\/#website\"},\"primaryImageOfPage\":{\"@id\":\"https:\/\/manestrini.it\/de\/leccino-reinsortiges-natives-olivenoel-extra\/#primaryimage\"},\"image\":{\"@id\":\"https:\/\/manestrini.it\/de\/leccino-reinsortiges-natives-olivenoel-extra\/#primaryimage\"},\"thumbnailUrl\":\"https:\/\/manestrini.it\/wp-content\/uploads\/2020\/08\/FrantoioManestrini-Prodotti-OlioEVOItalianoMonovarietaleLeccino-05lt.png\",\"datePublished\":\"2021-08-26T10:10:30+00:00\",\"dateModified\":\"2021-11-28T23:00:47+00:00\",\"breadcrumb\":{\"@id\":\"https:\/\/manestrini.it\/de\/leccino-reinsortiges-natives-olivenoel-extra\/#breadcrumb\"},\"inLanguage\":\"de\",\"potentialAction\":[{\"@type\":\"ReadAction\",\"target\":[\"https:\/\/manestrini.it\/de\/leccino-reinsortiges-natives-olivenoel-extra\/\"]}]},{\"@type\":\"ImageObject\",\"inLanguage\":\"de\",\"@id\":\"https:\/\/manestrini.it\/de\/leccino-reinsortiges-natives-olivenoel-extra\/#primaryimage\",\"url\":\"https:\/\/manestrini.it\/wp-content\/uploads\/2020\/08\/FrantoioManestrini-Prodotti-OlioEVOItalianoMonovarietaleLeccino-05lt.png\",\"contentUrl\":\"https:\/\/manestrini.it\/wp-content\/uploads\/2020\/08\/FrantoioManestrini-Prodotti-OlioEVOItalianoMonovarietaleLeccino-05lt.png\",\"width\":950,\"height\":950},{\"@type\":\"BreadcrumbList\",\"@id\":\"https:\/\/manestrini.it\/de\/leccino-reinsortiges-natives-olivenoel-extra\/#breadcrumb\",\"itemListElement\":[{\"@type\":\"ListItem\",\"position\":1,\"name\":\"Home\",\"item\":\"https:\/\/manestrini.it\/\"},{\"@type\":\"ListItem\",\"position\":2,\"name\":\"Produkte\",\"item\":\"https:\/\/manestrini.it\/prodotti-tipici-lago-di-garda\/\"},{\"@type\":\"ListItem\",\"position\":3,\"name\":\"Leccino Reinsortiges Natives Oliven\u00f6l Extra\"}]},{\"@type\":\"WebSite\",\"@id\":\"https:\/\/manestrini.it\/#website\",\"url\":\"https:\/\/manestrini.it\/\",\"name\":\"Frantoio Manestrini\",\"description\":\"\",\"publisher\":{\"@id\":\"https:\/\/manestrini.it\/#organization\"},\"potentialAction\":[{\"@type\":\"SearchAction\",\"target\":{\"@type\":\"EntryPoint\",\"urlTemplate\":\"https:\/\/manestrini.it\/?s={search_term_string}\"},\"query-input\":{\"@type\":\"PropertyValueSpecification\",\"valueRequired\":true,\"valueName\":\"search_term_string\"}}],\"inLanguage\":\"de\"},{\"@type\":\"Organization\",\"@id\":\"https:\/\/manestrini.it\/#organization\",\"name\":\"Frantoio Manestrini\",\"url\":\"https:\/\/manestrini.it\/\",\"logo\":{\"@type\":\"ImageObject\",\"inLanguage\":\"de\",\"@id\":\"https:\/\/manestrini.it\/#\/schema\/logo\/image\/\",\"url\":\"https:\/\/manestrini.it\/wp-content\/uploads\/2020\/07\/cropped-frantoiomanestrini-logo-400px.png\",\"contentUrl\":\"https:\/\/manestrini.it\/wp-content\/uploads\/2020\/07\/cropped-frantoiomanestrini-logo-400px.png\",\"width\":401,\"height\":548,\"caption\":\"Frantoio Manestrini\"},\"image\":{\"@id\":\"https:\/\/manestrini.it\/#\/schema\/logo\/image\/\"}}]}<\/script>\n<!-- \/ Yoast SEO plugin. -->","yoast_head_json":{"title":"Leccino Reinsortiges Natives Oliven\u00f6l Extra - Frantoio Manestrini","robots":{"index":"index","follow":"follow","max-snippet":"max-snippet:-1","max-image-preview":"max-image-preview:large","max-video-preview":"max-video-preview:-1"},"canonical":"https:\/\/manestrini.it\/de\/leccino-reinsortiges-natives-olivenoel-extra\/","og_locale":"de_DE","og_type":"article","og_title":"Leccino Reinsortiges Natives Oliven\u00f6l Extra - Frantoio Manestrini","og_description":"Olivensorte: 100% Leccino-Sorte.  Bouquet: zart und elegant mit einem Hauch von frisch gepfl\u00fcckten Oliven. Leicht olivfruchtig.  Geschmack: voll und harmonisch, reich an s\u00fc\u00dfen Noten und einer leichten Intensit\u00e4t von bitter und w\u00fcrzig in der richtigen Balance.  Paarungen: gekochter Fisch, wei\u00dfes Fleisch, Gem\u00fcse mit s\u00fc\u00dflichem und frischem K\u00e4se. F\u00fcr seine Delikatesse verst\u00e4rkt es den Geschmack komplexer und w\u00fcrziger Gerichte.","og_url":"https:\/\/manestrini.it\/de\/leccino-reinsortiges-natives-olivenoel-extra\/","og_site_name":"Frantoio Manestrini","article_modified_time":"2021-11-28T23:00:47+00:00","og_image":[{"width":950,"height":950,"url":"https:\/\/manestrini.it\/wp-content\/uploads\/2020\/08\/FrantoioManestrini-Prodotti-OlioEVOItalianoMonovarietaleLeccino-05lt.png","type":"image\/png"}],"twitter_card":"summary_large_image","schema":{"@context":"https:\/\/schema.org","@graph":[{"@type":"WebPage","@id":"https:\/\/manestrini.it\/de\/leccino-reinsortiges-natives-olivenoel-extra\/","url":"https:\/\/manestrini.it\/de\/leccino-reinsortiges-natives-olivenoel-extra\/","name":"Leccino Reinsortiges Natives Oliven\u00f6l Extra - Frantoio Manestrini","isPartOf":{"@id":"https:\/\/manestrini.it\/#website"},"primaryImageOfPage":{"@id":"https:\/\/manestrini.it\/de\/leccino-reinsortiges-natives-olivenoel-extra\/#primaryimage"},"image":{"@id":"https:\/\/manestrini.it\/de\/leccino-reinsortiges-natives-olivenoel-extra\/#primaryimage"},"thumbnailUrl":"https:\/\/manestrini.it\/wp-content\/uploads\/2020\/08\/FrantoioManestrini-Prodotti-OlioEVOItalianoMonovarietaleLeccino-05lt.png","datePublished":"2021-08-26T10:10:30+00:00","dateModified":"2021-11-28T23:00:47+00:00","breadcrumb":{"@id":"https:\/\/manestrini.it\/de\/leccino-reinsortiges-natives-olivenoel-extra\/#breadcrumb"},"inLanguage":"de","potentialAction":[{"@type":"ReadAction","target":["https:\/\/manestrini.it\/de\/leccino-reinsortiges-natives-olivenoel-extra\/"]}]},{"@type":"ImageObject","inLanguage":"de","@id":"https:\/\/manestrini.it\/de\/leccino-reinsortiges-natives-olivenoel-extra\/#primaryimage","url":"https:\/\/manestrini.it\/wp-content\/uploads\/2020\/08\/FrantoioManestrini-Prodotti-OlioEVOItalianoMonovarietaleLeccino-05lt.png","contentUrl":"https:\/\/manestrini.it\/wp-content\/uploads\/2020\/08\/FrantoioManestrini-Prodotti-OlioEVOItalianoMonovarietaleLeccino-05lt.png","width":950,"height":950},{"@type":"BreadcrumbList","@id":"https:\/\/manestrini.it\/de\/leccino-reinsortiges-natives-olivenoel-extra\/#breadcrumb","itemListElement":[{"@type":"ListItem","position":1,"name":"Home","item":"https:\/\/manestrini.it\/"},{"@type":"ListItem","position":2,"name":"Produkte","item":"https:\/\/manestrini.it\/prodotti-tipici-lago-di-garda\/"},{"@type":"ListItem","position":3,"name":"Leccino Reinsortiges Natives Oliven\u00f6l Extra"}]},{"@type":"WebSite","@id":"https:\/\/manestrini.it\/#website","url":"https:\/\/manestrini.it\/","name":"Frantoio Manestrini","description":"","publisher":{"@id":"https:\/\/manestrini.it\/#organization"},"potentialAction":[{"@type":"SearchAction","target":{"@type":"EntryPoint","urlTemplate":"https:\/\/manestrini.it\/?s={search_term_string}"},"query-input":{"@type":"PropertyValueSpecification","valueRequired":true,"valueName":"search_term_string"}}],"inLanguage":"de"},{"@type":"Organization","@id":"https:\/\/manestrini.it\/#organization","name":"Frantoio Manestrini","url":"https:\/\/manestrini.it\/","logo":{"@type":"ImageObject","inLanguage":"de","@id":"https:\/\/manestrini.it\/#\/schema\/logo\/image\/","url":"https:\/\/manestrini.it\/wp-content\/uploads\/2020\/07\/cropped-frantoiomanestrini-logo-400px.png","contentUrl":"https:\/\/manestrini.it\/wp-content\/uploads\/2020\/07\/cropped-frantoiomanestrini-logo-400px.png","width":401,"height":548,"caption":"Frantoio Manestrini"},"image":{"@id":"https:\/\/manestrini.it\/#\/schema\/logo\/image\/"}}]}},"_links":{"self":[{"href":"https:\/\/manestrini.it\/de\/wp-json\/wp\/v2\/product\/6161","targetHints":{"allow":["GET"]}}],"collection":[{"href":"https:\/\/manestrini.it\/de\/wp-json\/wp\/v2\/product"}],"about":[{"href":"https:\/\/manestrini.it\/de\/wp-json\/wp\/v2\/types\/product"}],"wp:featuredmedia":[{"embeddable":true,"href":"https:\/\/manestrini.it\/de\/wp-json\/wp\/v2\/media\/2871"}],"wp:attachment":[{"href":"https:\/\/manestrini.it\/de\/wp-json\/wp\/v2\/media?parent=6161"}],"wp:term":[{"taxonomy":"product_brand","embeddable":true,"href":"https:\/\/manestrini.it\/de\/wp-json\/wp\/v2\/product_brand?post=6161"},{"taxonomy":"product_cat","embeddable":true,"href":"https:\/\/manestrini.it\/de\/wp-json\/wp\/v2\/product_cat?post=6161"},{"taxonomy":"product_tag","embeddable":true,"href":"https:\/\/manestrini.it\/de\/wp-json\/wp\/v2\/product_tag?post=6161"}],"curies":[{"name":"wp","href":"https:\/\/api.w.org\/{rel}","templated":true}]}}