{"id":39156,"date":"2025-07-31T09:34:15","date_gmt":"2025-07-31T08:34:15","guid":{"rendered":"https:\/\/manestrini.it\/pate-di-peperoni\/"},"modified":"2025-07-31T09:38:31","modified_gmt":"2025-07-31T08:38:31","slug":"pate-di-peperoni","status":"publish","type":"product","link":"https:\/\/manestrini.it\/de\/pate-di-peperoni\/","title":{"rendered":"Paprikacreme"},"content":{"rendered":"<p>Zutaten: Rote und gelbe Paprika 80\u202f%, natives Oliven\u00f6l extra, Zwiebeln, K\u00e4se, Salz, Knoblauch, Sardellen, Basilikum, Petersilie, Pfeffer, Kartoffelst\u00e4rke, S\u00e4uerungsmittel: Zitronens\u00e4ure.<\/p>\n","protected":false},"excerpt":{"rendered":"<p>Ein cremiges Pat\u00e9 mit kr\u00e4ftigem Geschmack \u2013 ideal, um Crostini, Vorspeisen, Pasta oder Hauptgerichte mit Fleisch und Fisch mediterran zu verfeinern.<\/p>\n","protected":false},"featured_media":39149,"template":"","meta":{"_acf_changed":false},"product_brand":[],"product_cat":[207],"product_tag":[],"class_list":{"0":"post-39156","1":"product","2":"type-product","3":"status-publish","4":"has-post-thumbnail","6":"product_cat-gastronomische-spezialitaeten","8":"first","9":"instock","10":"shipping-taxable","11":"purchasable","12":"product-type-simple"},"acf":[],"yoast_head":"<!-- This site is optimized with the Yoast SEO plugin v26.4 - https:\/\/yoast.com\/wordpress\/plugins\/seo\/ -->\n<title>Paprikacreme - Frantoio Manestrini<\/title>\n<meta name=\"robots\" content=\"index, follow, max-snippet:-1, max-image-preview:large, max-video-preview:-1\" \/>\n<link rel=\"canonical\" href=\"https:\/\/manestrini.it\/de\/pate-di-peperoni\/\" \/>\n<meta property=\"og:locale\" content=\"de_DE\" \/>\n<meta property=\"og:type\" content=\"article\" \/>\n<meta property=\"og:title\" content=\"Paprikacreme - Frantoio Manestrini\" \/>\n<meta property=\"og:description\" content=\"Ein cremiges Pat\u00e9 mit kr\u00e4ftigem Geschmack \u2013 ideal, um Crostini, Vorspeisen, Pasta oder Hauptgerichte mit Fleisch und Fisch mediterran zu verfeinern.\" \/>\n<meta property=\"og:url\" content=\"https:\/\/manestrini.it\/de\/pate-di-peperoni\/\" \/>\n<meta property=\"og:site_name\" content=\"Frantoio Manestrini\" \/>\n<meta property=\"article:modified_time\" content=\"2025-07-31T08:38:31+00:00\" \/>\n<meta property=\"og:image\" content=\"https:\/\/manestrini.it\/wp-content\/uploads\/2025\/07\/PATe-PEPERONI-1.png\" \/>\n\t<meta property=\"og:image:width\" content=\"800\" \/>\n\t<meta property=\"og:image:height\" content=\"800\" \/>\n\t<meta property=\"og:image:type\" content=\"image\/png\" \/>\n<meta name=\"twitter:card\" content=\"summary_large_image\" \/>\n<meta name=\"twitter:label1\" content=\"Gesch\u00e4tzte Lesezeit\" \/>\n\t<meta name=\"twitter:data1\" content=\"1\u00a0Minute\" \/>\n<script type=\"application\/ld+json\" class=\"yoast-schema-graph\">{\"@context\":\"https:\/\/schema.org\",\"@graph\":[{\"@type\":\"WebPage\",\"@id\":\"https:\/\/manestrini.it\/de\/pate-di-peperoni\/\",\"url\":\"https:\/\/manestrini.it\/de\/pate-di-peperoni\/\",\"name\":\"Paprikacreme - Frantoio Manestrini\",\"isPartOf\":{\"@id\":\"https:\/\/manestrini.it\/#website\"},\"primaryImageOfPage\":{\"@id\":\"https:\/\/manestrini.it\/de\/pate-di-peperoni\/#primaryimage\"},\"image\":{\"@id\":\"https:\/\/manestrini.it\/de\/pate-di-peperoni\/#primaryimage\"},\"thumbnailUrl\":\"https:\/\/manestrini.it\/wp-content\/uploads\/2025\/07\/PATe-PEPERONI-1.png\",\"datePublished\":\"2025-07-31T08:34:15+00:00\",\"dateModified\":\"2025-07-31T08:38:31+00:00\",\"breadcrumb\":{\"@id\":\"https:\/\/manestrini.it\/de\/pate-di-peperoni\/#breadcrumb\"},\"inLanguage\":\"de\",\"potentialAction\":[{\"@type\":\"ReadAction\",\"target\":[\"https:\/\/manestrini.it\/de\/pate-di-peperoni\/\"]}]},{\"@type\":\"ImageObject\",\"inLanguage\":\"de\",\"@id\":\"https:\/\/manestrini.it\/de\/pate-di-peperoni\/#primaryimage\",\"url\":\"https:\/\/manestrini.it\/wp-content\/uploads\/2025\/07\/PATe-PEPERONI-1.png\",\"contentUrl\":\"https:\/\/manestrini.it\/wp-content\/uploads\/2025\/07\/PATe-PEPERONI-1.png\",\"width\":800,\"height\":800},{\"@type\":\"BreadcrumbList\",\"@id\":\"https:\/\/manestrini.it\/de\/pate-di-peperoni\/#breadcrumb\",\"itemListElement\":[{\"@type\":\"ListItem\",\"position\":1,\"name\":\"Home\",\"item\":\"https:\/\/manestrini.it\/\"},{\"@type\":\"ListItem\",\"position\":2,\"name\":\"Produkte\",\"item\":\"https:\/\/manestrini.it\/prodotti-tipici-lago-di-garda\/\"},{\"@type\":\"ListItem\",\"position\":3,\"name\":\"Paprikacreme\"}]},{\"@type\":\"WebSite\",\"@id\":\"https:\/\/manestrini.it\/#website\",\"url\":\"https:\/\/manestrini.it\/\",\"name\":\"Frantoio Manestrini\",\"description\":\"\",\"publisher\":{\"@id\":\"https:\/\/manestrini.it\/#organization\"},\"potentialAction\":[{\"@type\":\"SearchAction\",\"target\":{\"@type\":\"EntryPoint\",\"urlTemplate\":\"https:\/\/manestrini.it\/?s={search_term_string}\"},\"query-input\":{\"@type\":\"PropertyValueSpecification\",\"valueRequired\":true,\"valueName\":\"search_term_string\"}}],\"inLanguage\":\"de\"},{\"@type\":\"Organization\",\"@id\":\"https:\/\/manestrini.it\/#organization\",\"name\":\"Frantoio Manestrini\",\"url\":\"https:\/\/manestrini.it\/\",\"logo\":{\"@type\":\"ImageObject\",\"inLanguage\":\"de\",\"@id\":\"https:\/\/manestrini.it\/#\/schema\/logo\/image\/\",\"url\":\"https:\/\/manestrini.it\/wp-content\/uploads\/2020\/07\/cropped-frantoiomanestrini-logo-400px.png\",\"contentUrl\":\"https:\/\/manestrini.it\/wp-content\/uploads\/2020\/07\/cropped-frantoiomanestrini-logo-400px.png\",\"width\":401,\"height\":548,\"caption\":\"Frantoio Manestrini\"},\"image\":{\"@id\":\"https:\/\/manestrini.it\/#\/schema\/logo\/image\/\"}}]}<\/script>\n<!-- \/ Yoast SEO plugin. -->","yoast_head_json":{"title":"Paprikacreme - Frantoio Manestrini","robots":{"index":"index","follow":"follow","max-snippet":"max-snippet:-1","max-image-preview":"max-image-preview:large","max-video-preview":"max-video-preview:-1"},"canonical":"https:\/\/manestrini.it\/de\/pate-di-peperoni\/","og_locale":"de_DE","og_type":"article","og_title":"Paprikacreme - Frantoio Manestrini","og_description":"Ein cremiges Pat\u00e9 mit kr\u00e4ftigem Geschmack \u2013 ideal, um Crostini, Vorspeisen, Pasta oder Hauptgerichte mit Fleisch und Fisch mediterran zu verfeinern.","og_url":"https:\/\/manestrini.it\/de\/pate-di-peperoni\/","og_site_name":"Frantoio Manestrini","article_modified_time":"2025-07-31T08:38:31+00:00","og_image":[{"width":800,"height":800,"url":"https:\/\/manestrini.it\/wp-content\/uploads\/2025\/07\/PATe-PEPERONI-1.png","type":"image\/png"}],"twitter_card":"summary_large_image","twitter_misc":{"Gesch\u00e4tzte Lesezeit":"1\u00a0Minute"},"schema":{"@context":"https:\/\/schema.org","@graph":[{"@type":"WebPage","@id":"https:\/\/manestrini.it\/de\/pate-di-peperoni\/","url":"https:\/\/manestrini.it\/de\/pate-di-peperoni\/","name":"Paprikacreme - Frantoio Manestrini","isPartOf":{"@id":"https:\/\/manestrini.it\/#website"},"primaryImageOfPage":{"@id":"https:\/\/manestrini.it\/de\/pate-di-peperoni\/#primaryimage"},"image":{"@id":"https:\/\/manestrini.it\/de\/pate-di-peperoni\/#primaryimage"},"thumbnailUrl":"https:\/\/manestrini.it\/wp-content\/uploads\/2025\/07\/PATe-PEPERONI-1.png","datePublished":"2025-07-31T08:34:15+00:00","dateModified":"2025-07-31T08:38:31+00:00","breadcrumb":{"@id":"https:\/\/manestrini.it\/de\/pate-di-peperoni\/#breadcrumb"},"inLanguage":"de","potentialAction":[{"@type":"ReadAction","target":["https:\/\/manestrini.it\/de\/pate-di-peperoni\/"]}]},{"@type":"ImageObject","inLanguage":"de","@id":"https:\/\/manestrini.it\/de\/pate-di-peperoni\/#primaryimage","url":"https:\/\/manestrini.it\/wp-content\/uploads\/2025\/07\/PATe-PEPERONI-1.png","contentUrl":"https:\/\/manestrini.it\/wp-content\/uploads\/2025\/07\/PATe-PEPERONI-1.png","width":800,"height":800},{"@type":"BreadcrumbList","@id":"https:\/\/manestrini.it\/de\/pate-di-peperoni\/#breadcrumb","itemListElement":[{"@type":"ListItem","position":1,"name":"Home","item":"https:\/\/manestrini.it\/"},{"@type":"ListItem","position":2,"name":"Produkte","item":"https:\/\/manestrini.it\/prodotti-tipici-lago-di-garda\/"},{"@type":"ListItem","position":3,"name":"Paprikacreme"}]},{"@type":"WebSite","@id":"https:\/\/manestrini.it\/#website","url":"https:\/\/manestrini.it\/","name":"Frantoio Manestrini","description":"","publisher":{"@id":"https:\/\/manestrini.it\/#organization"},"potentialAction":[{"@type":"SearchAction","target":{"@type":"EntryPoint","urlTemplate":"https:\/\/manestrini.it\/?s={search_term_string}"},"query-input":{"@type":"PropertyValueSpecification","valueRequired":true,"valueName":"search_term_string"}}],"inLanguage":"de"},{"@type":"Organization","@id":"https:\/\/manestrini.it\/#organization","name":"Frantoio Manestrini","url":"https:\/\/manestrini.it\/","logo":{"@type":"ImageObject","inLanguage":"de","@id":"https:\/\/manestrini.it\/#\/schema\/logo\/image\/","url":"https:\/\/manestrini.it\/wp-content\/uploads\/2020\/07\/cropped-frantoiomanestrini-logo-400px.png","contentUrl":"https:\/\/manestrini.it\/wp-content\/uploads\/2020\/07\/cropped-frantoiomanestrini-logo-400px.png","width":401,"height":548,"caption":"Frantoio Manestrini"},"image":{"@id":"https:\/\/manestrini.it\/#\/schema\/logo\/image\/"}}]}},"_links":{"self":[{"href":"https:\/\/manestrini.it\/de\/wp-json\/wp\/v2\/product\/39156","targetHints":{"allow":["GET"]}}],"collection":[{"href":"https:\/\/manestrini.it\/de\/wp-json\/wp\/v2\/product"}],"about":[{"href":"https:\/\/manestrini.it\/de\/wp-json\/wp\/v2\/types\/product"}],"wp:featuredmedia":[{"embeddable":true,"href":"https:\/\/manestrini.it\/de\/wp-json\/wp\/v2\/media\/39149"}],"wp:attachment":[{"href":"https:\/\/manestrini.it\/de\/wp-json\/wp\/v2\/media?parent=39156"}],"wp:term":[{"taxonomy":"product_brand","embeddable":true,"href":"https:\/\/manestrini.it\/de\/wp-json\/wp\/v2\/product_brand?post=39156"},{"taxonomy":"product_cat","embeddable":true,"href":"https:\/\/manestrini.it\/de\/wp-json\/wp\/v2\/product_cat?post=39156"},{"taxonomy":"product_tag","embeddable":true,"href":"https:\/\/manestrini.it\/de\/wp-json\/wp\/v2\/product_tag?post=39156"}],"curies":[{"name":"wp","href":"https:\/\/api.w.org\/{rel}","templated":true}]}}