{"id":38821,"date":"2022-01-20T09:24:40","date_gmt":"2022-01-20T08:24:40","guid":{"rendered":"https:\/\/manestrini.it\/box-beauty\/"},"modified":"2025-07-12T10:51:38","modified_gmt":"2025-07-12T09:51:38","slug":"box-beauty","status":"publish","type":"product","link":"https:\/\/manestrini.it\/de\/box-beauty\/","title":{"rendered":"Box &#8211; Beauty"},"content":{"rendered":"<p data-start=\"1507\" data-end=\"2059\"><strong data-start=\"1507\" data-end=\"1534\">N\u00e4hrende Gesichtscreme:<\/strong><br data-start=\"1534\" data-end=\"1537\" \/>Eine ausgezeichnete, angenehm weiche Creme mit einer n\u00e4hrstoffreichen Formulierung, die funktionelle Inhaltsstoffe wie natives Oliven\u00f6l extra enth\u00e4lt \u2013 reich an unverseifbaren Bestandteilen mit straffender Wirkung \u2013, Bienenwachs f\u00fcr mehr Hautfestigkeit und -tonus, Sheabutter mit bekannten pflegenden und regenerierenden Eigenschaften sowie Weizenkeim\u00f6l, reich an Retinol (dem Anti-Aging-Vitamin). Die hohe Konzentration dieser vollkommen nat\u00fcrlichen Inhaltsstoffe verleiht der Haut ein frisches und jugendliches Aussehen.<\/p>\n<p data-start=\"2061\" data-end=\"2525\"><strong data-start=\"2061\" data-end=\"2085\">Gr\u00fcner Tee Duschgel:<\/strong><br data-start=\"2085\" data-end=\"2088\" \/>Mit einer sanften Basis formuliert, bietet dieses Produkt einen echten Moment der Pflege f\u00fcr die ganze Familie \u2013 sowohl f\u00fcr ein entspannendes Bad als auch f\u00fcr eine belebende Dusche. Die in der modernen Rezeptur verwendeten Rohstoffe reinigen die Haut sanft und bewahren den nat\u00fcrlichen hydrolipidischen Film. Ein kostbarer Tropfen extra natives Oliven\u00f6l macht diesen Reiniger noch milder. F\u00fcr eine saubere, weiche und zart duftende Haut.<\/p>\n<p data-start=\"2527\" data-end=\"2835\"><strong data-start=\"2527\" data-end=\"2560\">Zitronen- und Lavendelseifen:<\/strong><br data-start=\"2560\" data-end=\"2563\" \/>Dank der enthaltenen Wirkstoffe reinigen diese Seifen sanft und angenehm, und hinterlassen die Haut weich und duftend. Hergestellt nach traditionellen und bew\u00e4hrten Verfahren, sind sie f\u00fcr die ganze Familie geeignet. Enth\u00e4lt au\u00dferdem: Oliven\u00f6l, S\u00fc\u00dfmandel\u00f6l und Lecithin\u00f6l.<\/p>\n","protected":false},"excerpt":{"rendered":"<p data-start=\"2837\" data-end=\"2859\"><strong data-start=\"2837\" data-end=\"2859\">Diese Box enth\u00e4lt:<\/strong><\/p>\n<ul data-start=\"2860\" data-end=\"2946\">\n<li data-start=\"2860\" data-end=\"2886\">\n<p data-start=\"2862\" data-end=\"2886\">N\u00e4hrende Gesichtscreme<\/p>\n<\/li>\n<li data-start=\"2887\" data-end=\"2910\">\n<p data-start=\"2889\" data-end=\"2910\">Gr\u00fcner Tee Duschgel<\/p>\n<\/li>\n<li data-start=\"2911\" data-end=\"2928\">\n<p data-start=\"2913\" data-end=\"2928\">Zitronenseife<\/p>\n<\/li>\n<li data-start=\"2929\" data-end=\"2946\">\n<p data-start=\"2931\" data-end=\"2946\">Lavendelseife<\/p>\n<\/li>\n<\/ul>\n","protected":false},"featured_media":36298,"template":"","meta":{"_acf_changed":false},"product_brand":[],"product_cat":[581],"product_tag":[],"class_list":{"0":"post-38821","1":"product","2":"type-product","3":"status-publish","4":"has-post-thumbnail","6":"product_cat-geschenkbox-geschenkideen","8":"first","9":"instock","10":"shipping-taxable","11":"purchasable","12":"product-type-simple"},"acf":[],"yoast_head":"<!-- This site is optimized with the Yoast SEO plugin v26.4 - https:\/\/yoast.com\/wordpress\/plugins\/seo\/ -->\n<title>Box - Beauty - Frantoio Manestrini<\/title>\n<meta name=\"robots\" content=\"index, follow, max-snippet:-1, max-image-preview:large, max-video-preview:-1\" \/>\n<link rel=\"canonical\" href=\"https:\/\/manestrini.it\/de\/box-beauty\/\" \/>\n<meta property=\"og:locale\" content=\"de_DE\" \/>\n<meta property=\"og:type\" content=\"article\" \/>\n<meta property=\"og:title\" content=\"Box - Beauty - Frantoio Manestrini\" \/>\n<meta property=\"og:description\" content=\"Diese Box enth\u00e4lt:     N\u00e4hrende Gesichtscreme    Gr\u00fcner Tee Duschgel    Zitronenseife    Lavendelseife\" \/>\n<meta property=\"og:url\" content=\"https:\/\/manestrini.it\/de\/box-beauty\/\" \/>\n<meta property=\"og:site_name\" content=\"Frantoio Manestrini\" \/>\n<meta property=\"article:modified_time\" content=\"2025-07-12T09:51:38+00:00\" \/>\n<meta property=\"og:image\" content=\"https:\/\/manestrini.it\/wp-content\/uploads\/2022\/01\/Copia-di-Best-Wishes-10.png\" \/>\n\t<meta property=\"og:image:width\" content=\"800\" \/>\n\t<meta property=\"og:image:height\" content=\"800\" \/>\n\t<meta property=\"og:image:type\" content=\"image\/png\" \/>\n<meta name=\"twitter:card\" content=\"summary_large_image\" \/>\n<meta name=\"twitter:label1\" content=\"Gesch\u00e4tzte Lesezeit\" \/>\n\t<meta name=\"twitter:data1\" content=\"2\u00a0Minuten\" \/>\n<script type=\"application\/ld+json\" class=\"yoast-schema-graph\">{\"@context\":\"https:\/\/schema.org\",\"@graph\":[{\"@type\":\"WebPage\",\"@id\":\"https:\/\/manestrini.it\/de\/box-beauty\/\",\"url\":\"https:\/\/manestrini.it\/de\/box-beauty\/\",\"name\":\"Box - Beauty - Frantoio Manestrini\",\"isPartOf\":{\"@id\":\"https:\/\/manestrini.it\/#website\"},\"primaryImageOfPage\":{\"@id\":\"https:\/\/manestrini.it\/de\/box-beauty\/#primaryimage\"},\"image\":{\"@id\":\"https:\/\/manestrini.it\/de\/box-beauty\/#primaryimage\"},\"thumbnailUrl\":\"https:\/\/manestrini.it\/wp-content\/uploads\/2022\/01\/Copia-di-Best-Wishes-10.png\",\"datePublished\":\"2022-01-20T08:24:40+00:00\",\"dateModified\":\"2025-07-12T09:51:38+00:00\",\"breadcrumb\":{\"@id\":\"https:\/\/manestrini.it\/de\/box-beauty\/#breadcrumb\"},\"inLanguage\":\"de\",\"potentialAction\":[{\"@type\":\"ReadAction\",\"target\":[\"https:\/\/manestrini.it\/de\/box-beauty\/\"]}]},{\"@type\":\"ImageObject\",\"inLanguage\":\"de\",\"@id\":\"https:\/\/manestrini.it\/de\/box-beauty\/#primaryimage\",\"url\":\"https:\/\/manestrini.it\/wp-content\/uploads\/2022\/01\/Copia-di-Best-Wishes-10.png\",\"contentUrl\":\"https:\/\/manestrini.it\/wp-content\/uploads\/2022\/01\/Copia-di-Best-Wishes-10.png\",\"width\":800,\"height\":800},{\"@type\":\"BreadcrumbList\",\"@id\":\"https:\/\/manestrini.it\/de\/box-beauty\/#breadcrumb\",\"itemListElement\":[{\"@type\":\"ListItem\",\"position\":1,\"name\":\"Home\",\"item\":\"https:\/\/manestrini.it\/\"},{\"@type\":\"ListItem\",\"position\":2,\"name\":\"Produkte\",\"item\":\"https:\/\/manestrini.it\/prodotti-tipici-lago-di-garda\/\"},{\"@type\":\"ListItem\",\"position\":3,\"name\":\"Box &#8211; Beauty\"}]},{\"@type\":\"WebSite\",\"@id\":\"https:\/\/manestrini.it\/#website\",\"url\":\"https:\/\/manestrini.it\/\",\"name\":\"Frantoio Manestrini\",\"description\":\"\",\"publisher\":{\"@id\":\"https:\/\/manestrini.it\/#organization\"},\"potentialAction\":[{\"@type\":\"SearchAction\",\"target\":{\"@type\":\"EntryPoint\",\"urlTemplate\":\"https:\/\/manestrini.it\/?s={search_term_string}\"},\"query-input\":{\"@type\":\"PropertyValueSpecification\",\"valueRequired\":true,\"valueName\":\"search_term_string\"}}],\"inLanguage\":\"de\"},{\"@type\":\"Organization\",\"@id\":\"https:\/\/manestrini.it\/#organization\",\"name\":\"Frantoio Manestrini\",\"url\":\"https:\/\/manestrini.it\/\",\"logo\":{\"@type\":\"ImageObject\",\"inLanguage\":\"de\",\"@id\":\"https:\/\/manestrini.it\/#\/schema\/logo\/image\/\",\"url\":\"https:\/\/manestrini.it\/wp-content\/uploads\/2020\/07\/cropped-frantoiomanestrini-logo-400px.png\",\"contentUrl\":\"https:\/\/manestrini.it\/wp-content\/uploads\/2020\/07\/cropped-frantoiomanestrini-logo-400px.png\",\"width\":401,\"height\":548,\"caption\":\"Frantoio Manestrini\"},\"image\":{\"@id\":\"https:\/\/manestrini.it\/#\/schema\/logo\/image\/\"}}]}<\/script>\n<!-- \/ Yoast SEO plugin. -->","yoast_head_json":{"title":"Box - Beauty - Frantoio Manestrini","robots":{"index":"index","follow":"follow","max-snippet":"max-snippet:-1","max-image-preview":"max-image-preview:large","max-video-preview":"max-video-preview:-1"},"canonical":"https:\/\/manestrini.it\/de\/box-beauty\/","og_locale":"de_DE","og_type":"article","og_title":"Box - Beauty - Frantoio Manestrini","og_description":"Diese Box enth\u00e4lt:     N\u00e4hrende Gesichtscreme    Gr\u00fcner Tee Duschgel    Zitronenseife    Lavendelseife","og_url":"https:\/\/manestrini.it\/de\/box-beauty\/","og_site_name":"Frantoio Manestrini","article_modified_time":"2025-07-12T09:51:38+00:00","og_image":[{"width":800,"height":800,"url":"https:\/\/manestrini.it\/wp-content\/uploads\/2022\/01\/Copia-di-Best-Wishes-10.png","type":"image\/png"}],"twitter_card":"summary_large_image","twitter_misc":{"Gesch\u00e4tzte Lesezeit":"2\u00a0Minuten"},"schema":{"@context":"https:\/\/schema.org","@graph":[{"@type":"WebPage","@id":"https:\/\/manestrini.it\/de\/box-beauty\/","url":"https:\/\/manestrini.it\/de\/box-beauty\/","name":"Box - Beauty - Frantoio Manestrini","isPartOf":{"@id":"https:\/\/manestrini.it\/#website"},"primaryImageOfPage":{"@id":"https:\/\/manestrini.it\/de\/box-beauty\/#primaryimage"},"image":{"@id":"https:\/\/manestrini.it\/de\/box-beauty\/#primaryimage"},"thumbnailUrl":"https:\/\/manestrini.it\/wp-content\/uploads\/2022\/01\/Copia-di-Best-Wishes-10.png","datePublished":"2022-01-20T08:24:40+00:00","dateModified":"2025-07-12T09:51:38+00:00","breadcrumb":{"@id":"https:\/\/manestrini.it\/de\/box-beauty\/#breadcrumb"},"inLanguage":"de","potentialAction":[{"@type":"ReadAction","target":["https:\/\/manestrini.it\/de\/box-beauty\/"]}]},{"@type":"ImageObject","inLanguage":"de","@id":"https:\/\/manestrini.it\/de\/box-beauty\/#primaryimage","url":"https:\/\/manestrini.it\/wp-content\/uploads\/2022\/01\/Copia-di-Best-Wishes-10.png","contentUrl":"https:\/\/manestrini.it\/wp-content\/uploads\/2022\/01\/Copia-di-Best-Wishes-10.png","width":800,"height":800},{"@type":"BreadcrumbList","@id":"https:\/\/manestrini.it\/de\/box-beauty\/#breadcrumb","itemListElement":[{"@type":"ListItem","position":1,"name":"Home","item":"https:\/\/manestrini.it\/"},{"@type":"ListItem","position":2,"name":"Produkte","item":"https:\/\/manestrini.it\/prodotti-tipici-lago-di-garda\/"},{"@type":"ListItem","position":3,"name":"Box &#8211; Beauty"}]},{"@type":"WebSite","@id":"https:\/\/manestrini.it\/#website","url":"https:\/\/manestrini.it\/","name":"Frantoio Manestrini","description":"","publisher":{"@id":"https:\/\/manestrini.it\/#organization"},"potentialAction":[{"@type":"SearchAction","target":{"@type":"EntryPoint","urlTemplate":"https:\/\/manestrini.it\/?s={search_term_string}"},"query-input":{"@type":"PropertyValueSpecification","valueRequired":true,"valueName":"search_term_string"}}],"inLanguage":"de"},{"@type":"Organization","@id":"https:\/\/manestrini.it\/#organization","name":"Frantoio Manestrini","url":"https:\/\/manestrini.it\/","logo":{"@type":"ImageObject","inLanguage":"de","@id":"https:\/\/manestrini.it\/#\/schema\/logo\/image\/","url":"https:\/\/manestrini.it\/wp-content\/uploads\/2020\/07\/cropped-frantoiomanestrini-logo-400px.png","contentUrl":"https:\/\/manestrini.it\/wp-content\/uploads\/2020\/07\/cropped-frantoiomanestrini-logo-400px.png","width":401,"height":548,"caption":"Frantoio Manestrini"},"image":{"@id":"https:\/\/manestrini.it\/#\/schema\/logo\/image\/"}}]}},"_links":{"self":[{"href":"https:\/\/manestrini.it\/de\/wp-json\/wp\/v2\/product\/38821","targetHints":{"allow":["GET"]}}],"collection":[{"href":"https:\/\/manestrini.it\/de\/wp-json\/wp\/v2\/product"}],"about":[{"href":"https:\/\/manestrini.it\/de\/wp-json\/wp\/v2\/types\/product"}],"wp:featuredmedia":[{"embeddable":true,"href":"https:\/\/manestrini.it\/de\/wp-json\/wp\/v2\/media\/36298"}],"wp:attachment":[{"href":"https:\/\/manestrini.it\/de\/wp-json\/wp\/v2\/media?parent=38821"}],"wp:term":[{"taxonomy":"product_brand","embeddable":true,"href":"https:\/\/manestrini.it\/de\/wp-json\/wp\/v2\/product_brand?post=38821"},{"taxonomy":"product_cat","embeddable":true,"href":"https:\/\/manestrini.it\/de\/wp-json\/wp\/v2\/product_cat?post=38821"},{"taxonomy":"product_tag","embeddable":true,"href":"https:\/\/manestrini.it\/de\/wp-json\/wp\/v2\/product_tag?post=38821"}],"curies":[{"name":"wp","href":"https:\/\/api.w.org\/{rel}","templated":true}]}}