{"id":38817,"date":"2025-07-12T09:29:20","date_gmt":"2025-07-12T08:29:20","guid":{"rendered":"https:\/\/manestrini.it\/holyvia-olio-extra-vergine-di-oliva-garda-bresciano-dop\/"},"modified":"2025-07-12T09:37:48","modified_gmt":"2025-07-12T08:37:48","slug":"holyvia-olio-extra-vergine-di-oliva-garda-bresciano-dop","status":"publish","type":"product","link":"https:\/\/manestrini.it\/de\/holyvia-olio-extra-vergine-di-oliva-garda-bresciano-dop\/","title":{"rendered":"Holyvia \u2013 Garda Bresciano g.U Natives Oliven\u00f6l Extra"},"content":{"rendered":"<p data-start=\"940\" data-end=\"1019\">Ideal, um allt\u00e4gliche Gerichte schmackhafter und leichter verdaulich zu machen.<\/p>\n<p data-start=\"1021\" data-end=\"1087\"><strong data-start=\"1021\" data-end=\"1049\">Ernte- und Mahlzeitraum:<\/strong> von Mitte Oktober bis Mitte November.<\/p>\n<p data-start=\"1089\" data-end=\"1165\"><strong data-start=\"1089\" data-end=\"1133\">Zeit von der Ernte bis zur Verarbeitung:<\/strong> \u00fcberschreitet 24 Stunden nicht.<\/p>\n<p data-start=\"1167\" data-end=\"1276\"><strong data-start=\"1167\" data-end=\"1192\">Verarbeitungsmethode:<\/strong> kontinuierliches Verfahren mit Hammerm\u00fchle und Zentrifugaldekanter. Kaltextraktion.<\/p>\n<p data-start=\"1278\" data-end=\"1359\"><strong data-start=\"1278\" data-end=\"1288\">Farbe:<\/strong> goldgelb mit gr\u00fcnen Reflexen, je nach Reifegrad der Oliven variierend.<\/p>\n<p data-start=\"1361\" data-end=\"1479\"><strong data-start=\"1361\" data-end=\"1377\">S\u00e4uregehalt:<\/strong> Die rechtzeitige Ernte und Verarbeitung erm\u00f6glichen einen sehr niedrigen S\u00e4uregehalt (0,2 % \u2013 0,3 %).<\/p>\n<p data-start=\"1481\" data-end=\"1828\"><strong data-start=\"1481\" data-end=\"1528\">Holyvia Garda g.U Natives Oliven\u00f6l Extra<\/strong> ist ein feines, hochwertiges \u00d6l, besonders geeignet f\u00fcr den rohen Verzehr. Dank seiner hohen Verdaulichkeit, seines milden Geschmacks und seiner gesundheitlichen Vorteile ist es der perfekte Begleiter f\u00fcr die mediterrane K\u00fcche und die t\u00e4gliche Ern\u00e4hrung \u2013 auch ideal f\u00fcr Kinder und leichte Di\u00e4ten.<\/p>\n","protected":false},"excerpt":{"rendered":"<p data-start=\"899\" data-end=\"924\"><strong data-start=\"899\" data-end=\"916\">Gebindegr\u00f6\u00dfe:<\/strong> 0,500 L<\/p>\n<p data-start=\"926\" data-end=\"1011\"><strong data-start=\"926\" data-end=\"942\">Anbaugebiet:<\/strong> H\u00fcgellandschaft der Valt\u00e8nesi, am brescianischen Ufer des Gardasees.<\/p>\n<p data-start=\"1013\" data-end=\"1180\"><strong data-start=\"1013\" data-end=\"1030\">Olivensorten:<\/strong> Leccino, Casaliva und Frantoio zu \u00fcber 55 %, mit einem Schwerpunkt auf Casaliva. Alte B\u00e4ume (ca. 50 Jahre), im polykonischen Vasenschnitt kultiviert.<\/p>\n<p data-start=\"1182\" data-end=\"1374\"><strong data-start=\"1182\" data-end=\"1191\">Duft:<\/strong> leicht fruchtiges Aroma frischer Oliven, mit eleganten Noten von frisch geschnittenem Gras, s\u00fc\u00dfer Mandel und einem Hauch von gr\u00fcnem Apfel. Der Gesamteindruck ist zart und harmonisch.<\/p>\n<p data-start=\"1376\" data-end=\"1542\"><strong data-start=\"1376\" data-end=\"1390\">Geschmack:<\/strong> s\u00fc\u00df und weich, mit einer dezenten Fruchtigkeit. Bitterkeit und Sch\u00e4rfe sind kaum wahrnehmbar und verleihen dem \u00d6l einen feinen, ausgewogenen Geschmack.<\/p>\n<p data-start=\"1544\" data-end=\"1727\"><strong data-start=\"1544\" data-end=\"1570\">Empfohlene Verwendung:<\/strong> ideal roh zur Verfeinerung zarter Gerichte. Perfekt zu See- oder Meeresfisch, hellem Fleisch, gegrilltem Gem\u00fcse, Frischk\u00e4se und Hefeteigen f\u00fcr s\u00fc\u00dfes Geb\u00e4ck.<\/p>\n","protected":false},"featured_media":38812,"template":"","meta":{"_acf_changed":false},"product_brand":[],"product_cat":[221],"product_tag":[],"class_list":{"0":"post-38817","1":"product","2":"type-product","3":"status-publish","4":"has-post-thumbnail","6":"product_cat-ol","8":"first","9":"outofstock","10":"shipping-taxable","11":"purchasable","12":"product-type-simple"},"acf":[],"yoast_head":"<!-- This site is optimized with the Yoast SEO plugin v26.4 - https:\/\/yoast.com\/wordpress\/plugins\/seo\/ -->\n<title>Holyvia \u2013 Garda Bresciano g.U Natives Oliven\u00f6l Extra - Frantoio Manestrini<\/title>\n<meta name=\"robots\" content=\"index, follow, max-snippet:-1, max-image-preview:large, max-video-preview:-1\" \/>\n<link rel=\"canonical\" href=\"https:\/\/manestrini.it\/de\/holyvia-olio-extra-vergine-di-oliva-garda-bresciano-dop\/\" \/>\n<meta property=\"og:locale\" content=\"de_DE\" \/>\n<meta property=\"og:type\" content=\"article\" \/>\n<meta property=\"og:title\" content=\"Holyvia \u2013 Garda Bresciano g.U Natives Oliven\u00f6l Extra - Frantoio Manestrini\" \/>\n<meta property=\"og:description\" content=\"Gebindegr\u00f6\u00dfe: 0,500 L Anbaugebiet: H\u00fcgellandschaft der Valt\u00e8nesi, am brescianischen Ufer des Gardasees. Olivensorten: Leccino, Casaliva und Frantoio zu \u00fcber 55 %, mit einem Schwerpunkt auf Casaliva. Alte B\u00e4ume (ca. 50 Jahre), im polykonischen Vasenschnitt kultiviert. Duft: leicht fruchtiges Aroma frischer Oliven, mit eleganten Noten von frisch geschnittenem Gras, s\u00fc\u00dfer Mandel und einem Hauch von gr\u00fcnem Apfel. Der Gesamteindruck ist zart und harmonisch. Geschmack: s\u00fc\u00df und weich, mit einer dezenten Fruchtigkeit. Bitterkeit und Sch\u00e4rfe sind kaum wahrnehmbar und verleihen dem \u00d6l einen feinen, ausgewogenen Geschmack. Empfohlene Verwendung: ideal roh zur Verfeinerung zarter Gerichte. Perfekt zu See- oder Meeresfisch, hellem Fleisch, gegrilltem Gem\u00fcse, Frischk\u00e4se und Hefeteigen f\u00fcr s\u00fc\u00dfes Geb\u00e4ck.\" \/>\n<meta property=\"og:url\" content=\"https:\/\/manestrini.it\/de\/holyvia-olio-extra-vergine-di-oliva-garda-bresciano-dop\/\" \/>\n<meta property=\"og:site_name\" content=\"Frantoio Manestrini\" \/>\n<meta property=\"article:modified_time\" content=\"2025-07-12T08:37:48+00:00\" \/>\n<meta property=\"og:image\" content=\"https:\/\/manestrini.it\/wp-content\/uploads\/2025\/07\/HOLYVIA-WEB.png\" \/>\n\t<meta property=\"og:image:width\" content=\"800\" \/>\n\t<meta property=\"og:image:height\" content=\"800\" \/>\n\t<meta property=\"og:image:type\" content=\"image\/png\" \/>\n<meta name=\"twitter:card\" content=\"summary_large_image\" \/>\n<meta name=\"twitter:label1\" content=\"Gesch\u00e4tzte Lesezeit\" \/>\n\t<meta name=\"twitter:data1\" content=\"1\u00a0Minute\" \/>\n<script type=\"application\/ld+json\" class=\"yoast-schema-graph\">{\"@context\":\"https:\/\/schema.org\",\"@graph\":[{\"@type\":\"WebPage\",\"@id\":\"https:\/\/manestrini.it\/de\/holyvia-olio-extra-vergine-di-oliva-garda-bresciano-dop\/\",\"url\":\"https:\/\/manestrini.it\/de\/holyvia-olio-extra-vergine-di-oliva-garda-bresciano-dop\/\",\"name\":\"Holyvia \u2013 Garda Bresciano g.U Natives Oliven\u00f6l Extra - Frantoio Manestrini\",\"isPartOf\":{\"@id\":\"https:\/\/manestrini.it\/#website\"},\"primaryImageOfPage\":{\"@id\":\"https:\/\/manestrini.it\/de\/holyvia-olio-extra-vergine-di-oliva-garda-bresciano-dop\/#primaryimage\"},\"image\":{\"@id\":\"https:\/\/manestrini.it\/de\/holyvia-olio-extra-vergine-di-oliva-garda-bresciano-dop\/#primaryimage\"},\"thumbnailUrl\":\"https:\/\/manestrini.it\/wp-content\/uploads\/2025\/07\/HOLYVIA-WEB.png\",\"datePublished\":\"2025-07-12T08:29:20+00:00\",\"dateModified\":\"2025-07-12T08:37:48+00:00\",\"breadcrumb\":{\"@id\":\"https:\/\/manestrini.it\/de\/holyvia-olio-extra-vergine-di-oliva-garda-bresciano-dop\/#breadcrumb\"},\"inLanguage\":\"de\",\"potentialAction\":[{\"@type\":\"ReadAction\",\"target\":[\"https:\/\/manestrini.it\/de\/holyvia-olio-extra-vergine-di-oliva-garda-bresciano-dop\/\"]}]},{\"@type\":\"ImageObject\",\"inLanguage\":\"de\",\"@id\":\"https:\/\/manestrini.it\/de\/holyvia-olio-extra-vergine-di-oliva-garda-bresciano-dop\/#primaryimage\",\"url\":\"https:\/\/manestrini.it\/wp-content\/uploads\/2025\/07\/HOLYVIA-WEB.png\",\"contentUrl\":\"https:\/\/manestrini.it\/wp-content\/uploads\/2025\/07\/HOLYVIA-WEB.png\",\"width\":800,\"height\":800,\"caption\":\"Holyvia \u2013 Olio Extra Vergine di Oliva Garda Bresciano DOP\"},{\"@type\":\"BreadcrumbList\",\"@id\":\"https:\/\/manestrini.it\/de\/holyvia-olio-extra-vergine-di-oliva-garda-bresciano-dop\/#breadcrumb\",\"itemListElement\":[{\"@type\":\"ListItem\",\"position\":1,\"name\":\"Home\",\"item\":\"https:\/\/manestrini.it\/\"},{\"@type\":\"ListItem\",\"position\":2,\"name\":\"Produkte\",\"item\":\"https:\/\/manestrini.it\/prodotti-tipici-lago-di-garda\/\"},{\"@type\":\"ListItem\",\"position\":3,\"name\":\"Holyvia \u2013 Garda Bresciano g.U Natives Oliven\u00f6l Extra\"}]},{\"@type\":\"WebSite\",\"@id\":\"https:\/\/manestrini.it\/#website\",\"url\":\"https:\/\/manestrini.it\/\",\"name\":\"Frantoio Manestrini\",\"description\":\"\",\"publisher\":{\"@id\":\"https:\/\/manestrini.it\/#organization\"},\"potentialAction\":[{\"@type\":\"SearchAction\",\"target\":{\"@type\":\"EntryPoint\",\"urlTemplate\":\"https:\/\/manestrini.it\/?s={search_term_string}\"},\"query-input\":{\"@type\":\"PropertyValueSpecification\",\"valueRequired\":true,\"valueName\":\"search_term_string\"}}],\"inLanguage\":\"de\"},{\"@type\":\"Organization\",\"@id\":\"https:\/\/manestrini.it\/#organization\",\"name\":\"Frantoio Manestrini\",\"url\":\"https:\/\/manestrini.it\/\",\"logo\":{\"@type\":\"ImageObject\",\"inLanguage\":\"de\",\"@id\":\"https:\/\/manestrini.it\/#\/schema\/logo\/image\/\",\"url\":\"https:\/\/manestrini.it\/wp-content\/uploads\/2020\/07\/cropped-frantoiomanestrini-logo-400px.png\",\"contentUrl\":\"https:\/\/manestrini.it\/wp-content\/uploads\/2020\/07\/cropped-frantoiomanestrini-logo-400px.png\",\"width\":401,\"height\":548,\"caption\":\"Frantoio Manestrini\"},\"image\":{\"@id\":\"https:\/\/manestrini.it\/#\/schema\/logo\/image\/\"}}]}<\/script>\n<!-- \/ Yoast SEO plugin. -->","yoast_head_json":{"title":"Holyvia \u2013 Garda Bresciano g.U Natives Oliven\u00f6l Extra - Frantoio Manestrini","robots":{"index":"index","follow":"follow","max-snippet":"max-snippet:-1","max-image-preview":"max-image-preview:large","max-video-preview":"max-video-preview:-1"},"canonical":"https:\/\/manestrini.it\/de\/holyvia-olio-extra-vergine-di-oliva-garda-bresciano-dop\/","og_locale":"de_DE","og_type":"article","og_title":"Holyvia \u2013 Garda Bresciano g.U Natives Oliven\u00f6l Extra - Frantoio Manestrini","og_description":"Gebindegr\u00f6\u00dfe: 0,500 L Anbaugebiet: H\u00fcgellandschaft der Valt\u00e8nesi, am brescianischen Ufer des Gardasees. Olivensorten: Leccino, Casaliva und Frantoio zu \u00fcber 55 %, mit einem Schwerpunkt auf Casaliva. Alte B\u00e4ume (ca. 50 Jahre), im polykonischen Vasenschnitt kultiviert. Duft: leicht fruchtiges Aroma frischer Oliven, mit eleganten Noten von frisch geschnittenem Gras, s\u00fc\u00dfer Mandel und einem Hauch von gr\u00fcnem Apfel. Der Gesamteindruck ist zart und harmonisch. Geschmack: s\u00fc\u00df und weich, mit einer dezenten Fruchtigkeit. Bitterkeit und Sch\u00e4rfe sind kaum wahrnehmbar und verleihen dem \u00d6l einen feinen, ausgewogenen Geschmack. Empfohlene Verwendung: ideal roh zur Verfeinerung zarter Gerichte. Perfekt zu See- oder Meeresfisch, hellem Fleisch, gegrilltem Gem\u00fcse, Frischk\u00e4se und Hefeteigen f\u00fcr s\u00fc\u00dfes Geb\u00e4ck.","og_url":"https:\/\/manestrini.it\/de\/holyvia-olio-extra-vergine-di-oliva-garda-bresciano-dop\/","og_site_name":"Frantoio Manestrini","article_modified_time":"2025-07-12T08:37:48+00:00","og_image":[{"width":800,"height":800,"url":"https:\/\/manestrini.it\/wp-content\/uploads\/2025\/07\/HOLYVIA-WEB.png","type":"image\/png"}],"twitter_card":"summary_large_image","twitter_misc":{"Gesch\u00e4tzte Lesezeit":"1\u00a0Minute"},"schema":{"@context":"https:\/\/schema.org","@graph":[{"@type":"WebPage","@id":"https:\/\/manestrini.it\/de\/holyvia-olio-extra-vergine-di-oliva-garda-bresciano-dop\/","url":"https:\/\/manestrini.it\/de\/holyvia-olio-extra-vergine-di-oliva-garda-bresciano-dop\/","name":"Holyvia \u2013 Garda Bresciano g.U Natives Oliven\u00f6l Extra - Frantoio Manestrini","isPartOf":{"@id":"https:\/\/manestrini.it\/#website"},"primaryImageOfPage":{"@id":"https:\/\/manestrini.it\/de\/holyvia-olio-extra-vergine-di-oliva-garda-bresciano-dop\/#primaryimage"},"image":{"@id":"https:\/\/manestrini.it\/de\/holyvia-olio-extra-vergine-di-oliva-garda-bresciano-dop\/#primaryimage"},"thumbnailUrl":"https:\/\/manestrini.it\/wp-content\/uploads\/2025\/07\/HOLYVIA-WEB.png","datePublished":"2025-07-12T08:29:20+00:00","dateModified":"2025-07-12T08:37:48+00:00","breadcrumb":{"@id":"https:\/\/manestrini.it\/de\/holyvia-olio-extra-vergine-di-oliva-garda-bresciano-dop\/#breadcrumb"},"inLanguage":"de","potentialAction":[{"@type":"ReadAction","target":["https:\/\/manestrini.it\/de\/holyvia-olio-extra-vergine-di-oliva-garda-bresciano-dop\/"]}]},{"@type":"ImageObject","inLanguage":"de","@id":"https:\/\/manestrini.it\/de\/holyvia-olio-extra-vergine-di-oliva-garda-bresciano-dop\/#primaryimage","url":"https:\/\/manestrini.it\/wp-content\/uploads\/2025\/07\/HOLYVIA-WEB.png","contentUrl":"https:\/\/manestrini.it\/wp-content\/uploads\/2025\/07\/HOLYVIA-WEB.png","width":800,"height":800,"caption":"Holyvia \u2013 Olio Extra Vergine di Oliva Garda Bresciano DOP"},{"@type":"BreadcrumbList","@id":"https:\/\/manestrini.it\/de\/holyvia-olio-extra-vergine-di-oliva-garda-bresciano-dop\/#breadcrumb","itemListElement":[{"@type":"ListItem","position":1,"name":"Home","item":"https:\/\/manestrini.it\/"},{"@type":"ListItem","position":2,"name":"Produkte","item":"https:\/\/manestrini.it\/prodotti-tipici-lago-di-garda\/"},{"@type":"ListItem","position":3,"name":"Holyvia \u2013 Garda Bresciano g.U Natives Oliven\u00f6l Extra"}]},{"@type":"WebSite","@id":"https:\/\/manestrini.it\/#website","url":"https:\/\/manestrini.it\/","name":"Frantoio Manestrini","description":"","publisher":{"@id":"https:\/\/manestrini.it\/#organization"},"potentialAction":[{"@type":"SearchAction","target":{"@type":"EntryPoint","urlTemplate":"https:\/\/manestrini.it\/?s={search_term_string}"},"query-input":{"@type":"PropertyValueSpecification","valueRequired":true,"valueName":"search_term_string"}}],"inLanguage":"de"},{"@type":"Organization","@id":"https:\/\/manestrini.it\/#organization","name":"Frantoio Manestrini","url":"https:\/\/manestrini.it\/","logo":{"@type":"ImageObject","inLanguage":"de","@id":"https:\/\/manestrini.it\/#\/schema\/logo\/image\/","url":"https:\/\/manestrini.it\/wp-content\/uploads\/2020\/07\/cropped-frantoiomanestrini-logo-400px.png","contentUrl":"https:\/\/manestrini.it\/wp-content\/uploads\/2020\/07\/cropped-frantoiomanestrini-logo-400px.png","width":401,"height":548,"caption":"Frantoio Manestrini"},"image":{"@id":"https:\/\/manestrini.it\/#\/schema\/logo\/image\/"}}]}},"_links":{"self":[{"href":"https:\/\/manestrini.it\/de\/wp-json\/wp\/v2\/product\/38817","targetHints":{"allow":["GET"]}}],"collection":[{"href":"https:\/\/manestrini.it\/de\/wp-json\/wp\/v2\/product"}],"about":[{"href":"https:\/\/manestrini.it\/de\/wp-json\/wp\/v2\/types\/product"}],"wp:featuredmedia":[{"embeddable":true,"href":"https:\/\/manestrini.it\/de\/wp-json\/wp\/v2\/media\/38812"}],"wp:attachment":[{"href":"https:\/\/manestrini.it\/de\/wp-json\/wp\/v2\/media?parent=38817"}],"wp:term":[{"taxonomy":"product_brand","embeddable":true,"href":"https:\/\/manestrini.it\/de\/wp-json\/wp\/v2\/product_brand?post=38817"},{"taxonomy":"product_cat","embeddable":true,"href":"https:\/\/manestrini.it\/de\/wp-json\/wp\/v2\/product_cat?post=38817"},{"taxonomy":"product_tag","embeddable":true,"href":"https:\/\/manestrini.it\/de\/wp-json\/wp\/v2\/product_tag?post=38817"}],"curies":[{"name":"wp","href":"https:\/\/api.w.org\/{rel}","templated":true}]}}