{"id":3433,"date":"2020-08-19T10:03:49","date_gmt":"2020-08-19T08:03:49","guid":{"rendered":"https:\/\/fm.majaweb.com\/prodotti\/unkategorisiert\/latte-detergente\/"},"modified":"2025-12-02T00:00:03","modified_gmt":"2025-12-01T23:00:03","slug":"reinigungschmilch","status":"publish","type":"product","link":"https:\/\/manestrini.it\/de\/reinigungschmilch\/","title":{"rendered":"Reinigungsmilch"},"content":{"rendered":"","protected":false},"excerpt":{"rendered":"<p>Samtige und cremige Milch mit Kamillenextrakt. Sehr sanft und wirkungsvoll, reinigt und befreit die Haut schonend von Schmutz und Make-up. F\u00fcr normale und Mischhaut. Nach der Anwendung f\u00fchlt sich die Haut durch den weichmachenden Effekt ihrer Bestandteile glatt und samtig an. Durch die Zugabe von nativem Oliven\u00f6l extra erh\u00e4lt sie besondere hautfreundliche Eigenschaften. Enth\u00e4lt natives Oliven\u00f6l extra, Kamillenextrakt, destillierte Kamille.<\/p>\n<p><strong>Anwendung<\/strong>: Mit einem Wattebausch auf die zu reinigende Haut auftragen und mit der belebenden Lotion abnehmen.<\/p>\n<p>Flakon 200 ml.<\/p>\n","protected":false},"featured_media":2951,"template":"","meta":{"_acf_changed":false},"product_brand":[],"product_cat":[204],"product_tag":[],"class_list":{"0":"post-3433","1":"product","2":"type-product","3":"status-publish","4":"has-post-thumbnail","6":"product_cat-kosmetika","8":"first","9":"outofstock","10":"shipping-taxable","11":"purchasable","12":"product-type-simple"},"acf":[],"yoast_head":"<!-- This site is optimized with the Yoast SEO plugin v26.4 - https:\/\/yoast.com\/wordpress\/plugins\/seo\/ -->\n<title>Reinigungsmilch - Frantoio Manestrini<\/title>\n<meta name=\"robots\" content=\"index, follow, max-snippet:-1, max-image-preview:large, max-video-preview:-1\" \/>\n<link rel=\"canonical\" href=\"https:\/\/manestrini.it\/latte-detergente-olio-extravergine-di-oliva\/\" \/>\n<meta property=\"og:locale\" content=\"de_DE\" \/>\n<meta property=\"og:type\" content=\"article\" \/>\n<meta property=\"og:title\" content=\"Reinigungsmilch - Frantoio Manestrini\" \/>\n<meta property=\"og:description\" content=\"Samtige und cremige Milch mit Kamillenextrakt. Sehr sanft und wirkungsvoll, reinigt und befreit die Haut schonend von Schmutz und Make-up. F\u00fcr normale und Mischhaut. Nach der Anwendung f\u00fchlt sich die Haut durch den weichmachenden Effekt ihrer Bestandteile glatt und samtig an. Durch die Zugabe von nativem Oliven\u00f6l extra erh\u00e4lt sie besondere hautfreundliche Eigenschaften. Enth\u00e4lt natives Oliven\u00f6l extra, Kamillenextrakt, destillierte Kamille.  Anwendung: Mit einem Wattebausch auf die zu reinigende Haut auftragen und mit der belebenden Lotion abnehmen.  Flakon 200 ml.\" \/>\n<meta property=\"og:url\" content=\"https:\/\/manestrini.it\/latte-detergente-olio-extravergine-di-oliva\/\" \/>\n<meta property=\"og:site_name\" content=\"Frantoio Manestrini\" \/>\n<meta property=\"article:modified_time\" content=\"2025-12-01T23:00:03+00:00\" \/>\n<meta property=\"og:image\" content=\"https:\/\/manestrini.it\/wp-content\/uploads\/2020\/08\/frantoiomanestrini-prodotti-cosmetici-lattedetergente-1.png\" \/>\n\t<meta property=\"og:image:width\" content=\"950\" \/>\n\t<meta property=\"og:image:height\" content=\"950\" \/>\n\t<meta property=\"og:image:type\" content=\"image\/png\" \/>\n<meta name=\"twitter:card\" content=\"summary_large_image\" \/>\n<script type=\"application\/ld+json\" class=\"yoast-schema-graph\">{\"@context\":\"https:\/\/schema.org\",\"@graph\":[{\"@type\":\"WebPage\",\"@id\":\"https:\/\/manestrini.it\/latte-detergente-olio-extravergine-di-oliva\/\",\"url\":\"https:\/\/manestrini.it\/latte-detergente-olio-extravergine-di-oliva\/\",\"name\":\"Reinigungsmilch - Frantoio Manestrini\",\"isPartOf\":{\"@id\":\"https:\/\/manestrini.it\/#website\"},\"primaryImageOfPage\":{\"@id\":\"https:\/\/manestrini.it\/latte-detergente-olio-extravergine-di-oliva\/#primaryimage\"},\"image\":{\"@id\":\"https:\/\/manestrini.it\/latte-detergente-olio-extravergine-di-oliva\/#primaryimage\"},\"thumbnailUrl\":\"https:\/\/manestrini.it\/wp-content\/uploads\/2020\/08\/frantoiomanestrini-prodotti-cosmetici-lattedetergente-1.png\",\"datePublished\":\"2020-08-19T08:03:49+00:00\",\"dateModified\":\"2025-12-01T23:00:03+00:00\",\"breadcrumb\":{\"@id\":\"https:\/\/manestrini.it\/latte-detergente-olio-extravergine-di-oliva\/#breadcrumb\"},\"inLanguage\":\"de\",\"potentialAction\":[{\"@type\":\"ReadAction\",\"target\":[\"https:\/\/manestrini.it\/latte-detergente-olio-extravergine-di-oliva\/\"]}]},{\"@type\":\"ImageObject\",\"inLanguage\":\"de\",\"@id\":\"https:\/\/manestrini.it\/latte-detergente-olio-extravergine-di-oliva\/#primaryimage\",\"url\":\"https:\/\/manestrini.it\/wp-content\/uploads\/2020\/08\/frantoiomanestrini-prodotti-cosmetici-lattedetergente-1.png\",\"contentUrl\":\"https:\/\/manestrini.it\/wp-content\/uploads\/2020\/08\/frantoiomanestrini-prodotti-cosmetici-lattedetergente-1.png\",\"width\":950,\"height\":950},{\"@type\":\"BreadcrumbList\",\"@id\":\"https:\/\/manestrini.it\/latte-detergente-olio-extravergine-di-oliva\/#breadcrumb\",\"itemListElement\":[{\"@type\":\"ListItem\",\"position\":1,\"name\":\"Home\",\"item\":\"https:\/\/manestrini.it\/\"},{\"@type\":\"ListItem\",\"position\":2,\"name\":\"Produkte\",\"item\":\"https:\/\/manestrini.it\/prodotti-tipici-lago-di-garda\/\"},{\"@type\":\"ListItem\",\"position\":3,\"name\":\"Reinigungsmilch\"}]},{\"@type\":\"WebSite\",\"@id\":\"https:\/\/manestrini.it\/#website\",\"url\":\"https:\/\/manestrini.it\/\",\"name\":\"Frantoio Manestrini\",\"description\":\"\",\"publisher\":{\"@id\":\"https:\/\/manestrini.it\/#organization\"},\"potentialAction\":[{\"@type\":\"SearchAction\",\"target\":{\"@type\":\"EntryPoint\",\"urlTemplate\":\"https:\/\/manestrini.it\/?s={search_term_string}\"},\"query-input\":{\"@type\":\"PropertyValueSpecification\",\"valueRequired\":true,\"valueName\":\"search_term_string\"}}],\"inLanguage\":\"de\"},{\"@type\":\"Organization\",\"@id\":\"https:\/\/manestrini.it\/#organization\",\"name\":\"Frantoio Manestrini\",\"url\":\"https:\/\/manestrini.it\/\",\"logo\":{\"@type\":\"ImageObject\",\"inLanguage\":\"de\",\"@id\":\"https:\/\/manestrini.it\/#\/schema\/logo\/image\/\",\"url\":\"https:\/\/manestrini.it\/wp-content\/uploads\/2020\/07\/cropped-frantoiomanestrini-logo-400px.png\",\"contentUrl\":\"https:\/\/manestrini.it\/wp-content\/uploads\/2020\/07\/cropped-frantoiomanestrini-logo-400px.png\",\"width\":401,\"height\":548,\"caption\":\"Frantoio Manestrini\"},\"image\":{\"@id\":\"https:\/\/manestrini.it\/#\/schema\/logo\/image\/\"}}]}<\/script>\n<!-- \/ Yoast SEO plugin. -->","yoast_head_json":{"title":"Reinigungsmilch - Frantoio Manestrini","robots":{"index":"index","follow":"follow","max-snippet":"max-snippet:-1","max-image-preview":"max-image-preview:large","max-video-preview":"max-video-preview:-1"},"canonical":"https:\/\/manestrini.it\/latte-detergente-olio-extravergine-di-oliva\/","og_locale":"de_DE","og_type":"article","og_title":"Reinigungsmilch - Frantoio Manestrini","og_description":"Samtige und cremige Milch mit Kamillenextrakt. Sehr sanft und wirkungsvoll, reinigt und befreit die Haut schonend von Schmutz und Make-up. F\u00fcr normale und Mischhaut. Nach der Anwendung f\u00fchlt sich die Haut durch den weichmachenden Effekt ihrer Bestandteile glatt und samtig an. Durch die Zugabe von nativem Oliven\u00f6l extra erh\u00e4lt sie besondere hautfreundliche Eigenschaften. Enth\u00e4lt natives Oliven\u00f6l extra, Kamillenextrakt, destillierte Kamille.  Anwendung: Mit einem Wattebausch auf die zu reinigende Haut auftragen und mit der belebenden Lotion abnehmen.  Flakon 200 ml.","og_url":"https:\/\/manestrini.it\/latte-detergente-olio-extravergine-di-oliva\/","og_site_name":"Frantoio Manestrini","article_modified_time":"2025-12-01T23:00:03+00:00","og_image":[{"width":950,"height":950,"url":"https:\/\/manestrini.it\/wp-content\/uploads\/2020\/08\/frantoiomanestrini-prodotti-cosmetici-lattedetergente-1.png","type":"image\/png"}],"twitter_card":"summary_large_image","schema":{"@context":"https:\/\/schema.org","@graph":[{"@type":"WebPage","@id":"https:\/\/manestrini.it\/latte-detergente-olio-extravergine-di-oliva\/","url":"https:\/\/manestrini.it\/latte-detergente-olio-extravergine-di-oliva\/","name":"Reinigungsmilch - Frantoio Manestrini","isPartOf":{"@id":"https:\/\/manestrini.it\/#website"},"primaryImageOfPage":{"@id":"https:\/\/manestrini.it\/latte-detergente-olio-extravergine-di-oliva\/#primaryimage"},"image":{"@id":"https:\/\/manestrini.it\/latte-detergente-olio-extravergine-di-oliva\/#primaryimage"},"thumbnailUrl":"https:\/\/manestrini.it\/wp-content\/uploads\/2020\/08\/frantoiomanestrini-prodotti-cosmetici-lattedetergente-1.png","datePublished":"2020-08-19T08:03:49+00:00","dateModified":"2025-12-01T23:00:03+00:00","breadcrumb":{"@id":"https:\/\/manestrini.it\/latte-detergente-olio-extravergine-di-oliva\/#breadcrumb"},"inLanguage":"de","potentialAction":[{"@type":"ReadAction","target":["https:\/\/manestrini.it\/latte-detergente-olio-extravergine-di-oliva\/"]}]},{"@type":"ImageObject","inLanguage":"de","@id":"https:\/\/manestrini.it\/latte-detergente-olio-extravergine-di-oliva\/#primaryimage","url":"https:\/\/manestrini.it\/wp-content\/uploads\/2020\/08\/frantoiomanestrini-prodotti-cosmetici-lattedetergente-1.png","contentUrl":"https:\/\/manestrini.it\/wp-content\/uploads\/2020\/08\/frantoiomanestrini-prodotti-cosmetici-lattedetergente-1.png","width":950,"height":950},{"@type":"BreadcrumbList","@id":"https:\/\/manestrini.it\/latte-detergente-olio-extravergine-di-oliva\/#breadcrumb","itemListElement":[{"@type":"ListItem","position":1,"name":"Home","item":"https:\/\/manestrini.it\/"},{"@type":"ListItem","position":2,"name":"Produkte","item":"https:\/\/manestrini.it\/prodotti-tipici-lago-di-garda\/"},{"@type":"ListItem","position":3,"name":"Reinigungsmilch"}]},{"@type":"WebSite","@id":"https:\/\/manestrini.it\/#website","url":"https:\/\/manestrini.it\/","name":"Frantoio Manestrini","description":"","publisher":{"@id":"https:\/\/manestrini.it\/#organization"},"potentialAction":[{"@type":"SearchAction","target":{"@type":"EntryPoint","urlTemplate":"https:\/\/manestrini.it\/?s={search_term_string}"},"query-input":{"@type":"PropertyValueSpecification","valueRequired":true,"valueName":"search_term_string"}}],"inLanguage":"de"},{"@type":"Organization","@id":"https:\/\/manestrini.it\/#organization","name":"Frantoio Manestrini","url":"https:\/\/manestrini.it\/","logo":{"@type":"ImageObject","inLanguage":"de","@id":"https:\/\/manestrini.it\/#\/schema\/logo\/image\/","url":"https:\/\/manestrini.it\/wp-content\/uploads\/2020\/07\/cropped-frantoiomanestrini-logo-400px.png","contentUrl":"https:\/\/manestrini.it\/wp-content\/uploads\/2020\/07\/cropped-frantoiomanestrini-logo-400px.png","width":401,"height":548,"caption":"Frantoio Manestrini"},"image":{"@id":"https:\/\/manestrini.it\/#\/schema\/logo\/image\/"}}]}},"_links":{"self":[{"href":"https:\/\/manestrini.it\/de\/wp-json\/wp\/v2\/product\/3433","targetHints":{"allow":["GET"]}}],"collection":[{"href":"https:\/\/manestrini.it\/de\/wp-json\/wp\/v2\/product"}],"about":[{"href":"https:\/\/manestrini.it\/de\/wp-json\/wp\/v2\/types\/product"}],"wp:featuredmedia":[{"embeddable":true,"href":"https:\/\/manestrini.it\/de\/wp-json\/wp\/v2\/media\/2951"}],"wp:attachment":[{"href":"https:\/\/manestrini.it\/de\/wp-json\/wp\/v2\/media?parent=3433"}],"wp:term":[{"taxonomy":"product_brand","embeddable":true,"href":"https:\/\/manestrini.it\/de\/wp-json\/wp\/v2\/product_brand?post=3433"},{"taxonomy":"product_cat","embeddable":true,"href":"https:\/\/manestrini.it\/de\/wp-json\/wp\/v2\/product_cat?post=3433"},{"taxonomy":"product_tag","embeddable":true,"href":"https:\/\/manestrini.it\/de\/wp-json\/wp\/v2\/product_tag?post=3433"}],"curies":[{"name":"wp","href":"https:\/\/api.w.org\/{rel}","templated":true}]}}