{"id":3423,"date":"2020-08-19T10:28:23","date_gmt":"2020-08-19T08:28:23","guid":{"rendered":"https:\/\/fm.majaweb.com\/prodotti\/unkategorisiert\/shampoo\/"},"modified":"2025-12-02T00:00:03","modified_gmt":"2025-12-01T23:00:03","slug":"shampoo","status":"publish","type":"product","link":"https:\/\/manestrini.it\/de\/shampoo\/","title":{"rendered":"Shampoo"},"content":{"rendered":"","protected":false},"excerpt":{"rendered":"<p>Dieses sehr delikate Shampoo nimmt auf die empfindliche Keratinstruktur des Haares R\u00fccksicht. F\u00fcr h\u00e4ufige Haarw\u00e4sche oder nach intensiver sportlicher Aktivit\u00e4t empfohlen. Es enth\u00e4lt natives Oliven\u00f6l extra, das die Haarwurzel bis in die Tiefe n\u00e4hrt und pflegt und so das Haar kr\u00e4ftigt. Kollagen-Hydrolysat sorgt f\u00fcr weiches Haar und verleiht ihm besonderen Schutz und Glanz. Die Formulierung enth\u00e4lt balsam\u00e4hnliche Substanzen f\u00fcr bessere K\u00e4mmbarkeit und mehr Glanz ohne das Haar zu beschweren.<\/p>\n<p><strong>Anwendung<\/strong>: Auf das feuchte Haar auftragen, leicht einmassieren und sorgf\u00e4ltig aussp\u00fclen.<\/p>\n<p>Flakon 200 ml.<\/p>\n","protected":false},"featured_media":2955,"template":"","meta":{"_acf_changed":false},"product_brand":[],"product_cat":[1534,204],"product_tag":[],"class_list":{"0":"post-3423","1":"product","2":"type-product","3":"status-publish","4":"has-post-thumbnail","6":"product_cat-aktionen","7":"product_cat-kosmetika","9":"first","10":"instock","11":"shipping-taxable","12":"purchasable","13":"product-type-simple"},"acf":[],"yoast_head":"<!-- This site is optimized with the Yoast SEO plugin v26.4 - https:\/\/yoast.com\/wordpress\/plugins\/seo\/ -->\n<title>Shampoo - Frantoio Manestrini<\/title>\n<meta name=\"robots\" content=\"index, follow, max-snippet:-1, max-image-preview:large, max-video-preview:-1\" \/>\n<link rel=\"canonical\" href=\"https:\/\/manestrini.it\/shampoo-olio-di-oliva\/\" \/>\n<meta property=\"og:locale\" content=\"de_DE\" \/>\n<meta property=\"og:type\" content=\"article\" \/>\n<meta property=\"og:title\" content=\"Shampoo - Frantoio Manestrini\" \/>\n<meta property=\"og:description\" content=\"Dieses sehr delikate Shampoo nimmt auf die empfindliche Keratinstruktur des Haares R\u00fccksicht. F\u00fcr h\u00e4ufige Haarw\u00e4sche oder nach intensiver sportlicher Aktivit\u00e4t empfohlen. Es enth\u00e4lt natives Oliven\u00f6l extra, das die Haarwurzel bis in die Tiefe n\u00e4hrt und pflegt und so das Haar kr\u00e4ftigt. Kollagen-Hydrolysat sorgt f\u00fcr weiches Haar und verleiht ihm besonderen Schutz und Glanz. Die Formulierung enth\u00e4lt balsam\u00e4hnliche Substanzen f\u00fcr bessere K\u00e4mmbarkeit und mehr Glanz ohne das Haar zu beschweren.  Anwendung: Auf das feuchte Haar auftragen, leicht einmassieren und sorgf\u00e4ltig aussp\u00fclen.  Flakon 200 ml.\" \/>\n<meta property=\"og:url\" content=\"https:\/\/manestrini.it\/shampoo-olio-di-oliva\/\" \/>\n<meta property=\"og:site_name\" content=\"Frantoio Manestrini\" \/>\n<meta property=\"article:modified_time\" content=\"2025-12-01T23:00:03+00:00\" \/>\n<meta property=\"og:image\" content=\"https:\/\/manestrini.it\/wp-content\/uploads\/2020\/08\/frantoiomanestrini-prodotti-cosmetici-shampoo-1.png\" \/>\n\t<meta property=\"og:image:width\" content=\"950\" \/>\n\t<meta property=\"og:image:height\" content=\"950\" \/>\n\t<meta property=\"og:image:type\" content=\"image\/png\" \/>\n<meta name=\"twitter:card\" content=\"summary_large_image\" \/>\n<script type=\"application\/ld+json\" class=\"yoast-schema-graph\">{\"@context\":\"https:\/\/schema.org\",\"@graph\":[{\"@type\":\"WebPage\",\"@id\":\"https:\/\/manestrini.it\/shampoo-olio-di-oliva\/\",\"url\":\"https:\/\/manestrini.it\/shampoo-olio-di-oliva\/\",\"name\":\"Shampoo - Frantoio Manestrini\",\"isPartOf\":{\"@id\":\"https:\/\/manestrini.it\/#website\"},\"primaryImageOfPage\":{\"@id\":\"https:\/\/manestrini.it\/shampoo-olio-di-oliva\/#primaryimage\"},\"image\":{\"@id\":\"https:\/\/manestrini.it\/shampoo-olio-di-oliva\/#primaryimage\"},\"thumbnailUrl\":\"https:\/\/manestrini.it\/wp-content\/uploads\/2020\/08\/frantoiomanestrini-prodotti-cosmetici-shampoo-1.png\",\"datePublished\":\"2020-08-19T08:28:23+00:00\",\"dateModified\":\"2025-12-01T23:00:03+00:00\",\"breadcrumb\":{\"@id\":\"https:\/\/manestrini.it\/shampoo-olio-di-oliva\/#breadcrumb\"},\"inLanguage\":\"de\",\"potentialAction\":[{\"@type\":\"ReadAction\",\"target\":[\"https:\/\/manestrini.it\/shampoo-olio-di-oliva\/\"]}]},{\"@type\":\"ImageObject\",\"inLanguage\":\"de\",\"@id\":\"https:\/\/manestrini.it\/shampoo-olio-di-oliva\/#primaryimage\",\"url\":\"https:\/\/manestrini.it\/wp-content\/uploads\/2020\/08\/frantoiomanestrini-prodotti-cosmetici-shampoo-1.png\",\"contentUrl\":\"https:\/\/manestrini.it\/wp-content\/uploads\/2020\/08\/frantoiomanestrini-prodotti-cosmetici-shampoo-1.png\",\"width\":950,\"height\":950},{\"@type\":\"BreadcrumbList\",\"@id\":\"https:\/\/manestrini.it\/shampoo-olio-di-oliva\/#breadcrumb\",\"itemListElement\":[{\"@type\":\"ListItem\",\"position\":1,\"name\":\"Home\",\"item\":\"https:\/\/manestrini.it\/\"},{\"@type\":\"ListItem\",\"position\":2,\"name\":\"Produkte\",\"item\":\"https:\/\/manestrini.it\/prodotti-tipici-lago-di-garda\/\"},{\"@type\":\"ListItem\",\"position\":3,\"name\":\"Shampoo\"}]},{\"@type\":\"WebSite\",\"@id\":\"https:\/\/manestrini.it\/#website\",\"url\":\"https:\/\/manestrini.it\/\",\"name\":\"Frantoio Manestrini\",\"description\":\"\",\"publisher\":{\"@id\":\"https:\/\/manestrini.it\/#organization\"},\"potentialAction\":[{\"@type\":\"SearchAction\",\"target\":{\"@type\":\"EntryPoint\",\"urlTemplate\":\"https:\/\/manestrini.it\/?s={search_term_string}\"},\"query-input\":{\"@type\":\"PropertyValueSpecification\",\"valueRequired\":true,\"valueName\":\"search_term_string\"}}],\"inLanguage\":\"de\"},{\"@type\":\"Organization\",\"@id\":\"https:\/\/manestrini.it\/#organization\",\"name\":\"Frantoio Manestrini\",\"url\":\"https:\/\/manestrini.it\/\",\"logo\":{\"@type\":\"ImageObject\",\"inLanguage\":\"de\",\"@id\":\"https:\/\/manestrini.it\/#\/schema\/logo\/image\/\",\"url\":\"https:\/\/manestrini.it\/wp-content\/uploads\/2020\/07\/cropped-frantoiomanestrini-logo-400px.png\",\"contentUrl\":\"https:\/\/manestrini.it\/wp-content\/uploads\/2020\/07\/cropped-frantoiomanestrini-logo-400px.png\",\"width\":401,\"height\":548,\"caption\":\"Frantoio Manestrini\"},\"image\":{\"@id\":\"https:\/\/manestrini.it\/#\/schema\/logo\/image\/\"}}]}<\/script>\n<!-- \/ Yoast SEO plugin. -->","yoast_head_json":{"title":"Shampoo - Frantoio Manestrini","robots":{"index":"index","follow":"follow","max-snippet":"max-snippet:-1","max-image-preview":"max-image-preview:large","max-video-preview":"max-video-preview:-1"},"canonical":"https:\/\/manestrini.it\/shampoo-olio-di-oliva\/","og_locale":"de_DE","og_type":"article","og_title":"Shampoo - Frantoio Manestrini","og_description":"Dieses sehr delikate Shampoo nimmt auf die empfindliche Keratinstruktur des Haares R\u00fccksicht. F\u00fcr h\u00e4ufige Haarw\u00e4sche oder nach intensiver sportlicher Aktivit\u00e4t empfohlen. Es enth\u00e4lt natives Oliven\u00f6l extra, das die Haarwurzel bis in die Tiefe n\u00e4hrt und pflegt und so das Haar kr\u00e4ftigt. Kollagen-Hydrolysat sorgt f\u00fcr weiches Haar und verleiht ihm besonderen Schutz und Glanz. Die Formulierung enth\u00e4lt balsam\u00e4hnliche Substanzen f\u00fcr bessere K\u00e4mmbarkeit und mehr Glanz ohne das Haar zu beschweren.  Anwendung: Auf das feuchte Haar auftragen, leicht einmassieren und sorgf\u00e4ltig aussp\u00fclen.  Flakon 200 ml.","og_url":"https:\/\/manestrini.it\/shampoo-olio-di-oliva\/","og_site_name":"Frantoio Manestrini","article_modified_time":"2025-12-01T23:00:03+00:00","og_image":[{"width":950,"height":950,"url":"https:\/\/manestrini.it\/wp-content\/uploads\/2020\/08\/frantoiomanestrini-prodotti-cosmetici-shampoo-1.png","type":"image\/png"}],"twitter_card":"summary_large_image","schema":{"@context":"https:\/\/schema.org","@graph":[{"@type":"WebPage","@id":"https:\/\/manestrini.it\/shampoo-olio-di-oliva\/","url":"https:\/\/manestrini.it\/shampoo-olio-di-oliva\/","name":"Shampoo - Frantoio Manestrini","isPartOf":{"@id":"https:\/\/manestrini.it\/#website"},"primaryImageOfPage":{"@id":"https:\/\/manestrini.it\/shampoo-olio-di-oliva\/#primaryimage"},"image":{"@id":"https:\/\/manestrini.it\/shampoo-olio-di-oliva\/#primaryimage"},"thumbnailUrl":"https:\/\/manestrini.it\/wp-content\/uploads\/2020\/08\/frantoiomanestrini-prodotti-cosmetici-shampoo-1.png","datePublished":"2020-08-19T08:28:23+00:00","dateModified":"2025-12-01T23:00:03+00:00","breadcrumb":{"@id":"https:\/\/manestrini.it\/shampoo-olio-di-oliva\/#breadcrumb"},"inLanguage":"de","potentialAction":[{"@type":"ReadAction","target":["https:\/\/manestrini.it\/shampoo-olio-di-oliva\/"]}]},{"@type":"ImageObject","inLanguage":"de","@id":"https:\/\/manestrini.it\/shampoo-olio-di-oliva\/#primaryimage","url":"https:\/\/manestrini.it\/wp-content\/uploads\/2020\/08\/frantoiomanestrini-prodotti-cosmetici-shampoo-1.png","contentUrl":"https:\/\/manestrini.it\/wp-content\/uploads\/2020\/08\/frantoiomanestrini-prodotti-cosmetici-shampoo-1.png","width":950,"height":950},{"@type":"BreadcrumbList","@id":"https:\/\/manestrini.it\/shampoo-olio-di-oliva\/#breadcrumb","itemListElement":[{"@type":"ListItem","position":1,"name":"Home","item":"https:\/\/manestrini.it\/"},{"@type":"ListItem","position":2,"name":"Produkte","item":"https:\/\/manestrini.it\/prodotti-tipici-lago-di-garda\/"},{"@type":"ListItem","position":3,"name":"Shampoo"}]},{"@type":"WebSite","@id":"https:\/\/manestrini.it\/#website","url":"https:\/\/manestrini.it\/","name":"Frantoio Manestrini","description":"","publisher":{"@id":"https:\/\/manestrini.it\/#organization"},"potentialAction":[{"@type":"SearchAction","target":{"@type":"EntryPoint","urlTemplate":"https:\/\/manestrini.it\/?s={search_term_string}"},"query-input":{"@type":"PropertyValueSpecification","valueRequired":true,"valueName":"search_term_string"}}],"inLanguage":"de"},{"@type":"Organization","@id":"https:\/\/manestrini.it\/#organization","name":"Frantoio Manestrini","url":"https:\/\/manestrini.it\/","logo":{"@type":"ImageObject","inLanguage":"de","@id":"https:\/\/manestrini.it\/#\/schema\/logo\/image\/","url":"https:\/\/manestrini.it\/wp-content\/uploads\/2020\/07\/cropped-frantoiomanestrini-logo-400px.png","contentUrl":"https:\/\/manestrini.it\/wp-content\/uploads\/2020\/07\/cropped-frantoiomanestrini-logo-400px.png","width":401,"height":548,"caption":"Frantoio Manestrini"},"image":{"@id":"https:\/\/manestrini.it\/#\/schema\/logo\/image\/"}}]}},"_links":{"self":[{"href":"https:\/\/manestrini.it\/de\/wp-json\/wp\/v2\/product\/3423","targetHints":{"allow":["GET"]}}],"collection":[{"href":"https:\/\/manestrini.it\/de\/wp-json\/wp\/v2\/product"}],"about":[{"href":"https:\/\/manestrini.it\/de\/wp-json\/wp\/v2\/types\/product"}],"wp:featuredmedia":[{"embeddable":true,"href":"https:\/\/manestrini.it\/de\/wp-json\/wp\/v2\/media\/2955"}],"wp:attachment":[{"href":"https:\/\/manestrini.it\/de\/wp-json\/wp\/v2\/media?parent=3423"}],"wp:term":[{"taxonomy":"product_brand","embeddable":true,"href":"https:\/\/manestrini.it\/de\/wp-json\/wp\/v2\/product_brand?post=3423"},{"taxonomy":"product_cat","embeddable":true,"href":"https:\/\/manestrini.it\/de\/wp-json\/wp\/v2\/product_cat?post=3423"},{"taxonomy":"product_tag","embeddable":true,"href":"https:\/\/manestrini.it\/de\/wp-json\/wp\/v2\/product_tag?post=3423"}],"curies":[{"name":"wp","href":"https:\/\/api.w.org\/{rel}","templated":true}]}}