{"id":3405,"date":"2020-08-19T10:48:09","date_gmt":"2020-08-19T08:48:09","guid":{"rendered":"https:\/\/fm.majaweb.com\/prodotti\/unkategorisiert\/bagno-doccia-ai-frutti-amari\/"},"modified":"2025-12-02T00:00:03","modified_gmt":"2025-12-01T23:00:03","slug":"duftende-duschgels-bitterfrucht","status":"publish","type":"product","link":"https:\/\/manestrini.it\/de\/duftende-duschgels-bitterfrucht\/","title":{"rendered":"Duftende Duschgels Bitterfrucht"},"content":{"rendered":"","protected":false},"excerpt":{"rendered":"<p>Sanftes Dusch- und Badegel f\u00fcr die Reinigung der Haut der gesamten Familie. Ob f\u00fcr ein entspannendes Bad oder eine belebende Dusche, mit diesem Dusch- und Badegel wird jeder Moment zu einem angenehmen Erlebnis. Die moderne Formulierung enth\u00e4lt Rohstoffe f\u00fcr eine sanfte Reinigung und bewahrt den nat\u00fcrlichen Hydrolipidfilm der Haut. Durch die Zugabe von nativem Oliven\u00f6l extra wird diese Waschlotion noch milder. Die Haut wird gr\u00fcndlich gereinigt und bleibt weich und leicht parf\u00fcmiert.<\/p>\n<p><strong>Anwendung<\/strong>: Auf die feuchte Haut auftragen, reinigen und sorgf\u00e4ltig absp\u00fclen.<\/p>\n<p>Flakon 200 ml.<\/p>\n","protected":false},"featured_media":2935,"template":"","meta":{"_acf_changed":false},"product_brand":[],"product_cat":[1534,204],"product_tag":[],"class_list":{"0":"post-3405","1":"product","2":"type-product","3":"status-publish","4":"has-post-thumbnail","6":"product_cat-aktionen","7":"product_cat-kosmetika","9":"first","10":"instock","11":"featured","12":"shipping-taxable","13":"purchasable","14":"product-type-simple"},"acf":[],"yoast_head":"<!-- This site is optimized with the Yoast SEO plugin v26.4 - https:\/\/yoast.com\/wordpress\/plugins\/seo\/ -->\n<title>Duftende Duschgels Bitterfrucht - Frantoio Manestrini<\/title>\n<meta name=\"robots\" content=\"index, follow, max-snippet:-1, max-image-preview:large, max-video-preview:-1\" \/>\n<link rel=\"canonical\" href=\"https:\/\/manestrini.it\/bagnoschiuma-olio-di-oliva-frutti-amari\/\" \/>\n<meta property=\"og:locale\" content=\"de_DE\" \/>\n<meta property=\"og:type\" content=\"article\" \/>\n<meta property=\"og:title\" content=\"Duftende Duschgels Bitterfrucht - Frantoio Manestrini\" \/>\n<meta property=\"og:description\" content=\"Sanftes Dusch- und Badegel f\u00fcr die Reinigung der Haut der gesamten Familie. Ob f\u00fcr ein entspannendes Bad oder eine belebende Dusche, mit diesem Dusch- und Badegel wird jeder Moment zu einem angenehmen Erlebnis. Die moderne Formulierung enth\u00e4lt Rohstoffe f\u00fcr eine sanfte Reinigung und bewahrt den nat\u00fcrlichen Hydrolipidfilm der Haut. Durch die Zugabe von nativem Oliven\u00f6l extra wird diese Waschlotion noch milder. Die Haut wird gr\u00fcndlich gereinigt und bleibt weich und leicht parf\u00fcmiert.  Anwendung: Auf die feuchte Haut auftragen, reinigen und sorgf\u00e4ltig absp\u00fclen.  Flakon 200 ml.\" \/>\n<meta property=\"og:url\" content=\"https:\/\/manestrini.it\/bagnoschiuma-olio-di-oliva-frutti-amari\/\" \/>\n<meta property=\"og:site_name\" content=\"Frantoio Manestrini\" \/>\n<meta property=\"article:modified_time\" content=\"2025-12-01T23:00:03+00:00\" \/>\n<meta property=\"og:image\" content=\"https:\/\/manestrini.it\/wp-content\/uploads\/2020\/08\/frantoiomanestrini-prodotti-cosmetici-bagnodocciafruttiamari-1.png\" \/>\n\t<meta property=\"og:image:width\" content=\"950\" \/>\n\t<meta property=\"og:image:height\" content=\"950\" \/>\n\t<meta property=\"og:image:type\" content=\"image\/png\" \/>\n<meta name=\"twitter:card\" content=\"summary_large_image\" \/>\n<script type=\"application\/ld+json\" class=\"yoast-schema-graph\">{\"@context\":\"https:\/\/schema.org\",\"@graph\":[{\"@type\":\"WebPage\",\"@id\":\"https:\/\/manestrini.it\/bagnoschiuma-olio-di-oliva-frutti-amari\/\",\"url\":\"https:\/\/manestrini.it\/bagnoschiuma-olio-di-oliva-frutti-amari\/\",\"name\":\"Duftende Duschgels Bitterfrucht - Frantoio Manestrini\",\"isPartOf\":{\"@id\":\"https:\/\/manestrini.it\/#website\"},\"primaryImageOfPage\":{\"@id\":\"https:\/\/manestrini.it\/bagnoschiuma-olio-di-oliva-frutti-amari\/#primaryimage\"},\"image\":{\"@id\":\"https:\/\/manestrini.it\/bagnoschiuma-olio-di-oliva-frutti-amari\/#primaryimage\"},\"thumbnailUrl\":\"https:\/\/manestrini.it\/wp-content\/uploads\/2020\/08\/frantoiomanestrini-prodotti-cosmetici-bagnodocciafruttiamari-1.png\",\"datePublished\":\"2020-08-19T08:48:09+00:00\",\"dateModified\":\"2025-12-01T23:00:03+00:00\",\"breadcrumb\":{\"@id\":\"https:\/\/manestrini.it\/bagnoschiuma-olio-di-oliva-frutti-amari\/#breadcrumb\"},\"inLanguage\":\"de\",\"potentialAction\":[{\"@type\":\"ReadAction\",\"target\":[\"https:\/\/manestrini.it\/bagnoschiuma-olio-di-oliva-frutti-amari\/\"]}]},{\"@type\":\"ImageObject\",\"inLanguage\":\"de\",\"@id\":\"https:\/\/manestrini.it\/bagnoschiuma-olio-di-oliva-frutti-amari\/#primaryimage\",\"url\":\"https:\/\/manestrini.it\/wp-content\/uploads\/2020\/08\/frantoiomanestrini-prodotti-cosmetici-bagnodocciafruttiamari-1.png\",\"contentUrl\":\"https:\/\/manestrini.it\/wp-content\/uploads\/2020\/08\/frantoiomanestrini-prodotti-cosmetici-bagnodocciafruttiamari-1.png\",\"width\":950,\"height\":950},{\"@type\":\"BreadcrumbList\",\"@id\":\"https:\/\/manestrini.it\/bagnoschiuma-olio-di-oliva-frutti-amari\/#breadcrumb\",\"itemListElement\":[{\"@type\":\"ListItem\",\"position\":1,\"name\":\"Home\",\"item\":\"https:\/\/manestrini.it\/\"},{\"@type\":\"ListItem\",\"position\":2,\"name\":\"Produkte\",\"item\":\"https:\/\/manestrini.it\/prodotti-tipici-lago-di-garda\/\"},{\"@type\":\"ListItem\",\"position\":3,\"name\":\"Duftende Duschgels Bitterfrucht\"}]},{\"@type\":\"WebSite\",\"@id\":\"https:\/\/manestrini.it\/#website\",\"url\":\"https:\/\/manestrini.it\/\",\"name\":\"Frantoio Manestrini\",\"description\":\"\",\"publisher\":{\"@id\":\"https:\/\/manestrini.it\/#organization\"},\"potentialAction\":[{\"@type\":\"SearchAction\",\"target\":{\"@type\":\"EntryPoint\",\"urlTemplate\":\"https:\/\/manestrini.it\/?s={search_term_string}\"},\"query-input\":{\"@type\":\"PropertyValueSpecification\",\"valueRequired\":true,\"valueName\":\"search_term_string\"}}],\"inLanguage\":\"de\"},{\"@type\":\"Organization\",\"@id\":\"https:\/\/manestrini.it\/#organization\",\"name\":\"Frantoio Manestrini\",\"url\":\"https:\/\/manestrini.it\/\",\"logo\":{\"@type\":\"ImageObject\",\"inLanguage\":\"de\",\"@id\":\"https:\/\/manestrini.it\/#\/schema\/logo\/image\/\",\"url\":\"https:\/\/manestrini.it\/wp-content\/uploads\/2020\/07\/cropped-frantoiomanestrini-logo-400px.png\",\"contentUrl\":\"https:\/\/manestrini.it\/wp-content\/uploads\/2020\/07\/cropped-frantoiomanestrini-logo-400px.png\",\"width\":401,\"height\":548,\"caption\":\"Frantoio Manestrini\"},\"image\":{\"@id\":\"https:\/\/manestrini.it\/#\/schema\/logo\/image\/\"}}]}<\/script>\n<!-- \/ Yoast SEO plugin. -->","yoast_head_json":{"title":"Duftende Duschgels Bitterfrucht - Frantoio Manestrini","robots":{"index":"index","follow":"follow","max-snippet":"max-snippet:-1","max-image-preview":"max-image-preview:large","max-video-preview":"max-video-preview:-1"},"canonical":"https:\/\/manestrini.it\/bagnoschiuma-olio-di-oliva-frutti-amari\/","og_locale":"de_DE","og_type":"article","og_title":"Duftende Duschgels Bitterfrucht - Frantoio Manestrini","og_description":"Sanftes Dusch- und Badegel f\u00fcr die Reinigung der Haut der gesamten Familie. Ob f\u00fcr ein entspannendes Bad oder eine belebende Dusche, mit diesem Dusch- und Badegel wird jeder Moment zu einem angenehmen Erlebnis. Die moderne Formulierung enth\u00e4lt Rohstoffe f\u00fcr eine sanfte Reinigung und bewahrt den nat\u00fcrlichen Hydrolipidfilm der Haut. Durch die Zugabe von nativem Oliven\u00f6l extra wird diese Waschlotion noch milder. Die Haut wird gr\u00fcndlich gereinigt und bleibt weich und leicht parf\u00fcmiert.  Anwendung: Auf die feuchte Haut auftragen, reinigen und sorgf\u00e4ltig absp\u00fclen.  Flakon 200 ml.","og_url":"https:\/\/manestrini.it\/bagnoschiuma-olio-di-oliva-frutti-amari\/","og_site_name":"Frantoio Manestrini","article_modified_time":"2025-12-01T23:00:03+00:00","og_image":[{"width":950,"height":950,"url":"https:\/\/manestrini.it\/wp-content\/uploads\/2020\/08\/frantoiomanestrini-prodotti-cosmetici-bagnodocciafruttiamari-1.png","type":"image\/png"}],"twitter_card":"summary_large_image","schema":{"@context":"https:\/\/schema.org","@graph":[{"@type":"WebPage","@id":"https:\/\/manestrini.it\/bagnoschiuma-olio-di-oliva-frutti-amari\/","url":"https:\/\/manestrini.it\/bagnoschiuma-olio-di-oliva-frutti-amari\/","name":"Duftende Duschgels Bitterfrucht - Frantoio Manestrini","isPartOf":{"@id":"https:\/\/manestrini.it\/#website"},"primaryImageOfPage":{"@id":"https:\/\/manestrini.it\/bagnoschiuma-olio-di-oliva-frutti-amari\/#primaryimage"},"image":{"@id":"https:\/\/manestrini.it\/bagnoschiuma-olio-di-oliva-frutti-amari\/#primaryimage"},"thumbnailUrl":"https:\/\/manestrini.it\/wp-content\/uploads\/2020\/08\/frantoiomanestrini-prodotti-cosmetici-bagnodocciafruttiamari-1.png","datePublished":"2020-08-19T08:48:09+00:00","dateModified":"2025-12-01T23:00:03+00:00","breadcrumb":{"@id":"https:\/\/manestrini.it\/bagnoschiuma-olio-di-oliva-frutti-amari\/#breadcrumb"},"inLanguage":"de","potentialAction":[{"@type":"ReadAction","target":["https:\/\/manestrini.it\/bagnoschiuma-olio-di-oliva-frutti-amari\/"]}]},{"@type":"ImageObject","inLanguage":"de","@id":"https:\/\/manestrini.it\/bagnoschiuma-olio-di-oliva-frutti-amari\/#primaryimage","url":"https:\/\/manestrini.it\/wp-content\/uploads\/2020\/08\/frantoiomanestrini-prodotti-cosmetici-bagnodocciafruttiamari-1.png","contentUrl":"https:\/\/manestrini.it\/wp-content\/uploads\/2020\/08\/frantoiomanestrini-prodotti-cosmetici-bagnodocciafruttiamari-1.png","width":950,"height":950},{"@type":"BreadcrumbList","@id":"https:\/\/manestrini.it\/bagnoschiuma-olio-di-oliva-frutti-amari\/#breadcrumb","itemListElement":[{"@type":"ListItem","position":1,"name":"Home","item":"https:\/\/manestrini.it\/"},{"@type":"ListItem","position":2,"name":"Produkte","item":"https:\/\/manestrini.it\/prodotti-tipici-lago-di-garda\/"},{"@type":"ListItem","position":3,"name":"Duftende Duschgels Bitterfrucht"}]},{"@type":"WebSite","@id":"https:\/\/manestrini.it\/#website","url":"https:\/\/manestrini.it\/","name":"Frantoio Manestrini","description":"","publisher":{"@id":"https:\/\/manestrini.it\/#organization"},"potentialAction":[{"@type":"SearchAction","target":{"@type":"EntryPoint","urlTemplate":"https:\/\/manestrini.it\/?s={search_term_string}"},"query-input":{"@type":"PropertyValueSpecification","valueRequired":true,"valueName":"search_term_string"}}],"inLanguage":"de"},{"@type":"Organization","@id":"https:\/\/manestrini.it\/#organization","name":"Frantoio Manestrini","url":"https:\/\/manestrini.it\/","logo":{"@type":"ImageObject","inLanguage":"de","@id":"https:\/\/manestrini.it\/#\/schema\/logo\/image\/","url":"https:\/\/manestrini.it\/wp-content\/uploads\/2020\/07\/cropped-frantoiomanestrini-logo-400px.png","contentUrl":"https:\/\/manestrini.it\/wp-content\/uploads\/2020\/07\/cropped-frantoiomanestrini-logo-400px.png","width":401,"height":548,"caption":"Frantoio Manestrini"},"image":{"@id":"https:\/\/manestrini.it\/#\/schema\/logo\/image\/"}}]}},"_links":{"self":[{"href":"https:\/\/manestrini.it\/de\/wp-json\/wp\/v2\/product\/3405","targetHints":{"allow":["GET"]}}],"collection":[{"href":"https:\/\/manestrini.it\/de\/wp-json\/wp\/v2\/product"}],"about":[{"href":"https:\/\/manestrini.it\/de\/wp-json\/wp\/v2\/types\/product"}],"wp:featuredmedia":[{"embeddable":true,"href":"https:\/\/manestrini.it\/de\/wp-json\/wp\/v2\/media\/2935"}],"wp:attachment":[{"href":"https:\/\/manestrini.it\/de\/wp-json\/wp\/v2\/media?parent=3405"}],"wp:term":[{"taxonomy":"product_brand","embeddable":true,"href":"https:\/\/manestrini.it\/de\/wp-json\/wp\/v2\/product_brand?post=3405"},{"taxonomy":"product_cat","embeddable":true,"href":"https:\/\/manestrini.it\/de\/wp-json\/wp\/v2\/product_cat?post=3405"},{"taxonomy":"product_tag","embeddable":true,"href":"https:\/\/manestrini.it\/de\/wp-json\/wp\/v2\/product_tag?post=3405"}],"curies":[{"name":"wp","href":"https:\/\/api.w.org\/{rel}","templated":true}]}}