{"id":3392,"date":"2020-08-19T12:11:02","date_gmt":"2020-08-19T10:11:02","guid":{"rendered":"https:\/\/fm.majaweb.com\/prodotti\/unkategorisiert\/crema-viso-pelli-sensibili\/"},"modified":"2025-12-02T00:00:03","modified_gmt":"2025-12-01T23:00:03","slug":"gesichtscreme-fuer-sensible-haut","status":"publish","type":"product","link":"https:\/\/manestrini.it\/de\/gesichtscreme-fuer-sensible-haut\/","title":{"rendered":"Gesichtscreme f\u00fcr Sensible Haut"},"content":{"rendered":"","protected":false},"excerpt":{"rendered":"<p>Leichte Creme, die R\u00f6tungen effektiv mindert und die Haut beruhigt. Sie pflegt jeden Hauttyp und eignet sich perfekt als Make-Up-Basis. Besonders empfohlen bei Couperose, Hautr\u00f6tungen oder sensibler Haut. F\u00fcr die t\u00e4gliche Anwendung geeignet. Enth\u00e4lt: natives Oliven\u00f6l extra, Glycyrrhetins\u00e4ure (gegen R\u00f6tungen), Sonnenschutzfilter (sch\u00fctzend) und Calendula (beruhigend).<\/p>\n<p><strong>Anwendung<\/strong>: Auftragen und bis zum vollst\u00e4ndigen Einziehen sanft einmassieren.<\/p>\n<p>Dose 50 ml.<\/p>\n","protected":false},"featured_media":2931,"template":"","meta":{"_acf_changed":false},"product_brand":[],"product_cat":[204],"product_tag":[],"class_list":{"0":"post-3392","1":"product","2":"type-product","3":"status-publish","4":"has-post-thumbnail","6":"product_cat-kosmetika","8":"first","9":"instock","10":"shipping-taxable","11":"purchasable","12":"product-type-simple"},"acf":[],"yoast_head":"<!-- This site is optimized with the Yoast SEO plugin v26.4 - https:\/\/yoast.com\/wordpress\/plugins\/seo\/ -->\n<title>Gesichtscreme f\u00fcr Sensible Haut - Frantoio Manestrini<\/title>\n<meta name=\"robots\" content=\"index, follow, max-snippet:-1, max-image-preview:large, max-video-preview:-1\" \/>\n<link rel=\"canonical\" href=\"https:\/\/manestrini.it\/crema-viso-olio-di-oliva-pelli-sensibili\/\" \/>\n<meta property=\"og:locale\" content=\"de_DE\" \/>\n<meta property=\"og:type\" content=\"article\" \/>\n<meta property=\"og:title\" content=\"Gesichtscreme f\u00fcr Sensible Haut - Frantoio Manestrini\" \/>\n<meta property=\"og:description\" content=\"Leichte Creme, die R\u00f6tungen effektiv mindert und die Haut beruhigt. Sie pflegt jeden Hauttyp und eignet sich perfekt als Make-Up-Basis. Besonders empfohlen bei Couperose, Hautr\u00f6tungen oder sensibler Haut. F\u00fcr die t\u00e4gliche Anwendung geeignet. Enth\u00e4lt: natives Oliven\u00f6l extra, Glycyrrhetins\u00e4ure (gegen R\u00f6tungen), Sonnenschutzfilter (sch\u00fctzend) und Calendula (beruhigend).  Anwendung: Auftragen und bis zum vollst\u00e4ndigen Einziehen sanft einmassieren.  Dose 50 ml.\" \/>\n<meta property=\"og:url\" content=\"https:\/\/manestrini.it\/crema-viso-olio-di-oliva-pelli-sensibili\/\" \/>\n<meta property=\"og:site_name\" content=\"Frantoio Manestrini\" \/>\n<meta property=\"article:modified_time\" content=\"2025-12-01T23:00:03+00:00\" \/>\n<meta property=\"og:image\" content=\"https:\/\/manestrini.it\/wp-content\/uploads\/2020\/08\/frantoiomanestrini-prodotti-cosmetici-cremavisopellisensibili-1.png\" \/>\n\t<meta property=\"og:image:width\" content=\"950\" \/>\n\t<meta property=\"og:image:height\" content=\"950\" \/>\n\t<meta property=\"og:image:type\" content=\"image\/png\" \/>\n<meta name=\"twitter:card\" content=\"summary_large_image\" \/>\n<script type=\"application\/ld+json\" class=\"yoast-schema-graph\">{\"@context\":\"https:\/\/schema.org\",\"@graph\":[{\"@type\":\"WebPage\",\"@id\":\"https:\/\/manestrini.it\/crema-viso-olio-di-oliva-pelli-sensibili\/\",\"url\":\"https:\/\/manestrini.it\/crema-viso-olio-di-oliva-pelli-sensibili\/\",\"name\":\"Gesichtscreme f\u00fcr Sensible Haut - Frantoio Manestrini\",\"isPartOf\":{\"@id\":\"https:\/\/manestrini.it\/#website\"},\"primaryImageOfPage\":{\"@id\":\"https:\/\/manestrini.it\/crema-viso-olio-di-oliva-pelli-sensibili\/#primaryimage\"},\"image\":{\"@id\":\"https:\/\/manestrini.it\/crema-viso-olio-di-oliva-pelli-sensibili\/#primaryimage\"},\"thumbnailUrl\":\"https:\/\/manestrini.it\/wp-content\/uploads\/2020\/08\/frantoiomanestrini-prodotti-cosmetici-cremavisopellisensibili-1.png\",\"datePublished\":\"2020-08-19T10:11:02+00:00\",\"dateModified\":\"2025-12-01T23:00:03+00:00\",\"breadcrumb\":{\"@id\":\"https:\/\/manestrini.it\/crema-viso-olio-di-oliva-pelli-sensibili\/#breadcrumb\"},\"inLanguage\":\"de\",\"potentialAction\":[{\"@type\":\"ReadAction\",\"target\":[\"https:\/\/manestrini.it\/crema-viso-olio-di-oliva-pelli-sensibili\/\"]}]},{\"@type\":\"ImageObject\",\"inLanguage\":\"de\",\"@id\":\"https:\/\/manestrini.it\/crema-viso-olio-di-oliva-pelli-sensibili\/#primaryimage\",\"url\":\"https:\/\/manestrini.it\/wp-content\/uploads\/2020\/08\/frantoiomanestrini-prodotti-cosmetici-cremavisopellisensibili-1.png\",\"contentUrl\":\"https:\/\/manestrini.it\/wp-content\/uploads\/2020\/08\/frantoiomanestrini-prodotti-cosmetici-cremavisopellisensibili-1.png\",\"width\":950,\"height\":950},{\"@type\":\"BreadcrumbList\",\"@id\":\"https:\/\/manestrini.it\/crema-viso-olio-di-oliva-pelli-sensibili\/#breadcrumb\",\"itemListElement\":[{\"@type\":\"ListItem\",\"position\":1,\"name\":\"Home\",\"item\":\"https:\/\/manestrini.it\/\"},{\"@type\":\"ListItem\",\"position\":2,\"name\":\"Produkte\",\"item\":\"https:\/\/manestrini.it\/prodotti-tipici-lago-di-garda\/\"},{\"@type\":\"ListItem\",\"position\":3,\"name\":\"Gesichtscreme f\u00fcr Sensible Haut\"}]},{\"@type\":\"WebSite\",\"@id\":\"https:\/\/manestrini.it\/#website\",\"url\":\"https:\/\/manestrini.it\/\",\"name\":\"Frantoio Manestrini\",\"description\":\"\",\"publisher\":{\"@id\":\"https:\/\/manestrini.it\/#organization\"},\"potentialAction\":[{\"@type\":\"SearchAction\",\"target\":{\"@type\":\"EntryPoint\",\"urlTemplate\":\"https:\/\/manestrini.it\/?s={search_term_string}\"},\"query-input\":{\"@type\":\"PropertyValueSpecification\",\"valueRequired\":true,\"valueName\":\"search_term_string\"}}],\"inLanguage\":\"de\"},{\"@type\":\"Organization\",\"@id\":\"https:\/\/manestrini.it\/#organization\",\"name\":\"Frantoio Manestrini\",\"url\":\"https:\/\/manestrini.it\/\",\"logo\":{\"@type\":\"ImageObject\",\"inLanguage\":\"de\",\"@id\":\"https:\/\/manestrini.it\/#\/schema\/logo\/image\/\",\"url\":\"https:\/\/manestrini.it\/wp-content\/uploads\/2020\/07\/cropped-frantoiomanestrini-logo-400px.png\",\"contentUrl\":\"https:\/\/manestrini.it\/wp-content\/uploads\/2020\/07\/cropped-frantoiomanestrini-logo-400px.png\",\"width\":401,\"height\":548,\"caption\":\"Frantoio Manestrini\"},\"image\":{\"@id\":\"https:\/\/manestrini.it\/#\/schema\/logo\/image\/\"}}]}<\/script>\n<!-- \/ Yoast SEO plugin. -->","yoast_head_json":{"title":"Gesichtscreme f\u00fcr Sensible Haut - Frantoio Manestrini","robots":{"index":"index","follow":"follow","max-snippet":"max-snippet:-1","max-image-preview":"max-image-preview:large","max-video-preview":"max-video-preview:-1"},"canonical":"https:\/\/manestrini.it\/crema-viso-olio-di-oliva-pelli-sensibili\/","og_locale":"de_DE","og_type":"article","og_title":"Gesichtscreme f\u00fcr Sensible Haut - Frantoio Manestrini","og_description":"Leichte Creme, die R\u00f6tungen effektiv mindert und die Haut beruhigt. Sie pflegt jeden Hauttyp und eignet sich perfekt als Make-Up-Basis. Besonders empfohlen bei Couperose, Hautr\u00f6tungen oder sensibler Haut. F\u00fcr die t\u00e4gliche Anwendung geeignet. Enth\u00e4lt: natives Oliven\u00f6l extra, Glycyrrhetins\u00e4ure (gegen R\u00f6tungen), Sonnenschutzfilter (sch\u00fctzend) und Calendula (beruhigend).  Anwendung: Auftragen und bis zum vollst\u00e4ndigen Einziehen sanft einmassieren.  Dose 50 ml.","og_url":"https:\/\/manestrini.it\/crema-viso-olio-di-oliva-pelli-sensibili\/","og_site_name":"Frantoio Manestrini","article_modified_time":"2025-12-01T23:00:03+00:00","og_image":[{"width":950,"height":950,"url":"https:\/\/manestrini.it\/wp-content\/uploads\/2020\/08\/frantoiomanestrini-prodotti-cosmetici-cremavisopellisensibili-1.png","type":"image\/png"}],"twitter_card":"summary_large_image","schema":{"@context":"https:\/\/schema.org","@graph":[{"@type":"WebPage","@id":"https:\/\/manestrini.it\/crema-viso-olio-di-oliva-pelli-sensibili\/","url":"https:\/\/manestrini.it\/crema-viso-olio-di-oliva-pelli-sensibili\/","name":"Gesichtscreme f\u00fcr Sensible Haut - Frantoio Manestrini","isPartOf":{"@id":"https:\/\/manestrini.it\/#website"},"primaryImageOfPage":{"@id":"https:\/\/manestrini.it\/crema-viso-olio-di-oliva-pelli-sensibili\/#primaryimage"},"image":{"@id":"https:\/\/manestrini.it\/crema-viso-olio-di-oliva-pelli-sensibili\/#primaryimage"},"thumbnailUrl":"https:\/\/manestrini.it\/wp-content\/uploads\/2020\/08\/frantoiomanestrini-prodotti-cosmetici-cremavisopellisensibili-1.png","datePublished":"2020-08-19T10:11:02+00:00","dateModified":"2025-12-01T23:00:03+00:00","breadcrumb":{"@id":"https:\/\/manestrini.it\/crema-viso-olio-di-oliva-pelli-sensibili\/#breadcrumb"},"inLanguage":"de","potentialAction":[{"@type":"ReadAction","target":["https:\/\/manestrini.it\/crema-viso-olio-di-oliva-pelli-sensibili\/"]}]},{"@type":"ImageObject","inLanguage":"de","@id":"https:\/\/manestrini.it\/crema-viso-olio-di-oliva-pelli-sensibili\/#primaryimage","url":"https:\/\/manestrini.it\/wp-content\/uploads\/2020\/08\/frantoiomanestrini-prodotti-cosmetici-cremavisopellisensibili-1.png","contentUrl":"https:\/\/manestrini.it\/wp-content\/uploads\/2020\/08\/frantoiomanestrini-prodotti-cosmetici-cremavisopellisensibili-1.png","width":950,"height":950},{"@type":"BreadcrumbList","@id":"https:\/\/manestrini.it\/crema-viso-olio-di-oliva-pelli-sensibili\/#breadcrumb","itemListElement":[{"@type":"ListItem","position":1,"name":"Home","item":"https:\/\/manestrini.it\/"},{"@type":"ListItem","position":2,"name":"Produkte","item":"https:\/\/manestrini.it\/prodotti-tipici-lago-di-garda\/"},{"@type":"ListItem","position":3,"name":"Gesichtscreme f\u00fcr Sensible Haut"}]},{"@type":"WebSite","@id":"https:\/\/manestrini.it\/#website","url":"https:\/\/manestrini.it\/","name":"Frantoio Manestrini","description":"","publisher":{"@id":"https:\/\/manestrini.it\/#organization"},"potentialAction":[{"@type":"SearchAction","target":{"@type":"EntryPoint","urlTemplate":"https:\/\/manestrini.it\/?s={search_term_string}"},"query-input":{"@type":"PropertyValueSpecification","valueRequired":true,"valueName":"search_term_string"}}],"inLanguage":"de"},{"@type":"Organization","@id":"https:\/\/manestrini.it\/#organization","name":"Frantoio Manestrini","url":"https:\/\/manestrini.it\/","logo":{"@type":"ImageObject","inLanguage":"de","@id":"https:\/\/manestrini.it\/#\/schema\/logo\/image\/","url":"https:\/\/manestrini.it\/wp-content\/uploads\/2020\/07\/cropped-frantoiomanestrini-logo-400px.png","contentUrl":"https:\/\/manestrini.it\/wp-content\/uploads\/2020\/07\/cropped-frantoiomanestrini-logo-400px.png","width":401,"height":548,"caption":"Frantoio Manestrini"},"image":{"@id":"https:\/\/manestrini.it\/#\/schema\/logo\/image\/"}}]}},"_links":{"self":[{"href":"https:\/\/manestrini.it\/de\/wp-json\/wp\/v2\/product\/3392","targetHints":{"allow":["GET"]}}],"collection":[{"href":"https:\/\/manestrini.it\/de\/wp-json\/wp\/v2\/product"}],"about":[{"href":"https:\/\/manestrini.it\/de\/wp-json\/wp\/v2\/types\/product"}],"wp:featuredmedia":[{"embeddable":true,"href":"https:\/\/manestrini.it\/de\/wp-json\/wp\/v2\/media\/2931"}],"wp:attachment":[{"href":"https:\/\/manestrini.it\/de\/wp-json\/wp\/v2\/media?parent=3392"}],"wp:term":[{"taxonomy":"product_brand","embeddable":true,"href":"https:\/\/manestrini.it\/de\/wp-json\/wp\/v2\/product_brand?post=3392"},{"taxonomy":"product_cat","embeddable":true,"href":"https:\/\/manestrini.it\/de\/wp-json\/wp\/v2\/product_cat?post=3392"},{"taxonomy":"product_tag","embeddable":true,"href":"https:\/\/manestrini.it\/de\/wp-json\/wp\/v2\/product_tag?post=3392"}],"curies":[{"name":"wp","href":"https:\/\/api.w.org\/{rel}","templated":true}]}}