{"id":3381,"date":"2020-08-19T12:24:16","date_gmt":"2020-08-19T10:24:16","guid":{"rendered":"https:\/\/fm.majaweb.com\/prodotti\/unkategorisiert\/lip-labbra\/"},"modified":"2025-12-02T00:00:04","modified_gmt":"2025-12-01T23:00:04","slug":"lip-mit-nativem-olivenoel-extra","status":"publish","type":"product","link":"https:\/\/manestrini.it\/de\/lip-mit-nativem-olivenoel-extra\/","title":{"rendered":"LIP mit nativem Oliven\u00f6l extra"},"content":{"rendered":"","protected":false},"excerpt":{"rendered":"<p>Sanfte Pflege f\u00fcr sch\u00f6ne Lippen mit der Kombination aus nat\u00fcrlichen Inhaltsstoffen wie nativem Oliven\u00f6l extra, Kakaobutter und Vitamin E. Durch den dezenten Duft wird dieser Stick gerne von Jung und Alt verwendet. Der Sonnenschutzfilter sorgt zus\u00e4tzlich f\u00fcr Schutz vor der Sonne.<\/p>\n<p><strong>Anwendung<\/strong>: Bei Bedarf.<\/p>\n<p>Stick 5 ml.<\/p>\n","protected":false},"featured_media":2905,"template":"","meta":{"_acf_changed":false},"product_brand":[],"product_cat":[204],"product_tag":[],"class_list":{"0":"post-3381","1":"product","2":"type-product","3":"status-publish","4":"has-post-thumbnail","6":"product_cat-kosmetika","8":"first","9":"outofstock","10":"shipping-taxable","11":"purchasable","12":"product-type-simple"},"acf":[],"yoast_head":"<!-- This site is optimized with the Yoast SEO plugin v26.4 - https:\/\/yoast.com\/wordpress\/plugins\/seo\/ -->\n<title>LIP mit nativem Oliven\u00f6l extra - Frantoio Manestrini<\/title>\n<meta name=\"robots\" content=\"index, follow, max-snippet:-1, max-image-preview:large, max-video-preview:-1\" \/>\n<link rel=\"canonical\" href=\"https:\/\/manestrini.it\/lip-labbra-con-olio-extravergine-di-oliva\/\" \/>\n<meta property=\"og:locale\" content=\"de_DE\" \/>\n<meta property=\"og:type\" content=\"article\" \/>\n<meta property=\"og:title\" content=\"LIP mit nativem Oliven\u00f6l extra - Frantoio Manestrini\" \/>\n<meta property=\"og:description\" content=\"Sanfte Pflege f\u00fcr sch\u00f6ne Lippen mit der Kombination aus nat\u00fcrlichen Inhaltsstoffen wie nativem Oliven\u00f6l extra, Kakaobutter und Vitamin E. Durch den dezenten Duft wird dieser Stick gerne von Jung und Alt verwendet. Der Sonnenschutzfilter sorgt zus\u00e4tzlich f\u00fcr Schutz vor der Sonne.  Anwendung: Bei Bedarf.  Stick 5 ml.\" \/>\n<meta property=\"og:url\" content=\"https:\/\/manestrini.it\/lip-labbra-con-olio-extravergine-di-oliva\/\" \/>\n<meta property=\"og:site_name\" content=\"Frantoio Manestrini\" \/>\n<meta property=\"article:modified_time\" content=\"2025-12-01T23:00:04+00:00\" \/>\n<meta property=\"og:image\" content=\"https:\/\/manestrini.it\/wp-content\/uploads\/2020\/08\/frantoiomanestrini-prodotti-cosmetici-liplabbra-1.png\" \/>\n\t<meta property=\"og:image:width\" content=\"950\" \/>\n\t<meta property=\"og:image:height\" content=\"950\" \/>\n\t<meta property=\"og:image:type\" content=\"image\/png\" \/>\n<meta name=\"twitter:card\" content=\"summary_large_image\" \/>\n<script type=\"application\/ld+json\" class=\"yoast-schema-graph\">{\"@context\":\"https:\/\/schema.org\",\"@graph\":[{\"@type\":\"WebPage\",\"@id\":\"https:\/\/manestrini.it\/lip-labbra-con-olio-extravergine-di-oliva\/\",\"url\":\"https:\/\/manestrini.it\/lip-labbra-con-olio-extravergine-di-oliva\/\",\"name\":\"LIP mit nativem Oliven\u00f6l extra - Frantoio Manestrini\",\"isPartOf\":{\"@id\":\"https:\/\/manestrini.it\/#website\"},\"primaryImageOfPage\":{\"@id\":\"https:\/\/manestrini.it\/lip-labbra-con-olio-extravergine-di-oliva\/#primaryimage\"},\"image\":{\"@id\":\"https:\/\/manestrini.it\/lip-labbra-con-olio-extravergine-di-oliva\/#primaryimage\"},\"thumbnailUrl\":\"https:\/\/manestrini.it\/wp-content\/uploads\/2020\/08\/frantoiomanestrini-prodotti-cosmetici-liplabbra-1.png\",\"datePublished\":\"2020-08-19T10:24:16+00:00\",\"dateModified\":\"2025-12-01T23:00:04+00:00\",\"breadcrumb\":{\"@id\":\"https:\/\/manestrini.it\/lip-labbra-con-olio-extravergine-di-oliva\/#breadcrumb\"},\"inLanguage\":\"de\",\"potentialAction\":[{\"@type\":\"ReadAction\",\"target\":[\"https:\/\/manestrini.it\/lip-labbra-con-olio-extravergine-di-oliva\/\"]}]},{\"@type\":\"ImageObject\",\"inLanguage\":\"de\",\"@id\":\"https:\/\/manestrini.it\/lip-labbra-con-olio-extravergine-di-oliva\/#primaryimage\",\"url\":\"https:\/\/manestrini.it\/wp-content\/uploads\/2020\/08\/frantoiomanestrini-prodotti-cosmetici-liplabbra-1.png\",\"contentUrl\":\"https:\/\/manestrini.it\/wp-content\/uploads\/2020\/08\/frantoiomanestrini-prodotti-cosmetici-liplabbra-1.png\",\"width\":950,\"height\":950},{\"@type\":\"BreadcrumbList\",\"@id\":\"https:\/\/manestrini.it\/lip-labbra-con-olio-extravergine-di-oliva\/#breadcrumb\",\"itemListElement\":[{\"@type\":\"ListItem\",\"position\":1,\"name\":\"Home\",\"item\":\"https:\/\/manestrini.it\/\"},{\"@type\":\"ListItem\",\"position\":2,\"name\":\"Produkte\",\"item\":\"https:\/\/manestrini.it\/prodotti-tipici-lago-di-garda\/\"},{\"@type\":\"ListItem\",\"position\":3,\"name\":\"LIP mit nativem Oliven\u00f6l extra\"}]},{\"@type\":\"WebSite\",\"@id\":\"https:\/\/manestrini.it\/#website\",\"url\":\"https:\/\/manestrini.it\/\",\"name\":\"Frantoio Manestrini\",\"description\":\"\",\"publisher\":{\"@id\":\"https:\/\/manestrini.it\/#organization\"},\"potentialAction\":[{\"@type\":\"SearchAction\",\"target\":{\"@type\":\"EntryPoint\",\"urlTemplate\":\"https:\/\/manestrini.it\/?s={search_term_string}\"},\"query-input\":{\"@type\":\"PropertyValueSpecification\",\"valueRequired\":true,\"valueName\":\"search_term_string\"}}],\"inLanguage\":\"de\"},{\"@type\":\"Organization\",\"@id\":\"https:\/\/manestrini.it\/#organization\",\"name\":\"Frantoio Manestrini\",\"url\":\"https:\/\/manestrini.it\/\",\"logo\":{\"@type\":\"ImageObject\",\"inLanguage\":\"de\",\"@id\":\"https:\/\/manestrini.it\/#\/schema\/logo\/image\/\",\"url\":\"https:\/\/manestrini.it\/wp-content\/uploads\/2020\/07\/cropped-frantoiomanestrini-logo-400px.png\",\"contentUrl\":\"https:\/\/manestrini.it\/wp-content\/uploads\/2020\/07\/cropped-frantoiomanestrini-logo-400px.png\",\"width\":401,\"height\":548,\"caption\":\"Frantoio Manestrini\"},\"image\":{\"@id\":\"https:\/\/manestrini.it\/#\/schema\/logo\/image\/\"}}]}<\/script>\n<!-- \/ Yoast SEO plugin. -->","yoast_head_json":{"title":"LIP mit nativem Oliven\u00f6l extra - Frantoio Manestrini","robots":{"index":"index","follow":"follow","max-snippet":"max-snippet:-1","max-image-preview":"max-image-preview:large","max-video-preview":"max-video-preview:-1"},"canonical":"https:\/\/manestrini.it\/lip-labbra-con-olio-extravergine-di-oliva\/","og_locale":"de_DE","og_type":"article","og_title":"LIP mit nativem Oliven\u00f6l extra - Frantoio Manestrini","og_description":"Sanfte Pflege f\u00fcr sch\u00f6ne Lippen mit der Kombination aus nat\u00fcrlichen Inhaltsstoffen wie nativem Oliven\u00f6l extra, Kakaobutter und Vitamin E. Durch den dezenten Duft wird dieser Stick gerne von Jung und Alt verwendet. Der Sonnenschutzfilter sorgt zus\u00e4tzlich f\u00fcr Schutz vor der Sonne.  Anwendung: Bei Bedarf.  Stick 5 ml.","og_url":"https:\/\/manestrini.it\/lip-labbra-con-olio-extravergine-di-oliva\/","og_site_name":"Frantoio Manestrini","article_modified_time":"2025-12-01T23:00:04+00:00","og_image":[{"width":950,"height":950,"url":"https:\/\/manestrini.it\/wp-content\/uploads\/2020\/08\/frantoiomanestrini-prodotti-cosmetici-liplabbra-1.png","type":"image\/png"}],"twitter_card":"summary_large_image","schema":{"@context":"https:\/\/schema.org","@graph":[{"@type":"WebPage","@id":"https:\/\/manestrini.it\/lip-labbra-con-olio-extravergine-di-oliva\/","url":"https:\/\/manestrini.it\/lip-labbra-con-olio-extravergine-di-oliva\/","name":"LIP mit nativem Oliven\u00f6l extra - Frantoio Manestrini","isPartOf":{"@id":"https:\/\/manestrini.it\/#website"},"primaryImageOfPage":{"@id":"https:\/\/manestrini.it\/lip-labbra-con-olio-extravergine-di-oliva\/#primaryimage"},"image":{"@id":"https:\/\/manestrini.it\/lip-labbra-con-olio-extravergine-di-oliva\/#primaryimage"},"thumbnailUrl":"https:\/\/manestrini.it\/wp-content\/uploads\/2020\/08\/frantoiomanestrini-prodotti-cosmetici-liplabbra-1.png","datePublished":"2020-08-19T10:24:16+00:00","dateModified":"2025-12-01T23:00:04+00:00","breadcrumb":{"@id":"https:\/\/manestrini.it\/lip-labbra-con-olio-extravergine-di-oliva\/#breadcrumb"},"inLanguage":"de","potentialAction":[{"@type":"ReadAction","target":["https:\/\/manestrini.it\/lip-labbra-con-olio-extravergine-di-oliva\/"]}]},{"@type":"ImageObject","inLanguage":"de","@id":"https:\/\/manestrini.it\/lip-labbra-con-olio-extravergine-di-oliva\/#primaryimage","url":"https:\/\/manestrini.it\/wp-content\/uploads\/2020\/08\/frantoiomanestrini-prodotti-cosmetici-liplabbra-1.png","contentUrl":"https:\/\/manestrini.it\/wp-content\/uploads\/2020\/08\/frantoiomanestrini-prodotti-cosmetici-liplabbra-1.png","width":950,"height":950},{"@type":"BreadcrumbList","@id":"https:\/\/manestrini.it\/lip-labbra-con-olio-extravergine-di-oliva\/#breadcrumb","itemListElement":[{"@type":"ListItem","position":1,"name":"Home","item":"https:\/\/manestrini.it\/"},{"@type":"ListItem","position":2,"name":"Produkte","item":"https:\/\/manestrini.it\/prodotti-tipici-lago-di-garda\/"},{"@type":"ListItem","position":3,"name":"LIP mit nativem Oliven\u00f6l extra"}]},{"@type":"WebSite","@id":"https:\/\/manestrini.it\/#website","url":"https:\/\/manestrini.it\/","name":"Frantoio Manestrini","description":"","publisher":{"@id":"https:\/\/manestrini.it\/#organization"},"potentialAction":[{"@type":"SearchAction","target":{"@type":"EntryPoint","urlTemplate":"https:\/\/manestrini.it\/?s={search_term_string}"},"query-input":{"@type":"PropertyValueSpecification","valueRequired":true,"valueName":"search_term_string"}}],"inLanguage":"de"},{"@type":"Organization","@id":"https:\/\/manestrini.it\/#organization","name":"Frantoio Manestrini","url":"https:\/\/manestrini.it\/","logo":{"@type":"ImageObject","inLanguage":"de","@id":"https:\/\/manestrini.it\/#\/schema\/logo\/image\/","url":"https:\/\/manestrini.it\/wp-content\/uploads\/2020\/07\/cropped-frantoiomanestrini-logo-400px.png","contentUrl":"https:\/\/manestrini.it\/wp-content\/uploads\/2020\/07\/cropped-frantoiomanestrini-logo-400px.png","width":401,"height":548,"caption":"Frantoio Manestrini"},"image":{"@id":"https:\/\/manestrini.it\/#\/schema\/logo\/image\/"}}]}},"_links":{"self":[{"href":"https:\/\/manestrini.it\/de\/wp-json\/wp\/v2\/product\/3381","targetHints":{"allow":["GET"]}}],"collection":[{"href":"https:\/\/manestrini.it\/de\/wp-json\/wp\/v2\/product"}],"about":[{"href":"https:\/\/manestrini.it\/de\/wp-json\/wp\/v2\/types\/product"}],"wp:featuredmedia":[{"embeddable":true,"href":"https:\/\/manestrini.it\/de\/wp-json\/wp\/v2\/media\/2905"}],"wp:attachment":[{"href":"https:\/\/manestrini.it\/de\/wp-json\/wp\/v2\/media?parent=3381"}],"wp:term":[{"taxonomy":"product_brand","embeddable":true,"href":"https:\/\/manestrini.it\/de\/wp-json\/wp\/v2\/product_brand?post=3381"},{"taxonomy":"product_cat","embeddable":true,"href":"https:\/\/manestrini.it\/de\/wp-json\/wp\/v2\/product_cat?post=3381"},{"taxonomy":"product_tag","embeddable":true,"href":"https:\/\/manestrini.it\/de\/wp-json\/wp\/v2\/product_tag?post=3381"}],"curies":[{"name":"wp","href":"https:\/\/api.w.org\/{rel}","templated":true}]}}