{"id":3316,"date":"2020-08-18T14:20:16","date_gmt":"2020-08-18T12:20:16","guid":{"rendered":"https:\/\/fm.majaweb.com\/prodotti\/unkategorisiert\/pate-di-olive-verdi\/"},"modified":"2022-11-28T00:00:43","modified_gmt":"2022-11-27T23:00:43","slug":"grune-olivenpaste","status":"publish","type":"product","link":"https:\/\/manestrini.it\/de\/grune-olivenpaste\/","title":{"rendered":"Gr\u00fcne Olivenpaste"},"content":{"rendered":"<p><strong>Zutaten<\/strong>: Gr\u00fcne Oliven 80% (Meersalz, S\u00e4ureregulator: Milchs\u00e4ure), natives Oliven\u00f6l extra,\u00a0 nat\u00fcrliche Aromen.<\/p>\n","protected":false},"excerpt":{"rendered":"<h3>180gr<\/h3>\n<p><span style=\"font-weight: 400;\">Eine Creme mit einem intensiven und typischen Geschmack von gr\u00fcnen Oliven, zubereitet mit echten Zutaten.\u00a0<\/span><\/p>\n<p><strong>Ideal f\u00fcr Salate, Fleisch, Nudeln, Croutons und Bruschetta.<\/strong><\/p>\n","protected":false},"featured_media":3005,"template":"","meta":{"_acf_changed":false},"product_brand":[],"product_cat":[207],"product_tag":[],"class_list":{"0":"post-3316","1":"product","2":"type-product","3":"status-publish","4":"has-post-thumbnail","6":"product_cat-gastronomische-spezialitaeten","8":"first","9":"instock","10":"shipping-taxable","11":"purchasable","12":"product-type-simple"},"acf":[],"yoast_head":"<!-- This site is optimized with the Yoast SEO plugin v26.4 - https:\/\/yoast.com\/wordpress\/plugins\/seo\/ -->\n<title>Gr\u00fcne Olivenpaste - Frantoio Manestrini<\/title>\n<meta name=\"robots\" content=\"index, follow, max-snippet:-1, max-image-preview:large, max-video-preview:-1\" \/>\n<link rel=\"canonical\" href=\"https:\/\/manestrini.it\/pate-di-olive-verdi\/\" \/>\n<meta property=\"og:locale\" content=\"de_DE\" \/>\n<meta property=\"og:type\" content=\"article\" \/>\n<meta property=\"og:title\" content=\"Gr\u00fcne Olivenpaste - Frantoio Manestrini\" \/>\n<meta property=\"og:description\" content=\"180gr Eine Creme mit einem intensiven und typischen Geschmack von gr\u00fcnen Oliven, zubereitet mit echten Zutaten.\u00a0  Ideal f\u00fcr Salate, Fleisch, Nudeln, Croutons und Bruschetta.\" \/>\n<meta property=\"og:url\" content=\"https:\/\/manestrini.it\/pate-di-olive-verdi\/\" \/>\n<meta property=\"og:site_name\" content=\"Frantoio Manestrini\" \/>\n<meta property=\"article:modified_time\" content=\"2022-11-27T23:00:43+00:00\" \/>\n<meta property=\"og:image\" content=\"https:\/\/manestrini.it\/wp-content\/uploads\/2020\/08\/FrantoioManestrini-Prodotti-SpecialitaGastronomiche-Olive-Pate\u0301-Creme-PateOliveVerdi-1.png\" \/>\n\t<meta property=\"og:image:width\" content=\"950\" \/>\n\t<meta property=\"og:image:height\" content=\"950\" \/>\n\t<meta property=\"og:image:type\" content=\"image\/png\" \/>\n<meta name=\"twitter:card\" content=\"summary_large_image\" \/>\n<script type=\"application\/ld+json\" class=\"yoast-schema-graph\">{\"@context\":\"https:\/\/schema.org\",\"@graph\":[{\"@type\":\"WebPage\",\"@id\":\"https:\/\/manestrini.it\/pate-di-olive-verdi\/\",\"url\":\"https:\/\/manestrini.it\/pate-di-olive-verdi\/\",\"name\":\"Gr\u00fcne Olivenpaste - Frantoio Manestrini\",\"isPartOf\":{\"@id\":\"https:\/\/manestrini.it\/#website\"},\"primaryImageOfPage\":{\"@id\":\"https:\/\/manestrini.it\/pate-di-olive-verdi\/#primaryimage\"},\"image\":{\"@id\":\"https:\/\/manestrini.it\/pate-di-olive-verdi\/#primaryimage\"},\"thumbnailUrl\":\"https:\/\/manestrini.it\/wp-content\/uploads\/2020\/08\/FrantoioManestrini-Prodotti-SpecialitaGastronomiche-Olive-Pate\u0301-Creme-PateOliveVerdi-1.png\",\"datePublished\":\"2020-08-18T12:20:16+00:00\",\"dateModified\":\"2022-11-27T23:00:43+00:00\",\"breadcrumb\":{\"@id\":\"https:\/\/manestrini.it\/pate-di-olive-verdi\/#breadcrumb\"},\"inLanguage\":\"de\",\"potentialAction\":[{\"@type\":\"ReadAction\",\"target\":[\"https:\/\/manestrini.it\/pate-di-olive-verdi\/\"]}]},{\"@type\":\"ImageObject\",\"inLanguage\":\"de\",\"@id\":\"https:\/\/manestrini.it\/pate-di-olive-verdi\/#primaryimage\",\"url\":\"https:\/\/manestrini.it\/wp-content\/uploads\/2020\/08\/FrantoioManestrini-Prodotti-SpecialitaGastronomiche-Olive-Pate\u0301-Creme-PateOliveVerdi-1.png\",\"contentUrl\":\"https:\/\/manestrini.it\/wp-content\/uploads\/2020\/08\/FrantoioManestrini-Prodotti-SpecialitaGastronomiche-Olive-Pate\u0301-Creme-PateOliveVerdi-1.png\",\"width\":950,\"height\":950},{\"@type\":\"BreadcrumbList\",\"@id\":\"https:\/\/manestrini.it\/pate-di-olive-verdi\/#breadcrumb\",\"itemListElement\":[{\"@type\":\"ListItem\",\"position\":1,\"name\":\"Home\",\"item\":\"https:\/\/manestrini.it\/\"},{\"@type\":\"ListItem\",\"position\":2,\"name\":\"Produkte\",\"item\":\"https:\/\/manestrini.it\/prodotti-tipici-lago-di-garda\/\"},{\"@type\":\"ListItem\",\"position\":3,\"name\":\"Gr\u00fcne Olivenpaste\"}]},{\"@type\":\"WebSite\",\"@id\":\"https:\/\/manestrini.it\/#website\",\"url\":\"https:\/\/manestrini.it\/\",\"name\":\"Frantoio Manestrini\",\"description\":\"\",\"publisher\":{\"@id\":\"https:\/\/manestrini.it\/#organization\"},\"potentialAction\":[{\"@type\":\"SearchAction\",\"target\":{\"@type\":\"EntryPoint\",\"urlTemplate\":\"https:\/\/manestrini.it\/?s={search_term_string}\"},\"query-input\":{\"@type\":\"PropertyValueSpecification\",\"valueRequired\":true,\"valueName\":\"search_term_string\"}}],\"inLanguage\":\"de\"},{\"@type\":\"Organization\",\"@id\":\"https:\/\/manestrini.it\/#organization\",\"name\":\"Frantoio Manestrini\",\"url\":\"https:\/\/manestrini.it\/\",\"logo\":{\"@type\":\"ImageObject\",\"inLanguage\":\"de\",\"@id\":\"https:\/\/manestrini.it\/#\/schema\/logo\/image\/\",\"url\":\"https:\/\/manestrini.it\/wp-content\/uploads\/2020\/07\/cropped-frantoiomanestrini-logo-400px.png\",\"contentUrl\":\"https:\/\/manestrini.it\/wp-content\/uploads\/2020\/07\/cropped-frantoiomanestrini-logo-400px.png\",\"width\":401,\"height\":548,\"caption\":\"Frantoio Manestrini\"},\"image\":{\"@id\":\"https:\/\/manestrini.it\/#\/schema\/logo\/image\/\"}}]}<\/script>\n<!-- \/ Yoast SEO plugin. -->","yoast_head_json":{"title":"Gr\u00fcne Olivenpaste - Frantoio Manestrini","robots":{"index":"index","follow":"follow","max-snippet":"max-snippet:-1","max-image-preview":"max-image-preview:large","max-video-preview":"max-video-preview:-1"},"canonical":"https:\/\/manestrini.it\/pate-di-olive-verdi\/","og_locale":"de_DE","og_type":"article","og_title":"Gr\u00fcne Olivenpaste - Frantoio Manestrini","og_description":"180gr Eine Creme mit einem intensiven und typischen Geschmack von gr\u00fcnen Oliven, zubereitet mit echten Zutaten.\u00a0  Ideal f\u00fcr Salate, Fleisch, Nudeln, Croutons und Bruschetta.","og_url":"https:\/\/manestrini.it\/pate-di-olive-verdi\/","og_site_name":"Frantoio Manestrini","article_modified_time":"2022-11-27T23:00:43+00:00","og_image":[{"width":950,"height":950,"url":"https:\/\/manestrini.it\/wp-content\/uploads\/2020\/08\/FrantoioManestrini-Prodotti-SpecialitaGastronomiche-Olive-Pate\u0301-Creme-PateOliveVerdi-1.png","type":"image\/png"}],"twitter_card":"summary_large_image","schema":{"@context":"https:\/\/schema.org","@graph":[{"@type":"WebPage","@id":"https:\/\/manestrini.it\/pate-di-olive-verdi\/","url":"https:\/\/manestrini.it\/pate-di-olive-verdi\/","name":"Gr\u00fcne Olivenpaste - Frantoio Manestrini","isPartOf":{"@id":"https:\/\/manestrini.it\/#website"},"primaryImageOfPage":{"@id":"https:\/\/manestrini.it\/pate-di-olive-verdi\/#primaryimage"},"image":{"@id":"https:\/\/manestrini.it\/pate-di-olive-verdi\/#primaryimage"},"thumbnailUrl":"https:\/\/manestrini.it\/wp-content\/uploads\/2020\/08\/FrantoioManestrini-Prodotti-SpecialitaGastronomiche-Olive-Pate\u0301-Creme-PateOliveVerdi-1.png","datePublished":"2020-08-18T12:20:16+00:00","dateModified":"2022-11-27T23:00:43+00:00","breadcrumb":{"@id":"https:\/\/manestrini.it\/pate-di-olive-verdi\/#breadcrumb"},"inLanguage":"de","potentialAction":[{"@type":"ReadAction","target":["https:\/\/manestrini.it\/pate-di-olive-verdi\/"]}]},{"@type":"ImageObject","inLanguage":"de","@id":"https:\/\/manestrini.it\/pate-di-olive-verdi\/#primaryimage","url":"https:\/\/manestrini.it\/wp-content\/uploads\/2020\/08\/FrantoioManestrini-Prodotti-SpecialitaGastronomiche-Olive-Pate\u0301-Creme-PateOliveVerdi-1.png","contentUrl":"https:\/\/manestrini.it\/wp-content\/uploads\/2020\/08\/FrantoioManestrini-Prodotti-SpecialitaGastronomiche-Olive-Pate\u0301-Creme-PateOliveVerdi-1.png","width":950,"height":950},{"@type":"BreadcrumbList","@id":"https:\/\/manestrini.it\/pate-di-olive-verdi\/#breadcrumb","itemListElement":[{"@type":"ListItem","position":1,"name":"Home","item":"https:\/\/manestrini.it\/"},{"@type":"ListItem","position":2,"name":"Produkte","item":"https:\/\/manestrini.it\/prodotti-tipici-lago-di-garda\/"},{"@type":"ListItem","position":3,"name":"Gr\u00fcne Olivenpaste"}]},{"@type":"WebSite","@id":"https:\/\/manestrini.it\/#website","url":"https:\/\/manestrini.it\/","name":"Frantoio Manestrini","description":"","publisher":{"@id":"https:\/\/manestrini.it\/#organization"},"potentialAction":[{"@type":"SearchAction","target":{"@type":"EntryPoint","urlTemplate":"https:\/\/manestrini.it\/?s={search_term_string}"},"query-input":{"@type":"PropertyValueSpecification","valueRequired":true,"valueName":"search_term_string"}}],"inLanguage":"de"},{"@type":"Organization","@id":"https:\/\/manestrini.it\/#organization","name":"Frantoio Manestrini","url":"https:\/\/manestrini.it\/","logo":{"@type":"ImageObject","inLanguage":"de","@id":"https:\/\/manestrini.it\/#\/schema\/logo\/image\/","url":"https:\/\/manestrini.it\/wp-content\/uploads\/2020\/07\/cropped-frantoiomanestrini-logo-400px.png","contentUrl":"https:\/\/manestrini.it\/wp-content\/uploads\/2020\/07\/cropped-frantoiomanestrini-logo-400px.png","width":401,"height":548,"caption":"Frantoio Manestrini"},"image":{"@id":"https:\/\/manestrini.it\/#\/schema\/logo\/image\/"}}]}},"_links":{"self":[{"href":"https:\/\/manestrini.it\/de\/wp-json\/wp\/v2\/product\/3316","targetHints":{"allow":["GET"]}}],"collection":[{"href":"https:\/\/manestrini.it\/de\/wp-json\/wp\/v2\/product"}],"about":[{"href":"https:\/\/manestrini.it\/de\/wp-json\/wp\/v2\/types\/product"}],"wp:featuredmedia":[{"embeddable":true,"href":"https:\/\/manestrini.it\/de\/wp-json\/wp\/v2\/media\/3005"}],"wp:attachment":[{"href":"https:\/\/manestrini.it\/de\/wp-json\/wp\/v2\/media?parent=3316"}],"wp:term":[{"taxonomy":"product_brand","embeddable":true,"href":"https:\/\/manestrini.it\/de\/wp-json\/wp\/v2\/product_brand?post=3316"},{"taxonomy":"product_cat","embeddable":true,"href":"https:\/\/manestrini.it\/de\/wp-json\/wp\/v2\/product_cat?post=3316"},{"taxonomy":"product_tag","embeddable":true,"href":"https:\/\/manestrini.it\/de\/wp-json\/wp\/v2\/product_tag?post=3316"}],"curies":[{"name":"wp","href":"https:\/\/api.w.org\/{rel}","templated":true}]}}