{"id":3290,"date":"2020-08-19T08:58:18","date_gmt":"2020-08-19T06:58:18","guid":{"rendered":"https:\/\/fm.majaweb.com\/prodotti\/unkategorisiert\/sugo-piccante\/"},"modified":"2021-07-13T09:38:20","modified_gmt":"2021-07-13T08:38:20","slug":"scharfes-tomatensauce","status":"publish","type":"product","link":"https:\/\/manestrini.it\/de\/scharfes-tomatensauce\/","title":{"rendered":"Scharfes Tomatensauce"},"content":{"rendered":"<p><span style=\"font-weight: 400;\"><strong>Zutaten<\/strong>: Tomatenmark und Kirschtomatenp\u00fcree 93%, Natives Oliven\u00f6l Extra, Chili-Pfeffer 1%, Meersalz, Knoblauch, Petersilie, Pfeffer, S\u00e4ureregulator: Zitronens\u00e4ure.<\/span><\/p>\n","protected":false},"excerpt":{"rendered":"<h3>280gr<\/h3>\n<p><span style=\"font-weight: 400;\">W\u00fcrzige Tomatensauce, perfekt f\u00fcr alle, die einfache Gerichte lieben, ohne auf den Geschmack zu verzichten.<\/span><\/p>\n","protected":false},"featured_media":2973,"template":"","meta":{"_acf_changed":false},"product_brand":[],"product_cat":[207],"product_tag":[],"class_list":{"0":"post-3290","1":"product","2":"type-product","3":"status-publish","4":"has-post-thumbnail","6":"product_cat-gastronomische-spezialitaeten","8":"first","9":"instock","10":"shipping-taxable","11":"purchasable","12":"product-type-simple"},"acf":[],"yoast_head":"<!-- This site is optimized with the Yoast SEO plugin v26.4 - https:\/\/yoast.com\/wordpress\/plugins\/seo\/ -->\n<title>Scharfes Tomatensauce - Frantoio Manestrini<\/title>\n<meta name=\"robots\" content=\"index, follow, max-snippet:-1, max-image-preview:large, max-video-preview:-1\" \/>\n<link rel=\"canonical\" href=\"https:\/\/manestrini.it\/?post_type=product&p=2104\" \/>\n<meta property=\"og:locale\" content=\"de_DE\" \/>\n<meta property=\"og:type\" content=\"article\" \/>\n<meta property=\"og:title\" content=\"Scharfes Tomatensauce - Frantoio Manestrini\" \/>\n<meta property=\"og:description\" content=\"280gr W\u00fcrzige Tomatensauce, perfekt f\u00fcr alle, die einfache Gerichte lieben, ohne auf den Geschmack zu verzichten.\" \/>\n<meta property=\"og:url\" content=\"https:\/\/manestrini.it\/?post_type=product&amp;p=2104\" \/>\n<meta property=\"og:site_name\" content=\"Frantoio Manestrini\" \/>\n<meta property=\"article:modified_time\" content=\"2021-07-13T08:38:20+00:00\" \/>\n<meta property=\"og:image\" content=\"https:\/\/manestrini.it\/wp-content\/uploads\/2020\/08\/FrantoioManestrini-Prodotti-SpecialitaGastronomiche-SughieRisotti-SugoArrabbiata-1.png\" \/>\n\t<meta property=\"og:image:width\" content=\"950\" \/>\n\t<meta property=\"og:image:height\" content=\"950\" \/>\n\t<meta property=\"og:image:type\" content=\"image\/png\" \/>\n<meta name=\"twitter:card\" content=\"summary_large_image\" \/>\n<script type=\"application\/ld+json\" class=\"yoast-schema-graph\">{\"@context\":\"https:\/\/schema.org\",\"@graph\":[{\"@type\":\"WebPage\",\"@id\":\"https:\/\/manestrini.it\/?post_type=product&p=2104\",\"url\":\"https:\/\/manestrini.it\/?post_type=product&p=2104\",\"name\":\"Scharfes Tomatensauce - Frantoio Manestrini\",\"isPartOf\":{\"@id\":\"https:\/\/manestrini.it\/#website\"},\"primaryImageOfPage\":{\"@id\":\"https:\/\/manestrini.it\/?post_type=product&p=2104#primaryimage\"},\"image\":{\"@id\":\"https:\/\/manestrini.it\/?post_type=product&p=2104#primaryimage\"},\"thumbnailUrl\":\"https:\/\/manestrini.it\/wp-content\/uploads\/2020\/08\/FrantoioManestrini-Prodotti-SpecialitaGastronomiche-SughieRisotti-SugoArrabbiata-1.png\",\"datePublished\":\"2020-08-19T06:58:18+00:00\",\"dateModified\":\"2021-07-13T08:38:20+00:00\",\"breadcrumb\":{\"@id\":\"https:\/\/manestrini.it\/?post_type=product&p=2104#breadcrumb\"},\"inLanguage\":\"de\",\"potentialAction\":[{\"@type\":\"ReadAction\",\"target\":[\"https:\/\/manestrini.it\/?post_type=product&p=2104\"]}]},{\"@type\":\"ImageObject\",\"inLanguage\":\"de\",\"@id\":\"https:\/\/manestrini.it\/?post_type=product&p=2104#primaryimage\",\"url\":\"https:\/\/manestrini.it\/wp-content\/uploads\/2020\/08\/FrantoioManestrini-Prodotti-SpecialitaGastronomiche-SughieRisotti-SugoArrabbiata-1.png\",\"contentUrl\":\"https:\/\/manestrini.it\/wp-content\/uploads\/2020\/08\/FrantoioManestrini-Prodotti-SpecialitaGastronomiche-SughieRisotti-SugoArrabbiata-1.png\",\"width\":950,\"height\":950},{\"@type\":\"BreadcrumbList\",\"@id\":\"https:\/\/manestrini.it\/?post_type=product&p=2104#breadcrumb\",\"itemListElement\":[{\"@type\":\"ListItem\",\"position\":1,\"name\":\"Home\",\"item\":\"https:\/\/manestrini.it\/\"},{\"@type\":\"ListItem\",\"position\":2,\"name\":\"Produkte\",\"item\":\"https:\/\/manestrini.it\/prodotti-tipici-lago-di-garda\/\"},{\"@type\":\"ListItem\",\"position\":3,\"name\":\"Scharfes Tomatensauce\"}]},{\"@type\":\"WebSite\",\"@id\":\"https:\/\/manestrini.it\/#website\",\"url\":\"https:\/\/manestrini.it\/\",\"name\":\"Frantoio Manestrini\",\"description\":\"\",\"publisher\":{\"@id\":\"https:\/\/manestrini.it\/#organization\"},\"potentialAction\":[{\"@type\":\"SearchAction\",\"target\":{\"@type\":\"EntryPoint\",\"urlTemplate\":\"https:\/\/manestrini.it\/?s={search_term_string}\"},\"query-input\":{\"@type\":\"PropertyValueSpecification\",\"valueRequired\":true,\"valueName\":\"search_term_string\"}}],\"inLanguage\":\"de\"},{\"@type\":\"Organization\",\"@id\":\"https:\/\/manestrini.it\/#organization\",\"name\":\"Frantoio Manestrini\",\"url\":\"https:\/\/manestrini.it\/\",\"logo\":{\"@type\":\"ImageObject\",\"inLanguage\":\"de\",\"@id\":\"https:\/\/manestrini.it\/#\/schema\/logo\/image\/\",\"url\":\"https:\/\/manestrini.it\/wp-content\/uploads\/2020\/07\/cropped-frantoiomanestrini-logo-400px.png\",\"contentUrl\":\"https:\/\/manestrini.it\/wp-content\/uploads\/2020\/07\/cropped-frantoiomanestrini-logo-400px.png\",\"width\":401,\"height\":548,\"caption\":\"Frantoio Manestrini\"},\"image\":{\"@id\":\"https:\/\/manestrini.it\/#\/schema\/logo\/image\/\"}}]}<\/script>\n<!-- \/ Yoast SEO plugin. -->","yoast_head_json":{"title":"Scharfes Tomatensauce - Frantoio Manestrini","robots":{"index":"index","follow":"follow","max-snippet":"max-snippet:-1","max-image-preview":"max-image-preview:large","max-video-preview":"max-video-preview:-1"},"canonical":"https:\/\/manestrini.it\/?post_type=product&p=2104","og_locale":"de_DE","og_type":"article","og_title":"Scharfes Tomatensauce - Frantoio Manestrini","og_description":"280gr W\u00fcrzige Tomatensauce, perfekt f\u00fcr alle, die einfache Gerichte lieben, ohne auf den Geschmack zu verzichten.","og_url":"https:\/\/manestrini.it\/?post_type=product&p=2104","og_site_name":"Frantoio Manestrini","article_modified_time":"2021-07-13T08:38:20+00:00","og_image":[{"width":950,"height":950,"url":"https:\/\/manestrini.it\/wp-content\/uploads\/2020\/08\/FrantoioManestrini-Prodotti-SpecialitaGastronomiche-SughieRisotti-SugoArrabbiata-1.png","type":"image\/png"}],"twitter_card":"summary_large_image","schema":{"@context":"https:\/\/schema.org","@graph":[{"@type":"WebPage","@id":"https:\/\/manestrini.it\/?post_type=product&p=2104","url":"https:\/\/manestrini.it\/?post_type=product&p=2104","name":"Scharfes Tomatensauce - Frantoio Manestrini","isPartOf":{"@id":"https:\/\/manestrini.it\/#website"},"primaryImageOfPage":{"@id":"https:\/\/manestrini.it\/?post_type=product&p=2104#primaryimage"},"image":{"@id":"https:\/\/manestrini.it\/?post_type=product&p=2104#primaryimage"},"thumbnailUrl":"https:\/\/manestrini.it\/wp-content\/uploads\/2020\/08\/FrantoioManestrini-Prodotti-SpecialitaGastronomiche-SughieRisotti-SugoArrabbiata-1.png","datePublished":"2020-08-19T06:58:18+00:00","dateModified":"2021-07-13T08:38:20+00:00","breadcrumb":{"@id":"https:\/\/manestrini.it\/?post_type=product&p=2104#breadcrumb"},"inLanguage":"de","potentialAction":[{"@type":"ReadAction","target":["https:\/\/manestrini.it\/?post_type=product&p=2104"]}]},{"@type":"ImageObject","inLanguage":"de","@id":"https:\/\/manestrini.it\/?post_type=product&p=2104#primaryimage","url":"https:\/\/manestrini.it\/wp-content\/uploads\/2020\/08\/FrantoioManestrini-Prodotti-SpecialitaGastronomiche-SughieRisotti-SugoArrabbiata-1.png","contentUrl":"https:\/\/manestrini.it\/wp-content\/uploads\/2020\/08\/FrantoioManestrini-Prodotti-SpecialitaGastronomiche-SughieRisotti-SugoArrabbiata-1.png","width":950,"height":950},{"@type":"BreadcrumbList","@id":"https:\/\/manestrini.it\/?post_type=product&p=2104#breadcrumb","itemListElement":[{"@type":"ListItem","position":1,"name":"Home","item":"https:\/\/manestrini.it\/"},{"@type":"ListItem","position":2,"name":"Produkte","item":"https:\/\/manestrini.it\/prodotti-tipici-lago-di-garda\/"},{"@type":"ListItem","position":3,"name":"Scharfes Tomatensauce"}]},{"@type":"WebSite","@id":"https:\/\/manestrini.it\/#website","url":"https:\/\/manestrini.it\/","name":"Frantoio Manestrini","description":"","publisher":{"@id":"https:\/\/manestrini.it\/#organization"},"potentialAction":[{"@type":"SearchAction","target":{"@type":"EntryPoint","urlTemplate":"https:\/\/manestrini.it\/?s={search_term_string}"},"query-input":{"@type":"PropertyValueSpecification","valueRequired":true,"valueName":"search_term_string"}}],"inLanguage":"de"},{"@type":"Organization","@id":"https:\/\/manestrini.it\/#organization","name":"Frantoio Manestrini","url":"https:\/\/manestrini.it\/","logo":{"@type":"ImageObject","inLanguage":"de","@id":"https:\/\/manestrini.it\/#\/schema\/logo\/image\/","url":"https:\/\/manestrini.it\/wp-content\/uploads\/2020\/07\/cropped-frantoiomanestrini-logo-400px.png","contentUrl":"https:\/\/manestrini.it\/wp-content\/uploads\/2020\/07\/cropped-frantoiomanestrini-logo-400px.png","width":401,"height":548,"caption":"Frantoio Manestrini"},"image":{"@id":"https:\/\/manestrini.it\/#\/schema\/logo\/image\/"}}]}},"_links":{"self":[{"href":"https:\/\/manestrini.it\/de\/wp-json\/wp\/v2\/product\/3290","targetHints":{"allow":["GET"]}}],"collection":[{"href":"https:\/\/manestrini.it\/de\/wp-json\/wp\/v2\/product"}],"about":[{"href":"https:\/\/manestrini.it\/de\/wp-json\/wp\/v2\/types\/product"}],"wp:featuredmedia":[{"embeddable":true,"href":"https:\/\/manestrini.it\/de\/wp-json\/wp\/v2\/media\/2973"}],"wp:attachment":[{"href":"https:\/\/manestrini.it\/de\/wp-json\/wp\/v2\/media?parent=3290"}],"wp:term":[{"taxonomy":"product_brand","embeddable":true,"href":"https:\/\/manestrini.it\/de\/wp-json\/wp\/v2\/product_brand?post=3290"},{"taxonomy":"product_cat","embeddable":true,"href":"https:\/\/manestrini.it\/de\/wp-json\/wp\/v2\/product_cat?post=3290"},{"taxonomy":"product_tag","embeddable":true,"href":"https:\/\/manestrini.it\/de\/wp-json\/wp\/v2\/product_tag?post=3290"}],"curies":[{"name":"wp","href":"https:\/\/api.w.org\/{rel}","templated":true}]}}