{"id":30059,"date":"2024-03-12T17:29:47","date_gmt":"2024-03-12T16:29:47","guid":{"rendered":"https:\/\/manestrini.it\/?post_type=product&#038;p=30059"},"modified":"2024-03-13T12:28:13","modified_gmt":"2024-03-13T11:28:13","slug":"profumo-mediterrane","status":"publish","type":"product","link":"https:\/\/manestrini.it\/de\/profumo-mediterrane\/","title":{"rendered":"Mediterran\u00e8 Parf\u00fcm &#8211; mit Olivenblattextrakt"},"content":{"rendered":"","protected":false},"excerpt":{"rendered":"<p><strong>50 ml.<\/strong><\/p>\n<p>Das <em>Parf\u00fcm Mediterran\u00e8<\/em> verk\u00f6rpert die Energie und Vitalit\u00e4t des Mittelmeers in einem frischen und lebendigen Duft.<\/p>\n<p>Die <strong>Essenz der Olivenbl\u00e4tter<\/strong> verleiht der Komposition eine authentische und einzigartige Note, w\u00e4hrend die prickelnden <strong>Zitrus<\/strong>&#8211; und Blumennoten des <strong>Jasmins<\/strong> harmonisch miteinander verschmelzen und eine erfrischende und umh\u00fcllende Atmosph\u00e4re schaffen.<\/p>\n<p>Wenn Sie dieses Parf\u00fcm tragen, ist es, als w\u00fcrden Sie in einen Sommertag an der Mittelmeerk\u00fcste eintauchen, an dem die Sonne scheint und das Meer Sie sanft umarmt.<\/p>\n<p>Perfekt f\u00fcr alle, die helle und entspannende Empfindungen lieben.<\/p>\n","protected":false},"featured_media":30037,"template":"","meta":{"_acf_changed":false},"product_brand":[],"product_cat":[204],"product_tag":[],"class_list":{"0":"post-30059","1":"product","2":"type-product","3":"status-publish","4":"has-post-thumbnail","6":"product_cat-kosmetika","8":"first","9":"instock","10":"shipping-taxable","11":"purchasable","12":"product-type-simple"},"acf":[],"yoast_head":"<!-- This site is optimized with the Yoast SEO plugin v26.4 - https:\/\/yoast.com\/wordpress\/plugins\/seo\/ -->\n<title>Mediterran\u00e8 Parf\u00fcm - mit Olivenblattextrakt - Frantoio Manestrini<\/title>\n<meta name=\"robots\" content=\"index, follow, max-snippet:-1, max-image-preview:large, max-video-preview:-1\" \/>\n<link rel=\"canonical\" href=\"https:\/\/manestrini.it\/profumo-mediterrane\/\" \/>\n<meta property=\"og:locale\" content=\"de_DE\" \/>\n<meta property=\"og:type\" content=\"article\" \/>\n<meta property=\"og:title\" content=\"Mediterran\u00e8 Parf\u00fcm - mit Olivenblattextrakt - Frantoio Manestrini\" \/>\n<meta property=\"og:description\" content=\"50 ml.  Das Parf\u00fcm Mediterran\u00e8 verk\u00f6rpert die Energie und Vitalit\u00e4t des Mittelmeers in einem frischen und lebendigen Duft.  Die Essenz der Olivenbl\u00e4tter verleiht der Komposition eine authentische und einzigartige Note, w\u00e4hrend die prickelnden Zitrus- und Blumennoten des Jasmins harmonisch miteinander verschmelzen und eine erfrischende und umh\u00fcllende Atmosph\u00e4re schaffen.  Wenn Sie dieses Parf\u00fcm tragen, ist es, als w\u00fcrden Sie in einen Sommertag an der Mittelmeerk\u00fcste eintauchen, an dem die Sonne scheint und das Meer Sie sanft umarmt.  Perfekt f\u00fcr alle, die helle und entspannende Empfindungen lieben.\" \/>\n<meta property=\"og:url\" content=\"https:\/\/manestrini.it\/profumo-mediterrane\/\" \/>\n<meta property=\"og:site_name\" content=\"Frantoio Manestrini\" \/>\n<meta property=\"article:modified_time\" content=\"2024-03-13T11:28:13+00:00\" \/>\n<meta property=\"og:image\" content=\"https:\/\/manestrini.it\/wp-content\/uploads\/2024\/03\/Progetto-senza-titolo-68-1.png\" \/>\n\t<meta property=\"og:image:width\" content=\"800\" \/>\n\t<meta property=\"og:image:height\" content=\"800\" \/>\n\t<meta property=\"og:image:type\" content=\"image\/png\" \/>\n<meta name=\"twitter:card\" content=\"summary_large_image\" \/>\n<script type=\"application\/ld+json\" class=\"yoast-schema-graph\">{\"@context\":\"https:\/\/schema.org\",\"@graph\":[{\"@type\":\"WebPage\",\"@id\":\"https:\/\/manestrini.it\/profumo-mediterrane\/\",\"url\":\"https:\/\/manestrini.it\/profumo-mediterrane\/\",\"name\":\"Mediterran\u00e8 Parf\u00fcm - mit Olivenblattextrakt - Frantoio Manestrini\",\"isPartOf\":{\"@id\":\"https:\/\/manestrini.it\/#website\"},\"primaryImageOfPage\":{\"@id\":\"https:\/\/manestrini.it\/profumo-mediterrane\/#primaryimage\"},\"image\":{\"@id\":\"https:\/\/manestrini.it\/profumo-mediterrane\/#primaryimage\"},\"thumbnailUrl\":\"https:\/\/manestrini.it\/wp-content\/uploads\/2024\/03\/Progetto-senza-titolo-68-1.png\",\"datePublished\":\"2024-03-12T16:29:47+00:00\",\"dateModified\":\"2024-03-13T11:28:13+00:00\",\"breadcrumb\":{\"@id\":\"https:\/\/manestrini.it\/profumo-mediterrane\/#breadcrumb\"},\"inLanguage\":\"de\",\"potentialAction\":[{\"@type\":\"ReadAction\",\"target\":[\"https:\/\/manestrini.it\/profumo-mediterrane\/\"]}]},{\"@type\":\"ImageObject\",\"inLanguage\":\"de\",\"@id\":\"https:\/\/manestrini.it\/profumo-mediterrane\/#primaryimage\",\"url\":\"https:\/\/manestrini.it\/wp-content\/uploads\/2024\/03\/Progetto-senza-titolo-68-1.png\",\"contentUrl\":\"https:\/\/manestrini.it\/wp-content\/uploads\/2024\/03\/Progetto-senza-titolo-68-1.png\",\"width\":800,\"height\":800},{\"@type\":\"BreadcrumbList\",\"@id\":\"https:\/\/manestrini.it\/profumo-mediterrane\/#breadcrumb\",\"itemListElement\":[{\"@type\":\"ListItem\",\"position\":1,\"name\":\"Home\",\"item\":\"https:\/\/manestrini.it\/\"},{\"@type\":\"ListItem\",\"position\":2,\"name\":\"Produkte\",\"item\":\"https:\/\/manestrini.it\/prodotti-tipici-lago-di-garda\/\"},{\"@type\":\"ListItem\",\"position\":3,\"name\":\"Mediterran\u00e8 Parf\u00fcm &#8211; mit Olivenblattextrakt\"}]},{\"@type\":\"WebSite\",\"@id\":\"https:\/\/manestrini.it\/#website\",\"url\":\"https:\/\/manestrini.it\/\",\"name\":\"Frantoio Manestrini\",\"description\":\"\",\"publisher\":{\"@id\":\"https:\/\/manestrini.it\/#organization\"},\"potentialAction\":[{\"@type\":\"SearchAction\",\"target\":{\"@type\":\"EntryPoint\",\"urlTemplate\":\"https:\/\/manestrini.it\/?s={search_term_string}\"},\"query-input\":{\"@type\":\"PropertyValueSpecification\",\"valueRequired\":true,\"valueName\":\"search_term_string\"}}],\"inLanguage\":\"de\"},{\"@type\":\"Organization\",\"@id\":\"https:\/\/manestrini.it\/#organization\",\"name\":\"Frantoio Manestrini\",\"url\":\"https:\/\/manestrini.it\/\",\"logo\":{\"@type\":\"ImageObject\",\"inLanguage\":\"de\",\"@id\":\"https:\/\/manestrini.it\/#\/schema\/logo\/image\/\",\"url\":\"https:\/\/manestrini.it\/wp-content\/uploads\/2020\/07\/cropped-frantoiomanestrini-logo-400px.png\",\"contentUrl\":\"https:\/\/manestrini.it\/wp-content\/uploads\/2020\/07\/cropped-frantoiomanestrini-logo-400px.png\",\"width\":401,\"height\":548,\"caption\":\"Frantoio Manestrini\"},\"image\":{\"@id\":\"https:\/\/manestrini.it\/#\/schema\/logo\/image\/\"}}]}<\/script>\n<!-- \/ Yoast SEO plugin. -->","yoast_head_json":{"title":"Mediterran\u00e8 Parf\u00fcm - mit Olivenblattextrakt - Frantoio Manestrini","robots":{"index":"index","follow":"follow","max-snippet":"max-snippet:-1","max-image-preview":"max-image-preview:large","max-video-preview":"max-video-preview:-1"},"canonical":"https:\/\/manestrini.it\/profumo-mediterrane\/","og_locale":"de_DE","og_type":"article","og_title":"Mediterran\u00e8 Parf\u00fcm - mit Olivenblattextrakt - Frantoio Manestrini","og_description":"50 ml.  Das Parf\u00fcm Mediterran\u00e8 verk\u00f6rpert die Energie und Vitalit\u00e4t des Mittelmeers in einem frischen und lebendigen Duft.  Die Essenz der Olivenbl\u00e4tter verleiht der Komposition eine authentische und einzigartige Note, w\u00e4hrend die prickelnden Zitrus- und Blumennoten des Jasmins harmonisch miteinander verschmelzen und eine erfrischende und umh\u00fcllende Atmosph\u00e4re schaffen.  Wenn Sie dieses Parf\u00fcm tragen, ist es, als w\u00fcrden Sie in einen Sommertag an der Mittelmeerk\u00fcste eintauchen, an dem die Sonne scheint und das Meer Sie sanft umarmt.  Perfekt f\u00fcr alle, die helle und entspannende Empfindungen lieben.","og_url":"https:\/\/manestrini.it\/profumo-mediterrane\/","og_site_name":"Frantoio Manestrini","article_modified_time":"2024-03-13T11:28:13+00:00","og_image":[{"width":800,"height":800,"url":"https:\/\/manestrini.it\/wp-content\/uploads\/2024\/03\/Progetto-senza-titolo-68-1.png","type":"image\/png"}],"twitter_card":"summary_large_image","schema":{"@context":"https:\/\/schema.org","@graph":[{"@type":"WebPage","@id":"https:\/\/manestrini.it\/profumo-mediterrane\/","url":"https:\/\/manestrini.it\/profumo-mediterrane\/","name":"Mediterran\u00e8 Parf\u00fcm - mit Olivenblattextrakt - Frantoio Manestrini","isPartOf":{"@id":"https:\/\/manestrini.it\/#website"},"primaryImageOfPage":{"@id":"https:\/\/manestrini.it\/profumo-mediterrane\/#primaryimage"},"image":{"@id":"https:\/\/manestrini.it\/profumo-mediterrane\/#primaryimage"},"thumbnailUrl":"https:\/\/manestrini.it\/wp-content\/uploads\/2024\/03\/Progetto-senza-titolo-68-1.png","datePublished":"2024-03-12T16:29:47+00:00","dateModified":"2024-03-13T11:28:13+00:00","breadcrumb":{"@id":"https:\/\/manestrini.it\/profumo-mediterrane\/#breadcrumb"},"inLanguage":"de","potentialAction":[{"@type":"ReadAction","target":["https:\/\/manestrini.it\/profumo-mediterrane\/"]}]},{"@type":"ImageObject","inLanguage":"de","@id":"https:\/\/manestrini.it\/profumo-mediterrane\/#primaryimage","url":"https:\/\/manestrini.it\/wp-content\/uploads\/2024\/03\/Progetto-senza-titolo-68-1.png","contentUrl":"https:\/\/manestrini.it\/wp-content\/uploads\/2024\/03\/Progetto-senza-titolo-68-1.png","width":800,"height":800},{"@type":"BreadcrumbList","@id":"https:\/\/manestrini.it\/profumo-mediterrane\/#breadcrumb","itemListElement":[{"@type":"ListItem","position":1,"name":"Home","item":"https:\/\/manestrini.it\/"},{"@type":"ListItem","position":2,"name":"Produkte","item":"https:\/\/manestrini.it\/prodotti-tipici-lago-di-garda\/"},{"@type":"ListItem","position":3,"name":"Mediterran\u00e8 Parf\u00fcm &#8211; mit Olivenblattextrakt"}]},{"@type":"WebSite","@id":"https:\/\/manestrini.it\/#website","url":"https:\/\/manestrini.it\/","name":"Frantoio Manestrini","description":"","publisher":{"@id":"https:\/\/manestrini.it\/#organization"},"potentialAction":[{"@type":"SearchAction","target":{"@type":"EntryPoint","urlTemplate":"https:\/\/manestrini.it\/?s={search_term_string}"},"query-input":{"@type":"PropertyValueSpecification","valueRequired":true,"valueName":"search_term_string"}}],"inLanguage":"de"},{"@type":"Organization","@id":"https:\/\/manestrini.it\/#organization","name":"Frantoio Manestrini","url":"https:\/\/manestrini.it\/","logo":{"@type":"ImageObject","inLanguage":"de","@id":"https:\/\/manestrini.it\/#\/schema\/logo\/image\/","url":"https:\/\/manestrini.it\/wp-content\/uploads\/2020\/07\/cropped-frantoiomanestrini-logo-400px.png","contentUrl":"https:\/\/manestrini.it\/wp-content\/uploads\/2020\/07\/cropped-frantoiomanestrini-logo-400px.png","width":401,"height":548,"caption":"Frantoio Manestrini"},"image":{"@id":"https:\/\/manestrini.it\/#\/schema\/logo\/image\/"}}]}},"_links":{"self":[{"href":"https:\/\/manestrini.it\/de\/wp-json\/wp\/v2\/product\/30059","targetHints":{"allow":["GET"]}}],"collection":[{"href":"https:\/\/manestrini.it\/de\/wp-json\/wp\/v2\/product"}],"about":[{"href":"https:\/\/manestrini.it\/de\/wp-json\/wp\/v2\/types\/product"}],"wp:featuredmedia":[{"embeddable":true,"href":"https:\/\/manestrini.it\/de\/wp-json\/wp\/v2\/media\/30037"}],"wp:attachment":[{"href":"https:\/\/manestrini.it\/de\/wp-json\/wp\/v2\/media?parent=30059"}],"wp:term":[{"taxonomy":"product_brand","embeddable":true,"href":"https:\/\/manestrini.it\/de\/wp-json\/wp\/v2\/product_brand?post=30059"},{"taxonomy":"product_cat","embeddable":true,"href":"https:\/\/manestrini.it\/de\/wp-json\/wp\/v2\/product_cat?post=30059"},{"taxonomy":"product_tag","embeddable":true,"href":"https:\/\/manestrini.it\/de\/wp-json\/wp\/v2\/product_tag?post=30059"}],"curies":[{"name":"wp","href":"https:\/\/api.w.org\/{rel}","templated":true}]}}