{"id":28294,"date":"2024-01-16T16:57:59","date_gmt":"2024-02-21T08:46:29","guid":{"rendered":"https:\/\/manestrini.it\/?post_type=product&#038;p=28294"},"modified":"2024-02-21T09:46:29","modified_gmt":"2024-02-21T08:46:29","slug":"honigtauhonig","status":"publish","type":"product","link":"https:\/\/manestrini.it\/de\/honigtauhonig\/","title":{"rendered":"Honigtauhonig"},"content":{"rendered":"<p>Diese Honigsorte hat einen intensiveren und kr\u00e4ftigeren Geschmack als herk\u00f6mmlicher Honig, mit dunkleren und manchmal leicht bitteren Noten. Es ist f\u00fcr seine antioxidativen und antibakteriellen Eigenschaften bekannt und wird h\u00e4ufig zur Verbesserung der Verdauungsgesundheit und zur St\u00e4rkung der Immunit\u00e4t eingesetzt. Dar\u00fcber hinaus wird Honigtauhonig f\u00fcr seinen hohen Gehalt an Mineralsalzen und Spurenelementen gesch\u00e4tzt, was ihn zu einer nahrhaften und gesunden Wahl macht.<\/p>\n<p>Honigtauhonig ist ein vielseitiges nat\u00fcrliches S\u00fc\u00dfungsmittel, das in der K\u00fcche vielf\u00e4ltig eingesetzt werden kann. Es kann zu Tee, Kaffee und anderen Hei\u00dfgetr\u00e4nken hinzugef\u00fcgt, auf Toast gestrichen, als Gew\u00fcrz f\u00fcr gereiften K\u00e4se oder als Marinade f\u00fcr Fleisch und Fisch verwendet werden. Es kann auch f\u00fcr Kuchen und Desserts, zum Einmachen von Obst und Gem\u00fcse und zur Herstellung nat\u00fcrlicher Hustens\u00e4fte verwendet werden.<\/p>\n","protected":false},"excerpt":{"rendered":"<p>Nettogewicht: 500g<\/p>\n<p>Honigtauhonig ist eine Honigart, die von Bienen produziert wird, die Nektar von Pflanzen sammeln, die Honigtau absondern, eine zuckerhaltige Substanz, die von Insekten wie Blattl\u00e4usen oder Schildl\u00e4usen produziert wird.<\/p>\n<p>&nbsp;<\/p>\n","protected":false},"featured_media":28292,"template":"","meta":{"_acf_changed":false},"product_brand":[],"product_cat":[207],"product_tag":[],"class_list":{"0":"post-28294","1":"product","2":"type-product","3":"status-publish","4":"has-post-thumbnail","6":"product_cat-gastronomische-spezialitaeten","8":"first","9":"instock","10":"shipping-taxable","11":"purchasable","12":"product-type-simple"},"acf":[],"yoast_head":"<!-- This site is optimized with the Yoast SEO plugin v26.4 - https:\/\/yoast.com\/wordpress\/plugins\/seo\/ -->\n<title>Honigtauhonig - Frantoio Manestrini<\/title>\n<meta name=\"robots\" content=\"index, follow, max-snippet:-1, max-image-preview:large, max-video-preview:-1\" \/>\n<link rel=\"canonical\" href=\"https:\/\/manestrini.it\/miele-di-melata\/\" \/>\n<meta property=\"og:locale\" content=\"de_DE\" \/>\n<meta property=\"og:type\" content=\"article\" \/>\n<meta property=\"og:title\" content=\"Honigtauhonig - Frantoio Manestrini\" \/>\n<meta property=\"og:description\" content=\"Nettogewicht: 500g  Honigtauhonig ist eine Honigart, die von Bienen produziert wird, die Nektar von Pflanzen sammeln, die Honigtau absondern, eine zuckerhaltige Substanz, die von Insekten wie Blattl\u00e4usen oder Schildl\u00e4usen produziert wird.  &nbsp;\" \/>\n<meta property=\"og:url\" content=\"https:\/\/manestrini.it\/miele-di-melata\/\" \/>\n<meta property=\"og:site_name\" content=\"Frantoio Manestrini\" \/>\n<meta property=\"og:image\" content=\"https:\/\/manestrini.it\/wp-content\/uploads\/2024\/01\/MELATA.png\" \/>\n\t<meta property=\"og:image:width\" content=\"950\" \/>\n\t<meta property=\"og:image:height\" content=\"950\" \/>\n\t<meta property=\"og:image:type\" content=\"image\/png\" \/>\n<meta name=\"twitter:card\" content=\"summary_large_image\" \/>\n<meta name=\"twitter:label1\" content=\"Gesch\u00e4tzte Lesezeit\" \/>\n\t<meta name=\"twitter:data1\" content=\"1\u00a0Minute\" \/>\n<script type=\"application\/ld+json\" class=\"yoast-schema-graph\">{\"@context\":\"https:\/\/schema.org\",\"@graph\":[{\"@type\":\"WebPage\",\"@id\":\"https:\/\/manestrini.it\/miele-di-melata\/\",\"url\":\"https:\/\/manestrini.it\/miele-di-melata\/\",\"name\":\"Honigtauhonig - Frantoio Manestrini\",\"isPartOf\":{\"@id\":\"https:\/\/manestrini.it\/#website\"},\"primaryImageOfPage\":{\"@id\":\"https:\/\/manestrini.it\/miele-di-melata\/#primaryimage\"},\"image\":{\"@id\":\"https:\/\/manestrini.it\/miele-di-melata\/#primaryimage\"},\"thumbnailUrl\":\"https:\/\/manestrini.it\/wp-content\/uploads\/2024\/01\/MELATA.png\",\"datePublished\":\"2024-02-21T08:46:29+00:00\",\"breadcrumb\":{\"@id\":\"https:\/\/manestrini.it\/miele-di-melata\/#breadcrumb\"},\"inLanguage\":\"de\",\"potentialAction\":[{\"@type\":\"ReadAction\",\"target\":[\"https:\/\/manestrini.it\/miele-di-melata\/\"]}]},{\"@type\":\"ImageObject\",\"inLanguage\":\"de\",\"@id\":\"https:\/\/manestrini.it\/miele-di-melata\/#primaryimage\",\"url\":\"https:\/\/manestrini.it\/wp-content\/uploads\/2024\/01\/MELATA.png\",\"contentUrl\":\"https:\/\/manestrini.it\/wp-content\/uploads\/2024\/01\/MELATA.png\",\"width\":950,\"height\":950},{\"@type\":\"BreadcrumbList\",\"@id\":\"https:\/\/manestrini.it\/miele-di-melata\/#breadcrumb\",\"itemListElement\":[{\"@type\":\"ListItem\",\"position\":1,\"name\":\"Home\",\"item\":\"https:\/\/manestrini.it\/\"},{\"@type\":\"ListItem\",\"position\":2,\"name\":\"Produkte\",\"item\":\"https:\/\/manestrini.it\/prodotti-tipici-lago-di-garda\/\"},{\"@type\":\"ListItem\",\"position\":3,\"name\":\"Honigtauhonig\"}]},{\"@type\":\"WebSite\",\"@id\":\"https:\/\/manestrini.it\/#website\",\"url\":\"https:\/\/manestrini.it\/\",\"name\":\"Frantoio Manestrini\",\"description\":\"\",\"publisher\":{\"@id\":\"https:\/\/manestrini.it\/#organization\"},\"potentialAction\":[{\"@type\":\"SearchAction\",\"target\":{\"@type\":\"EntryPoint\",\"urlTemplate\":\"https:\/\/manestrini.it\/?s={search_term_string}\"},\"query-input\":{\"@type\":\"PropertyValueSpecification\",\"valueRequired\":true,\"valueName\":\"search_term_string\"}}],\"inLanguage\":\"de\"},{\"@type\":\"Organization\",\"@id\":\"https:\/\/manestrini.it\/#organization\",\"name\":\"Frantoio Manestrini\",\"url\":\"https:\/\/manestrini.it\/\",\"logo\":{\"@type\":\"ImageObject\",\"inLanguage\":\"de\",\"@id\":\"https:\/\/manestrini.it\/#\/schema\/logo\/image\/\",\"url\":\"https:\/\/manestrini.it\/wp-content\/uploads\/2020\/07\/cropped-frantoiomanestrini-logo-400px.png\",\"contentUrl\":\"https:\/\/manestrini.it\/wp-content\/uploads\/2020\/07\/cropped-frantoiomanestrini-logo-400px.png\",\"width\":401,\"height\":548,\"caption\":\"Frantoio Manestrini\"},\"image\":{\"@id\":\"https:\/\/manestrini.it\/#\/schema\/logo\/image\/\"}}]}<\/script>\n<!-- \/ Yoast SEO plugin. -->","yoast_head_json":{"title":"Honigtauhonig - Frantoio Manestrini","robots":{"index":"index","follow":"follow","max-snippet":"max-snippet:-1","max-image-preview":"max-image-preview:large","max-video-preview":"max-video-preview:-1"},"canonical":"https:\/\/manestrini.it\/miele-di-melata\/","og_locale":"de_DE","og_type":"article","og_title":"Honigtauhonig - Frantoio Manestrini","og_description":"Nettogewicht: 500g  Honigtauhonig ist eine Honigart, die von Bienen produziert wird, die Nektar von Pflanzen sammeln, die Honigtau absondern, eine zuckerhaltige Substanz, die von Insekten wie Blattl\u00e4usen oder Schildl\u00e4usen produziert wird.  &nbsp;","og_url":"https:\/\/manestrini.it\/miele-di-melata\/","og_site_name":"Frantoio Manestrini","og_image":[{"width":950,"height":950,"url":"https:\/\/manestrini.it\/wp-content\/uploads\/2024\/01\/MELATA.png","type":"image\/png"}],"twitter_card":"summary_large_image","twitter_misc":{"Gesch\u00e4tzte Lesezeit":"1\u00a0Minute"},"schema":{"@context":"https:\/\/schema.org","@graph":[{"@type":"WebPage","@id":"https:\/\/manestrini.it\/miele-di-melata\/","url":"https:\/\/manestrini.it\/miele-di-melata\/","name":"Honigtauhonig - Frantoio Manestrini","isPartOf":{"@id":"https:\/\/manestrini.it\/#website"},"primaryImageOfPage":{"@id":"https:\/\/manestrini.it\/miele-di-melata\/#primaryimage"},"image":{"@id":"https:\/\/manestrini.it\/miele-di-melata\/#primaryimage"},"thumbnailUrl":"https:\/\/manestrini.it\/wp-content\/uploads\/2024\/01\/MELATA.png","datePublished":"2024-02-21T08:46:29+00:00","breadcrumb":{"@id":"https:\/\/manestrini.it\/miele-di-melata\/#breadcrumb"},"inLanguage":"de","potentialAction":[{"@type":"ReadAction","target":["https:\/\/manestrini.it\/miele-di-melata\/"]}]},{"@type":"ImageObject","inLanguage":"de","@id":"https:\/\/manestrini.it\/miele-di-melata\/#primaryimage","url":"https:\/\/manestrini.it\/wp-content\/uploads\/2024\/01\/MELATA.png","contentUrl":"https:\/\/manestrini.it\/wp-content\/uploads\/2024\/01\/MELATA.png","width":950,"height":950},{"@type":"BreadcrumbList","@id":"https:\/\/manestrini.it\/miele-di-melata\/#breadcrumb","itemListElement":[{"@type":"ListItem","position":1,"name":"Home","item":"https:\/\/manestrini.it\/"},{"@type":"ListItem","position":2,"name":"Produkte","item":"https:\/\/manestrini.it\/prodotti-tipici-lago-di-garda\/"},{"@type":"ListItem","position":3,"name":"Honigtauhonig"}]},{"@type":"WebSite","@id":"https:\/\/manestrini.it\/#website","url":"https:\/\/manestrini.it\/","name":"Frantoio Manestrini","description":"","publisher":{"@id":"https:\/\/manestrini.it\/#organization"},"potentialAction":[{"@type":"SearchAction","target":{"@type":"EntryPoint","urlTemplate":"https:\/\/manestrini.it\/?s={search_term_string}"},"query-input":{"@type":"PropertyValueSpecification","valueRequired":true,"valueName":"search_term_string"}}],"inLanguage":"de"},{"@type":"Organization","@id":"https:\/\/manestrini.it\/#organization","name":"Frantoio Manestrini","url":"https:\/\/manestrini.it\/","logo":{"@type":"ImageObject","inLanguage":"de","@id":"https:\/\/manestrini.it\/#\/schema\/logo\/image\/","url":"https:\/\/manestrini.it\/wp-content\/uploads\/2020\/07\/cropped-frantoiomanestrini-logo-400px.png","contentUrl":"https:\/\/manestrini.it\/wp-content\/uploads\/2020\/07\/cropped-frantoiomanestrini-logo-400px.png","width":401,"height":548,"caption":"Frantoio Manestrini"},"image":{"@id":"https:\/\/manestrini.it\/#\/schema\/logo\/image\/"}}]}},"_links":{"self":[{"href":"https:\/\/manestrini.it\/de\/wp-json\/wp\/v2\/product\/28294","targetHints":{"allow":["GET"]}}],"collection":[{"href":"https:\/\/manestrini.it\/de\/wp-json\/wp\/v2\/product"}],"about":[{"href":"https:\/\/manestrini.it\/de\/wp-json\/wp\/v2\/types\/product"}],"wp:featuredmedia":[{"embeddable":true,"href":"https:\/\/manestrini.it\/de\/wp-json\/wp\/v2\/media\/28292"}],"wp:attachment":[{"href":"https:\/\/manestrini.it\/de\/wp-json\/wp\/v2\/media?parent=28294"}],"wp:term":[{"taxonomy":"product_brand","embeddable":true,"href":"https:\/\/manestrini.it\/de\/wp-json\/wp\/v2\/product_brand?post=28294"},{"taxonomy":"product_cat","embeddable":true,"href":"https:\/\/manestrini.it\/de\/wp-json\/wp\/v2\/product_cat?post=28294"},{"taxonomy":"product_tag","embeddable":true,"href":"https:\/\/manestrini.it\/de\/wp-json\/wp\/v2\/product_tag?post=28294"}],"curies":[{"name":"wp","href":"https:\/\/api.w.org\/{rel}","templated":true}]}}