{"id":28267,"date":"2024-01-16T17:40:10","date_gmt":"2024-02-21T08:46:23","guid":{"rendered":"https:\/\/manestrini.it\/?post_type=product&#038;p=28267"},"modified":"2024-02-21T09:46:24","modified_gmt":"2024-02-21T08:46:24","slug":"wildblumenhonig","status":"publish","type":"product","link":"https:\/\/manestrini.it\/de\/wildblumenhonig\/","title":{"rendered":"Wildblumenhonig"},"content":{"rendered":"<p>Wildbl\u00fctenhonig wird aufgrund seines reichen und aromatischen Geschmacks f\u00fcr seine Vielseitigkeit in der K\u00fcche gesch\u00e4tzt. Es kann zum S\u00fc\u00dfen von Tee und Kaffee, als Brotaufstrich oder in s\u00fc\u00dfen und herzhaften Rezepten verwendet werden. Dank seiner Vielfalt an Bl\u00fcten kann Wildblumenhonig dank der antioxidativen und antibakteriellen Eigenschaften der verschiedenen Bl\u00fcten, aus denen er gewonnen wird, eine Vielzahl von gesundheitlichen Vorteilen bieten.<\/p>\n","protected":false},"excerpt":{"rendered":"<p>ettogewicht: 500g<\/p>\n<p>Wildblumenhonig ist eine Honigsorte, die aus einer Vielzahl verschiedener Bl\u00fcten und nicht aus einer einzigen Bl\u00fctenart hergestellt wird. Das bedeutet, dass Bienen sich vom Nektar vieler verschiedener Bl\u00fcten ern\u00e4hren und so Honig mit einem komplexen und vielf\u00e4ltigen Geschmack erzeugen. Die Farbe von Wildblumenhonig kann je nach den Bl\u00fcten, von denen er stammt, von golden bis dunkel variieren.<\/p>\n","protected":false},"featured_media":28265,"template":"","meta":{"_acf_changed":false},"product_brand":[],"product_cat":[207],"product_tag":[],"class_list":{"0":"post-28267","1":"product","2":"type-product","3":"status-publish","4":"has-post-thumbnail","6":"product_cat-gastronomische-spezialitaeten","8":"first","9":"instock","10":"shipping-taxable","11":"purchasable","12":"product-type-simple"},"acf":[],"yoast_head":"<!-- This site is optimized with the Yoast SEO plugin v26.4 - https:\/\/yoast.com\/wordpress\/plugins\/seo\/ -->\n<title>Wildblumenhonig - Frantoio Manestrini<\/title>\n<meta name=\"robots\" content=\"index, follow, max-snippet:-1, max-image-preview:large, max-video-preview:-1\" \/>\n<link rel=\"canonical\" href=\"https:\/\/manestrini.it\/miele-di-millefiori\/\" \/>\n<meta property=\"og:locale\" content=\"de_DE\" \/>\n<meta property=\"og:type\" content=\"article\" \/>\n<meta property=\"og:title\" content=\"Wildblumenhonig - Frantoio Manestrini\" \/>\n<meta property=\"og:description\" content=\"ettogewicht: 500g  Wildblumenhonig ist eine Honigsorte, die aus einer Vielzahl verschiedener Bl\u00fcten und nicht aus einer einzigen Bl\u00fctenart hergestellt wird. Das bedeutet, dass Bienen sich vom Nektar vieler verschiedener Bl\u00fcten ern\u00e4hren und so Honig mit einem komplexen und vielf\u00e4ltigen Geschmack erzeugen. Die Farbe von Wildblumenhonig kann je nach den Bl\u00fcten, von denen er stammt, von golden bis dunkel variieren.\" \/>\n<meta property=\"og:url\" content=\"https:\/\/manestrini.it\/miele-di-millefiori\/\" \/>\n<meta property=\"og:site_name\" content=\"Frantoio Manestrini\" \/>\n<meta property=\"article:modified_time\" content=\"2024-02-21T08:46:24+00:00\" \/>\n<meta property=\"og:image\" content=\"https:\/\/manestrini.it\/wp-content\/uploads\/2024\/01\/MILLEFIORI.png\" \/>\n\t<meta property=\"og:image:width\" content=\"950\" \/>\n\t<meta property=\"og:image:height\" content=\"950\" \/>\n\t<meta property=\"og:image:type\" content=\"image\/png\" \/>\n<meta name=\"twitter:card\" content=\"summary_large_image\" \/>\n<script type=\"application\/ld+json\" class=\"yoast-schema-graph\">{\"@context\":\"https:\/\/schema.org\",\"@graph\":[{\"@type\":\"WebPage\",\"@id\":\"https:\/\/manestrini.it\/miele-di-millefiori\/\",\"url\":\"https:\/\/manestrini.it\/miele-di-millefiori\/\",\"name\":\"Wildblumenhonig - Frantoio Manestrini\",\"isPartOf\":{\"@id\":\"https:\/\/manestrini.it\/#website\"},\"primaryImageOfPage\":{\"@id\":\"https:\/\/manestrini.it\/miele-di-millefiori\/#primaryimage\"},\"image\":{\"@id\":\"https:\/\/manestrini.it\/miele-di-millefiori\/#primaryimage\"},\"thumbnailUrl\":\"https:\/\/manestrini.it\/wp-content\/uploads\/2024\/01\/MILLEFIORI.png\",\"datePublished\":\"2024-02-21T08:46:23+00:00\",\"dateModified\":\"2024-02-21T08:46:24+00:00\",\"breadcrumb\":{\"@id\":\"https:\/\/manestrini.it\/miele-di-millefiori\/#breadcrumb\"},\"inLanguage\":\"de\",\"potentialAction\":[{\"@type\":\"ReadAction\",\"target\":[\"https:\/\/manestrini.it\/miele-di-millefiori\/\"]}]},{\"@type\":\"ImageObject\",\"inLanguage\":\"de\",\"@id\":\"https:\/\/manestrini.it\/miele-di-millefiori\/#primaryimage\",\"url\":\"https:\/\/manestrini.it\/wp-content\/uploads\/2024\/01\/MILLEFIORI.png\",\"contentUrl\":\"https:\/\/manestrini.it\/wp-content\/uploads\/2024\/01\/MILLEFIORI.png\",\"width\":950,\"height\":950,\"caption\":\"miele millefiori\"},{\"@type\":\"BreadcrumbList\",\"@id\":\"https:\/\/manestrini.it\/miele-di-millefiori\/#breadcrumb\",\"itemListElement\":[{\"@type\":\"ListItem\",\"position\":1,\"name\":\"Home\",\"item\":\"https:\/\/manestrini.it\/\"},{\"@type\":\"ListItem\",\"position\":2,\"name\":\"Produkte\",\"item\":\"https:\/\/manestrini.it\/prodotti-tipici-lago-di-garda\/\"},{\"@type\":\"ListItem\",\"position\":3,\"name\":\"Wildblumenhonig\"}]},{\"@type\":\"WebSite\",\"@id\":\"https:\/\/manestrini.it\/#website\",\"url\":\"https:\/\/manestrini.it\/\",\"name\":\"Frantoio Manestrini\",\"description\":\"\",\"publisher\":{\"@id\":\"https:\/\/manestrini.it\/#organization\"},\"potentialAction\":[{\"@type\":\"SearchAction\",\"target\":{\"@type\":\"EntryPoint\",\"urlTemplate\":\"https:\/\/manestrini.it\/?s={search_term_string}\"},\"query-input\":{\"@type\":\"PropertyValueSpecification\",\"valueRequired\":true,\"valueName\":\"search_term_string\"}}],\"inLanguage\":\"de\"},{\"@type\":\"Organization\",\"@id\":\"https:\/\/manestrini.it\/#organization\",\"name\":\"Frantoio Manestrini\",\"url\":\"https:\/\/manestrini.it\/\",\"logo\":{\"@type\":\"ImageObject\",\"inLanguage\":\"de\",\"@id\":\"https:\/\/manestrini.it\/#\/schema\/logo\/image\/\",\"url\":\"https:\/\/manestrini.it\/wp-content\/uploads\/2020\/07\/cropped-frantoiomanestrini-logo-400px.png\",\"contentUrl\":\"https:\/\/manestrini.it\/wp-content\/uploads\/2020\/07\/cropped-frantoiomanestrini-logo-400px.png\",\"width\":401,\"height\":548,\"caption\":\"Frantoio Manestrini\"},\"image\":{\"@id\":\"https:\/\/manestrini.it\/#\/schema\/logo\/image\/\"}}]}<\/script>\n<!-- \/ Yoast SEO plugin. -->","yoast_head_json":{"title":"Wildblumenhonig - Frantoio Manestrini","robots":{"index":"index","follow":"follow","max-snippet":"max-snippet:-1","max-image-preview":"max-image-preview:large","max-video-preview":"max-video-preview:-1"},"canonical":"https:\/\/manestrini.it\/miele-di-millefiori\/","og_locale":"de_DE","og_type":"article","og_title":"Wildblumenhonig - Frantoio Manestrini","og_description":"ettogewicht: 500g  Wildblumenhonig ist eine Honigsorte, die aus einer Vielzahl verschiedener Bl\u00fcten und nicht aus einer einzigen Bl\u00fctenart hergestellt wird. Das bedeutet, dass Bienen sich vom Nektar vieler verschiedener Bl\u00fcten ern\u00e4hren und so Honig mit einem komplexen und vielf\u00e4ltigen Geschmack erzeugen. Die Farbe von Wildblumenhonig kann je nach den Bl\u00fcten, von denen er stammt, von golden bis dunkel variieren.","og_url":"https:\/\/manestrini.it\/miele-di-millefiori\/","og_site_name":"Frantoio Manestrini","article_modified_time":"2024-02-21T08:46:24+00:00","og_image":[{"width":950,"height":950,"url":"https:\/\/manestrini.it\/wp-content\/uploads\/2024\/01\/MILLEFIORI.png","type":"image\/png"}],"twitter_card":"summary_large_image","schema":{"@context":"https:\/\/schema.org","@graph":[{"@type":"WebPage","@id":"https:\/\/manestrini.it\/miele-di-millefiori\/","url":"https:\/\/manestrini.it\/miele-di-millefiori\/","name":"Wildblumenhonig - Frantoio Manestrini","isPartOf":{"@id":"https:\/\/manestrini.it\/#website"},"primaryImageOfPage":{"@id":"https:\/\/manestrini.it\/miele-di-millefiori\/#primaryimage"},"image":{"@id":"https:\/\/manestrini.it\/miele-di-millefiori\/#primaryimage"},"thumbnailUrl":"https:\/\/manestrini.it\/wp-content\/uploads\/2024\/01\/MILLEFIORI.png","datePublished":"2024-02-21T08:46:23+00:00","dateModified":"2024-02-21T08:46:24+00:00","breadcrumb":{"@id":"https:\/\/manestrini.it\/miele-di-millefiori\/#breadcrumb"},"inLanguage":"de","potentialAction":[{"@type":"ReadAction","target":["https:\/\/manestrini.it\/miele-di-millefiori\/"]}]},{"@type":"ImageObject","inLanguage":"de","@id":"https:\/\/manestrini.it\/miele-di-millefiori\/#primaryimage","url":"https:\/\/manestrini.it\/wp-content\/uploads\/2024\/01\/MILLEFIORI.png","contentUrl":"https:\/\/manestrini.it\/wp-content\/uploads\/2024\/01\/MILLEFIORI.png","width":950,"height":950,"caption":"miele millefiori"},{"@type":"BreadcrumbList","@id":"https:\/\/manestrini.it\/miele-di-millefiori\/#breadcrumb","itemListElement":[{"@type":"ListItem","position":1,"name":"Home","item":"https:\/\/manestrini.it\/"},{"@type":"ListItem","position":2,"name":"Produkte","item":"https:\/\/manestrini.it\/prodotti-tipici-lago-di-garda\/"},{"@type":"ListItem","position":3,"name":"Wildblumenhonig"}]},{"@type":"WebSite","@id":"https:\/\/manestrini.it\/#website","url":"https:\/\/manestrini.it\/","name":"Frantoio Manestrini","description":"","publisher":{"@id":"https:\/\/manestrini.it\/#organization"},"potentialAction":[{"@type":"SearchAction","target":{"@type":"EntryPoint","urlTemplate":"https:\/\/manestrini.it\/?s={search_term_string}"},"query-input":{"@type":"PropertyValueSpecification","valueRequired":true,"valueName":"search_term_string"}}],"inLanguage":"de"},{"@type":"Organization","@id":"https:\/\/manestrini.it\/#organization","name":"Frantoio Manestrini","url":"https:\/\/manestrini.it\/","logo":{"@type":"ImageObject","inLanguage":"de","@id":"https:\/\/manestrini.it\/#\/schema\/logo\/image\/","url":"https:\/\/manestrini.it\/wp-content\/uploads\/2020\/07\/cropped-frantoiomanestrini-logo-400px.png","contentUrl":"https:\/\/manestrini.it\/wp-content\/uploads\/2020\/07\/cropped-frantoiomanestrini-logo-400px.png","width":401,"height":548,"caption":"Frantoio Manestrini"},"image":{"@id":"https:\/\/manestrini.it\/#\/schema\/logo\/image\/"}}]}},"_links":{"self":[{"href":"https:\/\/manestrini.it\/de\/wp-json\/wp\/v2\/product\/28267","targetHints":{"allow":["GET"]}}],"collection":[{"href":"https:\/\/manestrini.it\/de\/wp-json\/wp\/v2\/product"}],"about":[{"href":"https:\/\/manestrini.it\/de\/wp-json\/wp\/v2\/types\/product"}],"wp:featuredmedia":[{"embeddable":true,"href":"https:\/\/manestrini.it\/de\/wp-json\/wp\/v2\/media\/28265"}],"wp:attachment":[{"href":"https:\/\/manestrini.it\/de\/wp-json\/wp\/v2\/media?parent=28267"}],"wp:term":[{"taxonomy":"product_brand","embeddable":true,"href":"https:\/\/manestrini.it\/de\/wp-json\/wp\/v2\/product_brand?post=28267"},{"taxonomy":"product_cat","embeddable":true,"href":"https:\/\/manestrini.it\/de\/wp-json\/wp\/v2\/product_cat?post=28267"},{"taxonomy":"product_tag","embeddable":true,"href":"https:\/\/manestrini.it\/de\/wp-json\/wp\/v2\/product_tag?post=28267"}],"curies":[{"name":"wp","href":"https:\/\/api.w.org\/{rel}","templated":true}]}}