{"id":23485,"date":"2023-04-22T14:13:48","date_gmt":"2023-04-22T13:13:49","guid":{"rendered":"https:\/\/manestrini.it\/?post_type=product&#038;p=23485"},"modified":"2023-04-22T17:01:06","modified_gmt":"2023-04-22T16:01:06","slug":"balsamico-dressing-von-modena-copia","status":"publish","type":"product","link":"https:\/\/manestrini.it\/de\/balsamico-dressing-von-modena-copia\/","title":{"rendered":"Ros\u00e9 Balsamico-Dressing"},"content":{"rendered":"","protected":false},"excerpt":{"rendered":"<h3>0,250 lt<\/h3>\n<p>Gewonnen aus dem Most von konzentrierten wei\u00dfen Trauben und Lambrusco, gekonnt gemischt mit Weinessig, der lange in Eichenf\u00e4ssern gereift ist, um eine Ros\u00e9farbe zu erhalten. Mit frischen, blumigen und fruchtigen Aromen und Geschmacksrichtungen.<\/p>\n<p><em>Nat\u00fcrlicher Begleiter f\u00fcr Salate und frisches Gem\u00fcse. Er passt hervorragend zu Fischgerichten und wei\u00dfem Fleisch.<\/em><\/p>\n","protected":false},"featured_media":23532,"template":"","meta":{"_acf_changed":false},"product_brand":[],"product_cat":[202],"product_tag":[],"class_list":{"0":"post-23485","1":"product","2":"type-product","3":"status-publish","4":"has-post-thumbnail","6":"product_cat-essig","8":"first","9":"instock","10":"shipping-taxable","11":"purchasable","12":"product-type-variable"},"acf":[],"yoast_head":"<!-- This site is optimized with the Yoast SEO plugin v26.4 - https:\/\/yoast.com\/wordpress\/plugins\/seo\/ -->\n<title>Ros\u00e9 Balsamico-Dressing - Frantoio Manestrini<\/title>\n<meta name=\"robots\" content=\"index, follow, max-snippet:-1, max-image-preview:large, max-video-preview:-1\" \/>\n<link rel=\"canonical\" href=\"https:\/\/manestrini.it\/condimento-balsamico-rosato-250ml\/\" \/>\n<meta property=\"og:locale\" content=\"de_DE\" \/>\n<meta property=\"og:type\" content=\"article\" \/>\n<meta property=\"og:title\" content=\"Ros\u00e9 Balsamico-Dressing - Frantoio Manestrini\" \/>\n<meta property=\"og:description\" content=\"0,250 lt Gewonnen aus dem Most von konzentrierten wei\u00dfen Trauben und Lambrusco, gekonnt gemischt mit Weinessig, der lange in Eichenf\u00e4ssern gereift ist, um eine Ros\u00e9farbe zu erhalten. Mit frischen, blumigen und fruchtigen Aromen und Geschmacksrichtungen.  Nat\u00fcrlicher Begleiter f\u00fcr Salate und frisches Gem\u00fcse. Er passt hervorragend zu Fischgerichten und wei\u00dfem Fleisch.\" \/>\n<meta property=\"og:url\" content=\"https:\/\/manestrini.it\/condimento-balsamico-rosato-250ml\/\" \/>\n<meta property=\"og:site_name\" content=\"Frantoio Manestrini\" \/>\n<meta property=\"article:modified_time\" content=\"2023-04-22T16:01:06+00:00\" \/>\n<meta property=\"og:image\" content=\"https:\/\/manestrini.it\/wp-content\/uploads\/2023\/04\/Balsamico-Rosato-Mane.png\" \/>\n\t<meta property=\"og:image:width\" content=\"950\" \/>\n\t<meta property=\"og:image:height\" content=\"950\" \/>\n\t<meta property=\"og:image:type\" content=\"image\/png\" \/>\n<meta name=\"twitter:card\" content=\"summary_large_image\" \/>\n<script type=\"application\/ld+json\" class=\"yoast-schema-graph\">{\"@context\":\"https:\/\/schema.org\",\"@graph\":[{\"@type\":\"WebPage\",\"@id\":\"https:\/\/manestrini.it\/condimento-balsamico-rosato-250ml\/\",\"url\":\"https:\/\/manestrini.it\/condimento-balsamico-rosato-250ml\/\",\"name\":\"Ros\u00e9 Balsamico-Dressing - Frantoio Manestrini\",\"isPartOf\":{\"@id\":\"https:\/\/manestrini.it\/#website\"},\"primaryImageOfPage\":{\"@id\":\"https:\/\/manestrini.it\/condimento-balsamico-rosato-250ml\/#primaryimage\"},\"image\":{\"@id\":\"https:\/\/manestrini.it\/condimento-balsamico-rosato-250ml\/#primaryimage\"},\"thumbnailUrl\":\"https:\/\/manestrini.it\/wp-content\/uploads\/2023\/04\/Balsamico-Rosato-Mane.png\",\"datePublished\":\"2023-04-22T13:13:49+00:00\",\"dateModified\":\"2023-04-22T16:01:06+00:00\",\"breadcrumb\":{\"@id\":\"https:\/\/manestrini.it\/condimento-balsamico-rosato-250ml\/#breadcrumb\"},\"inLanguage\":\"de\",\"potentialAction\":[{\"@type\":\"ReadAction\",\"target\":[\"https:\/\/manestrini.it\/condimento-balsamico-rosato-250ml\/\"]}]},{\"@type\":\"ImageObject\",\"inLanguage\":\"de\",\"@id\":\"https:\/\/manestrini.it\/condimento-balsamico-rosato-250ml\/#primaryimage\",\"url\":\"https:\/\/manestrini.it\/wp-content\/uploads\/2023\/04\/Balsamico-Rosato-Mane.png\",\"contentUrl\":\"https:\/\/manestrini.it\/wp-content\/uploads\/2023\/04\/Balsamico-Rosato-Mane.png\",\"width\":950,\"height\":950},{\"@type\":\"BreadcrumbList\",\"@id\":\"https:\/\/manestrini.it\/condimento-balsamico-rosato-250ml\/#breadcrumb\",\"itemListElement\":[{\"@type\":\"ListItem\",\"position\":1,\"name\":\"Home\",\"item\":\"https:\/\/manestrini.it\/\"},{\"@type\":\"ListItem\",\"position\":2,\"name\":\"Produkte\",\"item\":\"https:\/\/manestrini.it\/prodotti-tipici-lago-di-garda\/\"},{\"@type\":\"ListItem\",\"position\":3,\"name\":\"Ros\u00e9 Balsamico-Dressing\"}]},{\"@type\":\"WebSite\",\"@id\":\"https:\/\/manestrini.it\/#website\",\"url\":\"https:\/\/manestrini.it\/\",\"name\":\"Frantoio Manestrini\",\"description\":\"\",\"publisher\":{\"@id\":\"https:\/\/manestrini.it\/#organization\"},\"potentialAction\":[{\"@type\":\"SearchAction\",\"target\":{\"@type\":\"EntryPoint\",\"urlTemplate\":\"https:\/\/manestrini.it\/?s={search_term_string}\"},\"query-input\":{\"@type\":\"PropertyValueSpecification\",\"valueRequired\":true,\"valueName\":\"search_term_string\"}}],\"inLanguage\":\"de\"},{\"@type\":\"Organization\",\"@id\":\"https:\/\/manestrini.it\/#organization\",\"name\":\"Frantoio Manestrini\",\"url\":\"https:\/\/manestrini.it\/\",\"logo\":{\"@type\":\"ImageObject\",\"inLanguage\":\"de\",\"@id\":\"https:\/\/manestrini.it\/#\/schema\/logo\/image\/\",\"url\":\"https:\/\/manestrini.it\/wp-content\/uploads\/2020\/07\/cropped-frantoiomanestrini-logo-400px.png\",\"contentUrl\":\"https:\/\/manestrini.it\/wp-content\/uploads\/2020\/07\/cropped-frantoiomanestrini-logo-400px.png\",\"width\":401,\"height\":548,\"caption\":\"Frantoio Manestrini\"},\"image\":{\"@id\":\"https:\/\/manestrini.it\/#\/schema\/logo\/image\/\"}}]}<\/script>\n<!-- \/ Yoast SEO plugin. -->","yoast_head_json":{"title":"Ros\u00e9 Balsamico-Dressing - Frantoio Manestrini","robots":{"index":"index","follow":"follow","max-snippet":"max-snippet:-1","max-image-preview":"max-image-preview:large","max-video-preview":"max-video-preview:-1"},"canonical":"https:\/\/manestrini.it\/condimento-balsamico-rosato-250ml\/","og_locale":"de_DE","og_type":"article","og_title":"Ros\u00e9 Balsamico-Dressing - Frantoio Manestrini","og_description":"0,250 lt Gewonnen aus dem Most von konzentrierten wei\u00dfen Trauben und Lambrusco, gekonnt gemischt mit Weinessig, der lange in Eichenf\u00e4ssern gereift ist, um eine Ros\u00e9farbe zu erhalten. Mit frischen, blumigen und fruchtigen Aromen und Geschmacksrichtungen.  Nat\u00fcrlicher Begleiter f\u00fcr Salate und frisches Gem\u00fcse. Er passt hervorragend zu Fischgerichten und wei\u00dfem Fleisch.","og_url":"https:\/\/manestrini.it\/condimento-balsamico-rosato-250ml\/","og_site_name":"Frantoio Manestrini","article_modified_time":"2023-04-22T16:01:06+00:00","og_image":[{"width":950,"height":950,"url":"https:\/\/manestrini.it\/wp-content\/uploads\/2023\/04\/Balsamico-Rosato-Mane.png","type":"image\/png"}],"twitter_card":"summary_large_image","schema":{"@context":"https:\/\/schema.org","@graph":[{"@type":"WebPage","@id":"https:\/\/manestrini.it\/condimento-balsamico-rosato-250ml\/","url":"https:\/\/manestrini.it\/condimento-balsamico-rosato-250ml\/","name":"Ros\u00e9 Balsamico-Dressing - Frantoio Manestrini","isPartOf":{"@id":"https:\/\/manestrini.it\/#website"},"primaryImageOfPage":{"@id":"https:\/\/manestrini.it\/condimento-balsamico-rosato-250ml\/#primaryimage"},"image":{"@id":"https:\/\/manestrini.it\/condimento-balsamico-rosato-250ml\/#primaryimage"},"thumbnailUrl":"https:\/\/manestrini.it\/wp-content\/uploads\/2023\/04\/Balsamico-Rosato-Mane.png","datePublished":"2023-04-22T13:13:49+00:00","dateModified":"2023-04-22T16:01:06+00:00","breadcrumb":{"@id":"https:\/\/manestrini.it\/condimento-balsamico-rosato-250ml\/#breadcrumb"},"inLanguage":"de","potentialAction":[{"@type":"ReadAction","target":["https:\/\/manestrini.it\/condimento-balsamico-rosato-250ml\/"]}]},{"@type":"ImageObject","inLanguage":"de","@id":"https:\/\/manestrini.it\/condimento-balsamico-rosato-250ml\/#primaryimage","url":"https:\/\/manestrini.it\/wp-content\/uploads\/2023\/04\/Balsamico-Rosato-Mane.png","contentUrl":"https:\/\/manestrini.it\/wp-content\/uploads\/2023\/04\/Balsamico-Rosato-Mane.png","width":950,"height":950},{"@type":"BreadcrumbList","@id":"https:\/\/manestrini.it\/condimento-balsamico-rosato-250ml\/#breadcrumb","itemListElement":[{"@type":"ListItem","position":1,"name":"Home","item":"https:\/\/manestrini.it\/"},{"@type":"ListItem","position":2,"name":"Produkte","item":"https:\/\/manestrini.it\/prodotti-tipici-lago-di-garda\/"},{"@type":"ListItem","position":3,"name":"Ros\u00e9 Balsamico-Dressing"}]},{"@type":"WebSite","@id":"https:\/\/manestrini.it\/#website","url":"https:\/\/manestrini.it\/","name":"Frantoio Manestrini","description":"","publisher":{"@id":"https:\/\/manestrini.it\/#organization"},"potentialAction":[{"@type":"SearchAction","target":{"@type":"EntryPoint","urlTemplate":"https:\/\/manestrini.it\/?s={search_term_string}"},"query-input":{"@type":"PropertyValueSpecification","valueRequired":true,"valueName":"search_term_string"}}],"inLanguage":"de"},{"@type":"Organization","@id":"https:\/\/manestrini.it\/#organization","name":"Frantoio Manestrini","url":"https:\/\/manestrini.it\/","logo":{"@type":"ImageObject","inLanguage":"de","@id":"https:\/\/manestrini.it\/#\/schema\/logo\/image\/","url":"https:\/\/manestrini.it\/wp-content\/uploads\/2020\/07\/cropped-frantoiomanestrini-logo-400px.png","contentUrl":"https:\/\/manestrini.it\/wp-content\/uploads\/2020\/07\/cropped-frantoiomanestrini-logo-400px.png","width":401,"height":548,"caption":"Frantoio Manestrini"},"image":{"@id":"https:\/\/manestrini.it\/#\/schema\/logo\/image\/"}}]}},"_links":{"self":[{"href":"https:\/\/manestrini.it\/de\/wp-json\/wp\/v2\/product\/23485","targetHints":{"allow":["GET"]}}],"collection":[{"href":"https:\/\/manestrini.it\/de\/wp-json\/wp\/v2\/product"}],"about":[{"href":"https:\/\/manestrini.it\/de\/wp-json\/wp\/v2\/types\/product"}],"wp:featuredmedia":[{"embeddable":true,"href":"https:\/\/manestrini.it\/de\/wp-json\/wp\/v2\/media\/23532"}],"wp:attachment":[{"href":"https:\/\/manestrini.it\/de\/wp-json\/wp\/v2\/media?parent=23485"}],"wp:term":[{"taxonomy":"product_brand","embeddable":true,"href":"https:\/\/manestrini.it\/de\/wp-json\/wp\/v2\/product_brand?post=23485"},{"taxonomy":"product_cat","embeddable":true,"href":"https:\/\/manestrini.it\/de\/wp-json\/wp\/v2\/product_cat?post=23485"},{"taxonomy":"product_tag","embeddable":true,"href":"https:\/\/manestrini.it\/de\/wp-json\/wp\/v2\/product_tag?post=23485"}],"curies":[{"name":"wp","href":"https:\/\/api.w.org\/{rel}","templated":true}]}}